{"id":243,"date":"2014-11-07T11:04:39","date_gmt":"2014-11-07T15:04:39","guid":{"rendered":"http:\/\/md.rcm.upr.edu\/micro\/?page_id=243"},"modified":"2024-05-14T09:29:16","modified_gmt":"2024-05-14T13:29:16","slug":"historia-del-departamento-de-microbiologia-y-zoologia-medica","status":"publish","type":"page","link":"https:\/\/md.rcm.upr.edu\/micro\/historia-del-departamento-de-microbiologia-y-zoologia-medica\/","title":{"rendered":"Historia del Departamento de Microbiologia y Zoologia Medica"},"content":{"rendered":"<div class=\"wpb-content-wrapper\"><p>[vc_row][vc_column][vc_column_text css=&#8221;&#8221;]<\/p>\n<h3><strong>2024 Departament<\/strong><\/h3>\n<p>[\/vc_column_text][vc_single_image image=&#8221;2198&#8243; img_size=&#8221;full&#8221; alignment=&#8221;center&#8221; css=&#8221;&#8221;][\/vc_column][\/vc_row][vc_row][vc_column][vc_column_text]<\/p>\n<h3><strong>2021 Mini-Symposium Micro RISE<\/strong><\/h3>\n<p>[\/vc_column_text][vc_media_grid style=&#8221;pagination&#8221; items_per_page=&#8221;6&#8243; arrows_design=&#8221;vc_arrow-icon-arrow_02_left&#8221; arrows_position=&#8221;outside&#8221; arrows_color=&#8221;black&#8221; paging_design=&#8221;square_dots&#8221; grid_id=&#8221;vc_gid:1715693253463-b8254e91-0b6c-0&#8243; include=&#8221;1566,1567,1568,1569,1570,1571,1572,1573,1574,1575,1576,1577,1578,1579,1580,1581,1582,1583,1584,1585,1586,1587,1588,1589,1590,1591,1592,1593,1594&#8243;][\/vc_column][\/vc_row][vc_row][vc_column][vc_column_text]<\/p>\n<h3><strong>2021 Events<\/strong><\/h3>\n<p>[\/vc_column_text][vc_media_grid style=&#8221;pagination&#8221; items_per_page=&#8221;6&#8243; arrows_design=&#8221;vc_arrow-icon-arrow_02_left&#8221; arrows_position=&#8221;outside&#8221; arrows_color=&#8221;black&#8221; paging_design=&#8221;square_dots&#8221; grid_id=&#8221;vc_gid:1715693241493-e24800d8-9ef3-8&#8243; include=&#8221;1537,1538,1539,1540,1541,1542,1543,1544,1545,1546,1547,1548,1549,1550,1551,1552,1553,1554,1555,1556,1557,1558,1559,1560,1561,1562,1563,1564&#8243;][\/vc_column][\/vc_row][vc_row][vc_column][vc_media_grid style=&#8221;pagination&#8221; items_per_page=&#8221;6&#8243; arrows_design=&#8221;vc_arrow-icon-arrow_02_left&#8221; arrows_position=&#8221;outside&#8221; arrows_color=&#8221;black&#8221; paging_design=&#8221;square_dots&#8221; grid_id=&#8221;vc_gid:1715693241493-78211d05-2703-8&#8243; include=&#8221;252,251,250,249,248,247,246,245,244,1242,1243,1244,1245,1246,1247,1248,1249,1250,1251,1252,1253&#8243;][\/vc_column][\/vc_row][vc_row][vc_column][vc_column_text]<\/p>\n<p>[\/vc_column_text][\/vc_column][\/vc_row][vc_row][vc_column][vc_raw_html]JTNDc3R5bGUlM0UlMEEuZW1iZWQtY29udGFpbmVyJTIwJTdCJTBBJTIwJTIwJTIwJTIwcG9zaXRpb24lM0ElMjByZWxhdGl2ZSUzQiUwQSUyMCUyMCUyMCUyMHBhZGRpbmctYm90dG9tJTNBJTIwNTYuMjUlMjUlM0IlMEElMjAlMjAlMjAlMjBoZWlnaHQlM0ElMjAwJTNCJTBBJTIwJTIwJTIwJTIwb3ZlcmZsb3clM0ElMjBoaWRkZW4lM0IlMEElN0QlMEEuZW1iZWQtY29udGFpbmVyJTIwaWZyYW1lJTIwJTdCJTBBJTIwJTIwJTIwJTIwcG9zaXRpb24lM0ElMjBhYnNvbHV0ZSUzQiUwQSUyMCUyMCUyMCUyMHRvcCUzQTAlM0IlMEElMjAlMjAlMjAlMjBsZWZ0JTNBJTIwMCUzQiUwQSUyMCUyMCUyMCUyMHdpZHRoJTNBJTIwMTAwJTI1JTNCJTBBJTIwJTIwJTIwJTIwaGVpZ2h0JTNBJTIwMTAwJTI1JTNCJTBBJTdEJTBBJTNDJTJGc3R5bGUlM0UlMEElM0NkaXYlMjBjbGFzcyUzRCUyMmVtYmVkLWNvbnRhaW5lciUyMiUzRSUwQSUzQ2lmcmFtZSUyMHNyYyUzRCUyMmh0dHBzJTNBJTJGJTJGd3d3LnlvdXR1YmUuY29tJTJGZW1iZWQlMkZ2aDlienpDaWM0USUzRnJlbCUzRDAlMjIlMjBhbGxvdyUzRCUyMmFjY2VsZXJvbWV0ZXIlM0IlMjBhdXRvcGxheSUzQiUyMGVuY3J5cHRlZC1tZWRpYSUzQiUyMGd5cm9zY29wZSUzQiUyMHBpY3R1cmUtaW4tcGljdHVyZSUyMiUyMGFsbG93ZnVsbHNjcmVlbiUyMGZyYW1lYm9yZGVyJTNEJTIyMCUyMiUzRSUzQyUyRmlmcmFtZSUzRSUwQSUzQyUyRmRpdiUzRQ==[\/vc_raw_html][\/vc_column][\/vc_row][vc_row][vc_column][vc_column_text]Conferencia presentada por el Dr. Guillermo J V\u00e1zquez, Director del Departamento de Microbiolog\u00eda y Zoolog\u00eda M\u00e9dica, en la actividad de la Conmemoraci\u00f3n del 50 Aniversario de los Programas Graduados en Ciencias Biom\u00e9dicas, Escuela de Medicina, UPR celebrada el 30 de octubre de 2010 en el Hotel Caribe Hilton, San Juan, PR\u00a0(Video on You Tube\u00a0Published on Jan 28, 2011,\u00a0RCMI Program UPR Medical Sciences Campus).[\/vc_column_text][\/vc_column][\/vc_row]<\/p>\n<\/div>","protected":false},"excerpt":{"rendered":"<p>[vc_row][vc_column][vc_column_text css=&#8221;&#8221;] 2024 Departament [\/vc_column_text][vc_single_image image=&#8221;2198&#8243; img_size=&#8221;full&#8221; alignment=&#8221;center&#8221; css=&#8221;&#8221;][\/vc_column][\/vc_row][vc_row][vc_column][vc_column_text] 2021 Mini-Symposium Micro RISE [\/vc_column_text][vc_media_grid style=&#8221;pagination&#8221; items_per_page=&#8221;6&#8243; arrows_design=&#8221;vc_arrow-icon-arrow_02_left&#8221; arrows_position=&#8221;outside&#8221; arrows_color=&#8221;black&#8221; paging_design=&#8221;square_dots&#8221; grid_id=&#8221;vc_gid:1715693253463-b8254e91-0b6c-0&#8243; include=&#8221;1566,1567,1568,1569,1570,1571,1572,1573,1574,1575,1576,1577,1578,1579,1580,1581,1582,1583,1584,1585,1586,1587,1588,1589,1590,1591,1592,1593,1594&#8243;][\/vc_column][\/vc_row][vc_row][vc_column][vc_column_text] 2021 Events [\/vc_column_text][vc_media_grid style=&#8221;pagination&#8221; items_per_page=&#8221;6&#8243; arrows_design=&#8221;vc_arrow-icon-arrow_02_left&#8221; arrows_position=&#8221;outside&#8221; arrows_color=&#8221;black&#8221; paging_design=&#8221;square_dots&#8221; grid_id=&#8221;vc_gid:1715693241493-e24800d8-9ef3-8&#8243; include=&#8221;1537,1538,1539,1540,1541,1542,1543,1544,1545,1546,1547,1548,1549,1550,1551,1552,1553,1554,1555,1556,1557,1558,1559,1560,1561,1562,1563,1564&#8243;][\/vc_column][\/vc_row][vc_row][vc_column][vc_media_grid style=&#8221;pagination&#8221; items_per_page=&#8221;6&#8243; arrows_design=&#8221;vc_arrow-icon-arrow_02_left&#8221; arrows_position=&#8221;outside&#8221; arrows_color=&#8221;black&#8221; paging_design=&#8221;square_dots&#8221; grid_id=&#8221;vc_gid:1715693241493-78211d05-2703-8&#8243; include=&#8221;252,251,250,249,248,247,246,245,244,1242,1243,1244,1245,1246,1247,1248,1249,1250,1251,1252,1253&#8243;][\/vc_column][\/vc_row][vc_row][vc_column][vc_column_text] [\/vc_column_text][\/vc_column][\/vc_row][vc_row][vc_column][vc_raw_html]JTNDc3R5bGUlM0UlMEEuZW1iZWQtY29udGFpbmVyJTIwJTdCJTBBJTIwJTIwJTIwJTIwcG9zaXRpb24lM0ElMjByZWxhdGl2ZSUzQiUwQSUyMCUyMCUyMCUyMHBhZGRpbmctYm90dG9tJTNBJTIwNTYuMjUlMjUlM0IlMEElMjAlMjAlMjAlMjBoZWlnaHQlM0ElMjAwJTNCJTBBJTIwJTIwJTIwJTIwb3ZlcmZsb3clM0ElMjBoaWRkZW4lM0IlMEElN0QlMEEuZW1iZWQtY29udGFpbmVyJTIwaWZyYW1lJTIwJTdCJTBBJTIwJTIwJTIwJTIwcG9zaXRpb24lM0ElMjBhYnNvbHV0ZSUzQiUwQSUyMCUyMCUyMCUyMHRvcCUzQTAlM0IlMEElMjAlMjAlMjAlMjBsZWZ0JTNBJTIwMCUzQiUwQSUyMCUyMCUyMCUyMHdpZHRoJTNBJTIwMTAwJTI1JTNCJTBBJTIwJTIwJTIwJTIwaGVpZ2h0JTNBJTIwMTAwJTI1JTNCJTBBJTdEJTBBJTNDJTJGc3R5bGUlM0UlMEElM0NkaXYlMjBjbGFzcyUzRCUyMmVtYmVkLWNvbnRhaW5lciUyMiUzRSUwQSUzQ2lmcmFtZSUyMHNyYyUzRCUyMmh0dHBzJTNBJTJGJTJGd3d3LnlvdXR1YmUuY29tJTJGZW1iZWQlMkZ2aDlienpDaWM0USUzRnJlbCUzRDAlMjIlMjBhbGxvdyUzRCUyMmFjY2VsZXJvbWV0ZXIlM0IlMjBhdXRvcGxheSUzQiUyMGVuY3J5cHRlZC1tZWRpYSUzQiUyMGd5cm9zY29wZSUzQiUyMHBpY3R1cmUtaW4tcGljdHVyZSUyMiUyMGFsbG93ZnVsbHNjcmVlbiUyMGZyYW1lYm9yZGVyJTNEJTIyMCUyMiUzRSUzQyUyRmlmcmFtZSUzRSUwQSUzQyUyRmRpdiUzRQ==[\/vc_raw_html][\/vc_column][\/vc_row][vc_row][vc_column][vc_column_text]Conferencia presentada por el Dr. Guillermo J V\u00e1zquez, Director del Departamento de Microbiolog\u00eda y&hellip;<\/p>\n","protected":false},"author":1,"featured_media":0,"parent":0,"menu_order":0,"comment_status":"closed","ping_status":"closed","template":"","meta":{"footnotes":""},"class_list":["post-243","page","type-page","status-publish","hentry","description-off"],"aioseo_notices":[],"_links":{"self":[{"href":"https:\/\/md.rcm.upr.edu\/micro\/wp-json\/wp\/v2\/pages\/243","targetHints":{"allow":["GET"]}}],"collection":[{"href":"https:\/\/md.rcm.upr.edu\/micro\/wp-json\/wp\/v2\/pages"}],"about":[{"href":"https:\/\/md.rcm.upr.edu\/micro\/wp-json\/wp\/v2\/types\/page"}],"author":[{"embeddable":true,"href":"https:\/\/md.rcm.upr.edu\/micro\/wp-json\/wp\/v2\/users\/1"}],"replies":[{"embeddable":true,"href":"https:\/\/md.rcm.upr.edu\/micro\/wp-json\/wp\/v2\/comments?post=243"}],"version-history":[{"count":2,"href":"https:\/\/md.rcm.upr.edu\/micro\/wp-json\/wp\/v2\/pages\/243\/revisions"}],"predecessor-version":[{"id":2199,"href":"https:\/\/md.rcm.upr.edu\/micro\/wp-json\/wp\/v2\/pages\/243\/revisions\/2199"}],"wp:attachment":[{"href":"https:\/\/md.rcm.upr.edu\/micro\/wp-json\/wp\/v2\/media?parent=243"}],"curies":[{"name":"wp","href":"https:\/\/api.w.org\/{rel}","templated":true}]}}