{"id":50,"date":"2018-09-13T18:23:59","date_gmt":"2018-09-13T18:23:59","guid":{"rendered":"https:\/\/md.rcm.upr.edu\/nephrology\/?page_id=50"},"modified":"2018-09-14T13:10:20","modified_gmt":"2018-09-14T13:10:20","slug":"faculty","status":"publish","type":"page","link":"https:\/\/md.rcm.upr.edu\/nephrology\/faculty\/","title":{"rendered":"Faculty"},"content":{"rendered":"<ul>\n<li>Carlos G. Rivera Berm\u00fadez, MD\n<ul>\n<li>Chairman<\/li>\n<\/ul>\n<\/li>\n<li>Ileana Ocasio Mel\u00e9ndez, MD\n<ul>\n<li>Interim Program Director<\/li>\n<\/ul>\n<\/li>\n<li>Francisco M. Joglar Pesquera, MD\n<ul>\n<li>Assistant Director Program<\/li>\n<\/ul>\n<\/li>\n<li>Ivelisse Rivera Borges, MD<\/li>\n<li>Deniz Garc\u00eda de la Rosa, MD<\/li>\n<li>Martin Gorrochategui, MD<\/li>\n<li>F\u00e1tima Cintr\u00f3n Rosa, MD\n<ul>\n<li>Key Faculty<\/li>\n<\/ul>\n<\/li>\n<li>Jos\u00e9 Cangiano, MD\n<ul>\n<li>Research Faculty<\/li>\n<\/ul>\n<\/li>\n<li>Francisco Torre Le\u00f3n, MD<\/li>\n<\/ul>\n","protected":false},"excerpt":{"rendered":"<p>Carlos G. Rivera Berm\u00fadez, MD Chairman Ileana Ocasio Mel\u00e9ndez, MD Interim Program Director Francisco M. Joglar Pesquera, MD Assistant Director Program Ivelisse Rivera Borges, MD Deniz Garc\u00eda de la Rosa, MD Martin Gorrochategui, MD F\u00e1tima Cintr\u00f3n Rosa, MD Key Faculty Jos\u00e9 Cangiano, MD Research Faculty Francisco Torre Le\u00f3n, MD<\/p>\n","protected":false},"author":1,"featured_media":0,"parent":0,"menu_order":0,"comment_status":"closed","ping_status":"closed","template":"","meta":{"footnotes":""},"class_list":["post-50","page","type-page","status-publish","hentry","description-off"],"aioseo_notices":[],"_links":{"self":[{"href":"https:\/\/md.rcm.upr.edu\/nephrology\/wp-json\/wp\/v2\/pages\/50","targetHints":{"allow":["GET"]}}],"collection":[{"href":"https:\/\/md.rcm.upr.edu\/nephrology\/wp-json\/wp\/v2\/pages"}],"about":[{"href":"https:\/\/md.rcm.upr.edu\/nephrology\/wp-json\/wp\/v2\/types\/page"}],"author":[{"embeddable":true,"href":"https:\/\/md.rcm.upr.edu\/nephrology\/wp-json\/wp\/v2\/users\/1"}],"replies":[{"embeddable":true,"href":"https:\/\/md.rcm.upr.edu\/nephrology\/wp-json\/wp\/v2\/comments?post=50"}],"version-history":[{"count":0,"href":"https:\/\/md.rcm.upr.edu\/nephrology\/wp-json\/wp\/v2\/pages\/50\/revisions"}],"wp:attachment":[{"href":"https:\/\/md.rcm.upr.edu\/nephrology\/wp-json\/wp\/v2\/media?parent=50"}],"curies":[{"name":"wp","href":"https:\/\/api.w.org\/{rel}","templated":true}]}}