{"id":179,"date":"2020-03-10T05:13:36","date_gmt":"2020-03-10T05:13:36","guid":{"rendered":"https:\/\/md.rcm.upr.edu\/neurology\/?page_id=179"},"modified":"2025-08-04T07:43:20","modified_gmt":"2025-08-04T11:43:20","slug":"neurology-residents","status":"publish","type":"page","link":"https:\/\/md.rcm.upr.edu\/neurology\/neurology-residents\/","title":{"rendered":"Neurology Residents"},"content":{"rendered":"<div class=\"wpb-content-wrapper\"><p>[vc_row][vc_column][vc_column_text css=&#8221;&#8221;]<\/p>\r\n<p><strong>Seniors 2025 (GRADUADOS)<\/strong><\/p>\r\n<ul>\r\n<li>Bianca M. L\u00f3pez Ortiz<\/li>\r\n<\/ul>\r\n<ul>\r\n<li>Francine L. Tait Avagnina<\/li>\r\n<\/ul>\r\n<ul>\r\n<li>Steven J. Rom\u00e1n Troche<\/li>\r\n<\/ul>\r\n<p><strong>Residentes 2025-26:\u00a0<\/strong><\/p>\r\n<p><strong>PGY4:<\/strong>\u00a0<\/p>\r\n<ul>\r\n<li>Luis J. P\u00e9rez Mel\u00e9ndez<\/li>\r\n<\/ul>\r\n<ul>\r\n<li>Luis G. S\u00e1nchez Rodr\u00edguez<\/li>\r\n<\/ul>\r\n<ul>\r\n<li>Ver\u00f3nica L. Torres Torres- <strong>Chief Resident<\/strong><\/li>\r\n<\/ul>\r\n<p><strong>PGY3:<\/strong><\/p>\r\n<ul>\r\n<li>Edgar A. Castillo Mel\u00e9ndez<\/li>\r\n<\/ul>\r\n<ul>\r\n<li>Mariangely L\u00f3pez Segarra<\/li>\r\n<\/ul>\r\n<ul>\r\n<li>Jose C. Rivera Baig\u00e9s<\/li>\r\n<\/ul>\r\n<p><strong>PGY2:<\/strong><\/p>\r\n<ul>\r\n<li>Sophia I. Hern\u00e1ndez Rodr\u00edguez<\/li>\r\n<\/ul>\r\n<ul>\r\n<li>Julio A. Nieves Soto<\/li>\r\n<\/ul>\r\n<ul>\r\n<li>Caroline Perocier<\/li>\r\n<\/ul>\r\n<p><strong>PGY1<\/strong><\/p>\r\n<ul>\r\n<li>Gabriela S. Betances Arroyo<\/li>\r\n<\/ul>\r\n<ul>\r\n<li>Gladys M. Flores Romero<\/li>\r\n<\/ul>\r\n<ul>\r\n<li>Kidianys M. S\u00e1nchez Ru\u00edz<\/li>\r\n<\/ul>\r\n<p>[\/vc_column_text][\/vc_column][\/vc_row][vc_row][vc_column][vc_column_text]<\/p>\r\n<figure class=\"wp-block-image size-large\"><img loading=\"lazy\" decoding=\"async\" width=\"929\" height=\"707\" class=\"wp-image-545\" src=\"https:\/\/md.rcm.upr.edu\/neurology\/wp-content\/uploads\/sites\/60\/2020\/10\/Capture_2021.jpg\" alt=\"\" srcset=\"https:\/\/md.rcm.upr.edu\/neurology\/wp-content\/uploads\/sites\/60\/2020\/10\/Capture_2021.jpg 929w, https:\/\/md.rcm.upr.edu\/neurology\/wp-content\/uploads\/sites\/60\/2020\/10\/Capture_2021-300x228.jpg 300w, https:\/\/md.rcm.upr.edu\/neurology\/wp-content\/uploads\/sites\/60\/2020\/10\/Capture_2021-768x584.jpg 768w\" sizes=\"auto, (max-width: 929px) 100vw, 929px\" \/><\/figure>\r\n\r\n<p>&nbsp;<\/p>\r\n\r\n<figure class=\"wp-block-image size-large\"><img loading=\"lazy\" decoding=\"async\" width=\"937\" height=\"708\" class=\"wp-image-546\" src=\"https:\/\/md.rcm.upr.edu\/neurology\/wp-content\/uploads\/sites\/60\/2020\/10\/Capture_2022.jpg\" alt=\"\" srcset=\"https:\/\/md.rcm.upr.edu\/neurology\/wp-content\/uploads\/sites\/60\/2020\/10\/Capture_2022.jpg 937w, https:\/\/md.rcm.upr.edu\/neurology\/wp-content\/uploads\/sites\/60\/2020\/10\/Capture_2022-300x227.jpg 300w, https:\/\/md.rcm.upr.edu\/neurology\/wp-content\/uploads\/sites\/60\/2020\/10\/Capture_2022-768x580.jpg 768w\" sizes=\"auto, (max-width: 937px) 100vw, 937px\" \/><\/figure>\r\n\r\n<p>&nbsp;<\/p>\r\n\r\n<figure class=\"wp-block-image size-large\"><img loading=\"lazy\" decoding=\"async\" width=\"939\" height=\"709\" class=\"wp-image-547\" src=\"https:\/\/md.rcm.upr.edu\/neurology\/wp-content\/uploads\/sites\/60\/2020\/10\/Capture_2023.jpg\" alt=\"\" srcset=\"https:\/\/md.rcm.upr.edu\/neurology\/wp-content\/uploads\/sites\/60\/2020\/10\/Capture_2023.jpg 939w, https:\/\/md.rcm.upr.edu\/neurology\/wp-content\/uploads\/sites\/60\/2020\/10\/Capture_2023-300x227.jpg 300w, https:\/\/md.rcm.upr.edu\/neurology\/wp-content\/uploads\/sites\/60\/2020\/10\/Capture_2023-768x580.jpg 768w\" sizes=\"auto, (max-width: 939px) 100vw, 939px\" \/><\/figure>\r\n\r\n<p>&nbsp;<\/p>\r\n\r\n<figure class=\"wp-block-image size-large\"><img loading=\"lazy\" decoding=\"async\" width=\"941\" height=\"709\" class=\"wp-image-548\" src=\"https:\/\/md.rcm.upr.edu\/neurology\/wp-content\/uploads\/sites\/60\/2020\/10\/Capture_2024.jpg\" alt=\"\" srcset=\"https:\/\/md.rcm.upr.edu\/neurology\/wp-content\/uploads\/sites\/60\/2020\/10\/Capture_2024.jpg 941w, https:\/\/md.rcm.upr.edu\/neurology\/wp-content\/uploads\/sites\/60\/2020\/10\/Capture_2024-300x226.jpg 300w, https:\/\/md.rcm.upr.edu\/neurology\/wp-content\/uploads\/sites\/60\/2020\/10\/Capture_2024-768x579.jpg 768w\" sizes=\"auto, (max-width: 941px) 100vw, 941px\" \/><\/figure>\r\n<p>[\/vc_column_text][\/vc_column][\/vc_row]<\/p><\/div>","protected":false},"excerpt":{"rendered":"<p>[vc_row][vc_column][vc_column_text css=&#8221;&#8221;] Seniors 2025 (GRADUADOS) Bianca M. L\u00f3pez Ortiz Francine L. Tait Avagnina Steven J. Rom\u00e1n Troche Residentes 2025-26:\u00a0 PGY4:\u00a0 Luis J. P\u00e9rez Mel\u00e9ndez Luis G. S\u00e1nchez Rodr\u00edguez Ver\u00f3nica L. Torres Torres- Chief Resident PGY3: Edgar A. Castillo Mel\u00e9ndez Mariangely L\u00f3pez Segarra Jose C. Rivera Baig\u00e9s PGY2: Sophia I. Hern\u00e1ndez Rodr\u00edguez Julio A. Nieves Soto&hellip;<\/p>\n","protected":false},"author":1,"featured_media":0,"parent":0,"menu_order":0,"comment_status":"closed","ping_status":"closed","template":"","meta":{"footnotes":""},"class_list":["post-179","page","type-page","status-publish","hentry","description-off"],"aioseo_notices":[],"_links":{"self":[{"href":"https:\/\/md.rcm.upr.edu\/neurology\/wp-json\/wp\/v2\/pages\/179","targetHints":{"allow":["GET"]}}],"collection":[{"href":"https:\/\/md.rcm.upr.edu\/neurology\/wp-json\/wp\/v2\/pages"}],"about":[{"href":"https:\/\/md.rcm.upr.edu\/neurology\/wp-json\/wp\/v2\/types\/page"}],"author":[{"embeddable":true,"href":"https:\/\/md.rcm.upr.edu\/neurology\/wp-json\/wp\/v2\/users\/1"}],"replies":[{"embeddable":true,"href":"https:\/\/md.rcm.upr.edu\/neurology\/wp-json\/wp\/v2\/comments?post=179"}],"version-history":[{"count":2,"href":"https:\/\/md.rcm.upr.edu\/neurology\/wp-json\/wp\/v2\/pages\/179\/revisions"}],"predecessor-version":[{"id":762,"href":"https:\/\/md.rcm.upr.edu\/neurology\/wp-json\/wp\/v2\/pages\/179\/revisions\/762"}],"wp:attachment":[{"href":"https:\/\/md.rcm.upr.edu\/neurology\/wp-json\/wp\/v2\/media?parent=179"}],"curies":[{"name":"wp","href":"https:\/\/api.w.org\/{rel}","templated":true}]}}