{"id":628,"date":"2020-10-08T02:36:33","date_gmt":"2020-10-08T06:36:33","guid":{"rendered":"https:\/\/md.rcm.upr.edu\/neurology\/?page_id=628"},"modified":"2023-09-05T13:08:39","modified_gmt":"2023-09-05T17:08:39","slug":"staff-neurology-division","status":"publish","type":"page","link":"https:\/\/md.rcm.upr.edu\/neurology\/staff-neurology-division\/","title":{"rendered":"Staff:  Neurology Division"},"content":{"rendered":"<div class=\"wpb-content-wrapper\"><p>[vc_row][vc_column][vc_single_image image=&#8221;756&#8243; img_size=&#8221;full&#8221;][vc_column_text]Enid Castillo,<br \/>\nNeurology Division Administrator[\/vc_column_text][vc_column_text]Joan V\u00e1zquez,<br \/>\nNeurology Division Coordinator<\/p>\n<p>Leticia Rodr\u00edguez,<br \/>\nResidency Program Coordinator<\/p>\n<p>Maritza Gonz\u00e1lez, RN,<br \/>\nNeurology Nurse<\/p>\n<p>Maria de los Angeles Rios,<br \/>\nCoding and Billing Services[\/vc_column_text][\/vc_column][\/vc_row][vc_row][vc_column][\/vc_column][\/vc_row]<\/p>\n<\/div>","protected":false},"excerpt":{"rendered":"<p>[vc_row][vc_column][vc_single_image image=&#8221;756&#8243; img_size=&#8221;full&#8221;][vc_column_text]Enid Castillo, Neurology Division Administrator[\/vc_column_text][vc_column_text]Joan V\u00e1zquez, Neurology Division Coordinator Leticia Rodr\u00edguez, Residency Program Coordinator Maritza Gonz\u00e1lez, RN, Neurology Nurse Maria de los Angeles Rios, Coding and Billing Services[\/vc_column_text][\/vc_column][\/vc_row][vc_row][vc_column][\/vc_column][\/vc_row]<\/p>\n","protected":false},"author":1,"featured_media":0,"parent":0,"menu_order":0,"comment_status":"closed","ping_status":"closed","template":"","meta":{"footnotes":""},"class_list":["post-628","page","type-page","status-publish","hentry","description-off"],"aioseo_notices":[],"_links":{"self":[{"href":"https:\/\/md.rcm.upr.edu\/neurology\/wp-json\/wp\/v2\/pages\/628","targetHints":{"allow":["GET"]}}],"collection":[{"href":"https:\/\/md.rcm.upr.edu\/neurology\/wp-json\/wp\/v2\/pages"}],"about":[{"href":"https:\/\/md.rcm.upr.edu\/neurology\/wp-json\/wp\/v2\/types\/page"}],"author":[{"embeddable":true,"href":"https:\/\/md.rcm.upr.edu\/neurology\/wp-json\/wp\/v2\/users\/1"}],"replies":[{"embeddable":true,"href":"https:\/\/md.rcm.upr.edu\/neurology\/wp-json\/wp\/v2\/comments?post=628"}],"version-history":[{"count":0,"href":"https:\/\/md.rcm.upr.edu\/neurology\/wp-json\/wp\/v2\/pages\/628\/revisions"}],"wp:attachment":[{"href":"https:\/\/md.rcm.upr.edu\/neurology\/wp-json\/wp\/v2\/media?parent=628"}],"curies":[{"name":"wp","href":"https:\/\/api.w.org\/{rel}","templated":true}]}}