{"id":85,"date":"2014-07-31T14:46:28","date_gmt":"2014-07-31T18:46:28","guid":{"rendered":"http:\/\/md.rcm.upr.edu\/smod\/?page_id=85"},"modified":"2026-02-27T11:12:36","modified_gmt":"2026-02-27T15:12:36","slug":"buhiti-magazine","status":"publish","type":"page","link":"https:\/\/md.rcm.upr.edu\/oia\/buhiti-magazine\/","title":{"rendered":"Buhiti Magazine"},"content":{"rendered":"<div class=\"wpb-content-wrapper\"><p>[vc_row type=&#8221;vc_default&#8221; css=&#8221;.vc_custom_1768322815966{padding-right: 30px !important;padding-left: 30px !important;}&#8221;][vc_column][vc_column_text css=&#8221;&#8221;]Estas ediciones especiales, que conmemoran los 75 a\u00f1os de historia, es un testimonio de los logros de todos aquellos que han sido parte de esta instituci\u00f3n, y tambi\u00e9n un s\u00edmbolo de la esperanza que ponemos en las manos de las nuevas generaciones. Las futuras generaciones de m\u00e9dicos e investigadores tienen el reto de continuar avanzando, de seguir so\u00f1ando con nuevas formas de sanar y servir, y de mantener el compromiso con la justicia social, la equidad en la salud y el respeto por cada vida humana.<\/p>\n<p>Estoy convencida de que, al igual que nuestros antecesores, ellos tambi\u00e9n dejar\u00e1n su huella, llevando a nuestra Escuela de Medicina a nuevas alturas.<\/p>\n<p>Este es un homenaje a todas las generaciones que han contribuido a lo largo de estos 75 a\u00f1os, y tambi\u00e9n un llamado a todos los que a\u00fan est\u00e1n por venir. Sigamos adelante, con el coraz\u00f3n lleno de gratitud, esperanza y la firme convicci\u00f3n de que, a trav\u00e9s de la educaci\u00f3n, la investigaci\u00f3n y el servicio a los m\u00e1s necesitados, podemos seguir transformando vidas, comunidades y el futuro de Puerto Rico.<\/p>\n<p>&nbsp;<\/p>\n<p>Debora H. Silva D\u00edaz, MD, FAAP, MEd.<br \/>\nDecana<br \/>\nEscuela de Medicina<br \/>\nUniversidad de Puerto Rico[\/vc_column_text][\/vc_column][\/vc_row][vc_row][vc_column width=&#8221;1\/3&#8243;][vc_single_image image=&#8221;5006&#8243; img_size=&#8221;full&#8221; alignment=&#8221;center&#8221; onclick=&#8221;custom_link&#8221; css=&#8221;&#8221; link=&#8221;https:\/\/md.rcm.upr.edu\/oia\/wp-content\/uploads\/sites\/25\/2026\/02\/Buhiti-Feb2026-Vol21num01.pdf&#8221;][vc_column_text css=&#8221;&#8221;]<\/p>\n<p style=\"text-align: center;\">Escuela de Medicina de la UPR: Investigaci\u00f3n, Programas y Talleres Cl\u00ednicos<br \/>\n1975-2000<br \/>\nFebrero 2026<\/p>\n<p>[\/vc_column_text][vc_btn title=&#8221;Descargar&#8221; color=&#8221;black&#8221; size=&#8221;sm&#8221; align=&#8221;center&#8221; css=&#8221;&#8221; link=&#8221;url:https%3A%2F%2Fmd.rcm.upr.edu%2Foia%2Fwp-content%2Fuploads%2Fsites%2F25%2F2026%2F02%2FBuhiti-Feb2026-Vol21num01.pdf&#8221;][\/vc_column][vc_column width=&#8221;1\/3&#8243;][vc_single_image image=&#8221;5000&#8243; img_size=&#8221;full&#8221; alignment=&#8221;center&#8221; onclick=&#8221;custom_link&#8221; css=&#8221;&#8221; link=&#8221;https:\/\/md.rcm.upr.edu\/oia\/wp-content\/uploads\/sites\/25\/2025\/10\/buhiti_1950-1975-v8.pdf&#8221;][vc_column_text css=&#8221;&#8221;]<\/p>\n<p style=\"text-align: center;\">La Escuela de Medicina de la Universidad de Puerto Rico:<br \/>\nSus primeros 25 a\u00f1os de historia<br \/>\nAgosto 2025<\/p>\n<p>[\/vc_column_text][vc_btn title=&#8221;Descargar&#8221; color=&#8221;black&#8221; size=&#8221;sm&#8221; align=&#8221;center&#8221; css=&#8221;&#8221; link=&#8221;url:https%3A%2F%2Fmd.rcm.upr.edu%2Foia%2Fwp-content%2Fuploads%2Fsites%2F25%2F2025%2F10%2Fbuhiti_1950-1975-v8.pdf&#8221;][\/vc_column][vc_column width=&#8221;1\/3&#8243;][vc_single_image image=&#8221;4968&#8243; img_size=&#8221;full&#8221; alignment=&#8221;center&#8221; onclick=&#8221;custom_link&#8221; css=&#8221;&#8221; link=&#8221;https:\/\/md.rcm.upr.edu\/oia\/wp-content\/uploads\/sites\/25\/2025\/04\/Revista-Buhiti-75-Aniversario-web.pdf&#8221;][vc_column_text css=&#8221;&#8221;]<\/p>\n<p style=\"text-align: center;\">Edici\u00f3n Especial<br \/>\n75 Aniversario<br \/>\nAbril 2025<\/p>\n<p>[\/vc_column_text][vc_btn title=&#8221;Descargar&#8221; color=&#8221;black&#8221; size=&#8221;sm&#8221; align=&#8221;center&#8221; css=&#8221;&#8221; link=&#8221;url:https%3A%2F%2Fmd.rcm.upr.edu%2Foia%2Fwp-content%2Fuploads%2Fsites%2F25%2F2025%2F04%2FRevista-Buhiti-75-Aniversario-web.pdf&#8221;][\/vc_column][\/vc_row][vc_row][vc_column][vc_empty_space][\/vc_column][\/vc_row][vc_row][vc_column][\/vc_column][\/vc_row][vc_row][vc_column width=&#8221;1\/5&#8243;][vc_single_image image=&#8221;3290&#8243; img_size=&#8221;full&#8221; alignment=&#8221;center&#8221; onclick=&#8221;custom_link&#8221; css=&#8221;&#8221; link=&#8221;https:\/\/md.rcm.upr.edu\/smod\/wp-content\/uploads\/sites\/25\/2015\/06\/buhiti_2015_abril.pdf&#8221;][vc_column_text css=&#8221;&#8221;]<\/p>\n<p style=\"text-align: center;\">2015<\/p>\n<p>[\/vc_column_text][\/vc_column][vc_column width=&#8221;1\/5&#8243;][vc_single_image image=&#8221;212&#8243; img_size=&#8221;full&#8221; alignment=&#8221;center&#8221; onclick=&#8221;custom_link&#8221; css=&#8221;&#8221; link=&#8221;https:\/\/md.rcm.upr.edu\/smod\/wp-content\/uploads\/sites\/25\/2020\/03\/Buhiti_2014_Vol19_VOL2_02.pdf&#8221;][vc_column_text css=&#8221;&#8221;]<\/p>\n<p style=\"text-align: center;\">Tomo II Agosto 2014<\/p>\n<p>[\/vc_column_text][\/vc_column][vc_column width=&#8221;1\/5&#8243;][vc_single_image image=&#8221;212&#8243; img_size=&#8221;full&#8221; alignment=&#8221;center&#8221; onclick=&#8221;custom_link&#8221; css=&#8221;&#8221; link=&#8221;https:\/\/md.rcm.upr.edu\/smod\/wp-content\/uploads\/sites\/25\/2020\/03\/Buhiti_2014_Agosto_TOMO1_web01.pdf&#8221;][vc_column_text css=&#8221;&#8221;]<\/p>\n<p style=\"text-align: center;\">Tomo I Agosto 2014<\/p>\n<p>[\/vc_column_text][\/vc_column][vc_column width=&#8221;1\/5&#8243;][vc_single_image image=&#8221;86&#8243; img_size=&#8221;full&#8221; alignment=&#8221;center&#8221; onclick=&#8221;custom_link&#8221; css=&#8221;&#8221; link=&#8221;https:\/\/md.rcm.upr.edu\/smod\/wp-content\/uploads\/sites\/25\/2017\/01\/buhiti_2014.pdf&#8221;][vc_column_text css=&#8221;&#8221;]<\/p>\n<p style=\"text-align: center;\">Mayo 2014<\/p>\n<p>[\/vc_column_text][\/vc_column][vc_column width=&#8221;1\/5&#8243;][vc_single_image image=&#8221;87&#8243; img_size=&#8221;full&#8221; alignment=&#8221;center&#8221; onclick=&#8221;custom_link&#8221; css=&#8221;&#8221; link=&#8221;https:\/\/md.rcm.upr.edu\/smod\/wp-content\/uploads\/sites\/25\/2017\/01\/buhiti_2014_01.pdf&#8221;][vc_column_text css=&#8221;&#8221;]<\/p>\n<p style=\"text-align: center;\">Febrero 2014<\/p>\n<p>[\/vc_column_text][\/vc_column][\/vc_row][vc_row][vc_column width=&#8221;1\/5&#8243;][vc_single_image image=&#8221;88&#8243; img_size=&#8221;full&#8221; alignment=&#8221;center&#8221; onclick=&#8221;custom_link&#8221; css=&#8221;&#8221; link=&#8221;https:\/\/md.rcm.upr.edu\/smod\/wp-content\/uploads\/sites\/25\/2017\/01\/buhiti_2013.pdf&#8221;][vc_column_text css=&#8221;&#8221;]<\/p>\n<p style=\"text-align: center;\">2013<\/p>\n<p>[\/vc_column_text][\/vc_column][vc_column width=&#8221;1\/5&#8243;][vc_single_image image=&#8221;89&#8243; img_size=&#8221;full&#8221; alignment=&#8221;center&#8221; onclick=&#8221;custom_link&#8221; css=&#8221;&#8221; link=&#8221;https:\/\/md.rcm.upr.edu\/smod\/wp-content\/uploads\/sites\/25\/2017\/01\/buhiti_2011.pdf&#8221;][vc_column_text css=&#8221;&#8221;]<\/p>\n<p style=\"text-align: center;\">2011<\/p>\n<p>[\/vc_column_text][\/vc_column][vc_column width=&#8221;1\/5&#8243;][vc_single_image image=&#8221;90&#8243; img_size=&#8221;full&#8221; alignment=&#8221;center&#8221; onclick=&#8221;custom_link&#8221; css=&#8221;&#8221; link=&#8221;https:\/\/md.rcm.upr.edu\/smod\/wp-content\/uploads\/sites\/25\/2017\/01\/buiti_2010.pdf&#8221;][vc_column_text css=&#8221;&#8221;]<\/p>\n<p style=\"text-align: center;\">2010<\/p>\n<p>[\/vc_column_text][\/vc_column][vc_column width=&#8221;1\/5&#8243;][vc_single_image image=&#8221;91&#8243; img_size=&#8221;full&#8221; alignment=&#8221;center&#8221; onclick=&#8221;custom_link&#8221; css=&#8221;&#8221; link=&#8221;https:\/\/md.rcm.upr.edu\/smod\/wp-content\/uploads\/sites\/25\/2017\/01\/buhitidic_09.pdf&#8221;][vc_column_text css=&#8221;&#8221;]<\/p>\n<p style=\"text-align: center;\">2009<\/p>\n<p>[\/vc_column_text][\/vc_column][vc_column width=&#8221;1\/5&#8243;][vc_single_image image=&#8221;92&#8243; img_size=&#8221;full&#8221; alignment=&#8221;center&#8221; onclick=&#8221;custom_link&#8221; css=&#8221;&#8221; link=&#8221;https:\/\/md.rcm.upr.edu\/smod\/wp-content\/uploads\/sites\/25\/2017\/01\/buhitidic_08.pdf&#8221;][vc_column_text css=&#8221;&#8221;]<\/p>\n<p style=\"text-align: center;\">2008<\/p>\n<p>[\/vc_column_text][\/vc_column][\/vc_row][vc_row][vc_column width=&#8221;1\/5&#8243;][vc_single_image image=&#8221;93&#8243; img_size=&#8221;full&#8221; alignment=&#8221;center&#8221; onclick=&#8221;custom_link&#8221; css=&#8221;&#8221; link=&#8221;https:\/\/md.rcm.upr.edu\/smod\/wp-content\/uploads\/sites\/25\/2017\/01\/buhitinov_07.pdf&#8221;][vc_column_text css=&#8221;&#8221;]<\/p>\n<p style=\"text-align: center;\">2007<\/p>\n<p>[\/vc_column_text][\/vc_column][vc_column width=&#8221;1\/5&#8243;][vc_single_image image=&#8221;94&#8243; img_size=&#8221;full&#8221; alignment=&#8221;center&#8221; onclick=&#8221;custom_link&#8221; css=&#8221;&#8221; link=&#8221;https:\/\/md.rcm.upr.edu\/smod\/wp-content\/uploads\/sites\/25\/2017\/01\/buhitinov_06.pdf&#8221;][vc_column_text css=&#8221;&#8221;]<\/p>\n<p style=\"text-align: center;\">2006<\/p>\n<p>[\/vc_column_text][\/vc_column][vc_column width=&#8221;1\/5&#8243;][vc_single_image image=&#8221;95&#8243; img_size=&#8221;full&#8221; alignment=&#8221;center&#8221; onclick=&#8221;custom_link&#8221; css=&#8221;&#8221; link=&#8221;https:\/\/md.rcm.upr.edu\/smod\/wp-content\/uploads\/sites\/25\/2017\/01\/buhitijunio_05.pdf&#8221;][vc_column_text css=&#8221;&#8221;]<\/p>\n<p style=\"text-align: center;\">2005<\/p>\n<p>[\/vc_column_text][\/vc_column][vc_column width=&#8221;1\/5&#8243;][vc_single_image image=&#8221;96&#8243; img_size=&#8221;full&#8221; alignment=&#8221;center&#8221; onclick=&#8221;custom_link&#8221; css=&#8221;&#8221; link=&#8221;https:\/\/md.rcm.upr.edu\/smod\/wp-content\/uploads\/sites\/25\/2017\/01\/buhitioct_04.pdf&#8221;][vc_column_text css=&#8221;&#8221;]<\/p>\n<p style=\"text-align: center;\">2004<\/p>\n<p>[\/vc_column_text][\/vc_column][vc_column width=&#8221;1\/5&#8243;][vc_single_image image=&#8221;97&#8243; img_size=&#8221;full&#8221; alignment=&#8221;center&#8221; onclick=&#8221;custom_link&#8221; css=&#8221;&#8221; link=&#8221;https:\/\/md.rcm.upr.edu\/smod\/wp-content\/uploads\/sites\/25\/2017\/01\/buhitioct_03.pdf&#8221;][vc_column_text css=&#8221;&#8221;]<\/p>\n<p style=\"text-align: center;\">2003<\/p>\n<p>[\/vc_column_text][\/vc_column][\/vc_row]<\/p>\n<\/div>","protected":false},"excerpt":{"rendered":"<p>[vc_row type=&#8221;vc_default&#8221; css=&#8221;.vc_custom_1768322815966{padding-right: 30px !important;padding-left: 30px !important;}&#8221;][vc_column][vc_column_text css=&#8221;&#8221;]Estas ediciones especiales, que conmemoran los 75 a\u00f1os de historia, es un testimonio de los logros de todos aquellos que han sido parte de esta instituci\u00f3n, y tambi\u00e9n un s\u00edmbolo de la esperanza que ponemos en las manos de las nuevas generaciones. Las futuras generaciones de m\u00e9dicos e&hellip;<\/p>\n","protected":false},"author":1,"featured_media":5006,"parent":0,"menu_order":0,"comment_status":"closed","ping_status":"closed","template":"","meta":{"footnotes":""},"class_list":["post-85","page","type-page","status-publish","has-post-thumbnail","hentry","description-off"],"aioseo_notices":[],"_links":{"self":[{"href":"https:\/\/md.rcm.upr.edu\/oia\/wp-json\/wp\/v2\/pages\/85","targetHints":{"allow":["GET"]}}],"collection":[{"href":"https:\/\/md.rcm.upr.edu\/oia\/wp-json\/wp\/v2\/pages"}],"about":[{"href":"https:\/\/md.rcm.upr.edu\/oia\/wp-json\/wp\/v2\/types\/page"}],"author":[{"embeddable":true,"href":"https:\/\/md.rcm.upr.edu\/oia\/wp-json\/wp\/v2\/users\/1"}],"replies":[{"embeddable":true,"href":"https:\/\/md.rcm.upr.edu\/oia\/wp-json\/wp\/v2\/comments?post=85"}],"version-history":[{"count":20,"href":"https:\/\/md.rcm.upr.edu\/oia\/wp-json\/wp\/v2\/pages\/85\/revisions"}],"predecessor-version":[{"id":5010,"href":"https:\/\/md.rcm.upr.edu\/oia\/wp-json\/wp\/v2\/pages\/85\/revisions\/5010"}],"wp:featuredmedia":[{"embeddable":true,"href":"https:\/\/md.rcm.upr.edu\/oia\/wp-json\/wp\/v2\/media\/5006"}],"wp:attachment":[{"href":"https:\/\/md.rcm.upr.edu\/oia\/wp-json\/wp\/v2\/media?parent=85"}],"curies":[{"name":"wp","href":"https:\/\/api.w.org\/{rel}","templated":true}]}}