{"id":112,"date":"2014-09-24T13:15:47","date_gmt":"2014-09-24T13:15:47","guid":{"rendered":"http:\/\/md.rcm.upr.edu\/ophthalmology\/?page_id=112"},"modified":"2021-10-12T10:20:54","modified_gmt":"2021-10-12T14:20:54","slug":"comprehensive-ophthalmology","status":"publish","type":"page","link":"https:\/\/md.rcm.upr.edu\/ophthalmology\/comprehensive-ophthalmology\/","title":{"rendered":"Comprehensive Ophthalmology"},"content":{"rendered":"<div class=\"wpb-content-wrapper\"><p>[vc_row][vc_column][vc_column_text]Manuel Garrat\u00f3n, MD<\/p>\n<p>Carmen Henn, MD<\/p>\n<p>Ana Mej\u00edas, MD<\/p>\n<p>Orlando Gonz\u00e1lez, MD<\/p>\n<p>Elsie Ortiz, MD<\/p>\n<p>Nilda P\u00e9rez, MD<\/p>\n<p>Orlando P\u00e9rez, MD<\/p>\n<p>Ian K. Piovanetti, MD<\/p>\n<p>Odalys Mendoza, MD<\/p>\n<p>Priscila Bac\u00f3, MD[\/vc_column_text][\/vc_column][\/vc_row]<\/p>\n<\/div>","protected":false},"excerpt":{"rendered":"<p>[vc_row][vc_column][vc_column_text]Manuel Garrat\u00f3n, MD Carmen Henn, MD Ana Mej\u00edas, MD Orlando Gonz\u00e1lez, MD Elsie Ortiz, MD Nilda P\u00e9rez, MD Orlando P\u00e9rez, MD Ian K. Piovanetti, MD Odalys Mendoza, MD Priscila Bac\u00f3, MD[\/vc_column_text][\/vc_column][\/vc_row]<\/p>\n","protected":false},"author":1,"featured_media":0,"parent":0,"menu_order":0,"comment_status":"closed","ping_status":"closed","template":"","meta":{"footnotes":""},"class_list":["post-112","page","type-page","status-publish","hentry","description-off"],"aioseo_notices":[],"_links":{"self":[{"href":"https:\/\/md.rcm.upr.edu\/ophthalmology\/wp-json\/wp\/v2\/pages\/112","targetHints":{"allow":["GET"]}}],"collection":[{"href":"https:\/\/md.rcm.upr.edu\/ophthalmology\/wp-json\/wp\/v2\/pages"}],"about":[{"href":"https:\/\/md.rcm.upr.edu\/ophthalmology\/wp-json\/wp\/v2\/types\/page"}],"author":[{"embeddable":true,"href":"https:\/\/md.rcm.upr.edu\/ophthalmology\/wp-json\/wp\/v2\/users\/1"}],"replies":[{"embeddable":true,"href":"https:\/\/md.rcm.upr.edu\/ophthalmology\/wp-json\/wp\/v2\/comments?post=112"}],"version-history":[{"count":0,"href":"https:\/\/md.rcm.upr.edu\/ophthalmology\/wp-json\/wp\/v2\/pages\/112\/revisions"}],"wp:attachment":[{"href":"https:\/\/md.rcm.upr.edu\/ophthalmology\/wp-json\/wp\/v2\/media?parent=112"}],"curies":[{"name":"wp","href":"https:\/\/api.w.org\/{rel}","templated":true}]}}