{"id":120,"date":"2014-09-24T13:17:42","date_gmt":"2014-09-24T13:17:42","guid":{"rendered":"http:\/\/md.rcm.upr.edu\/ophthalmology\/?page_id=120"},"modified":"2025-12-01T09:58:41","modified_gmt":"2025-12-01T13:58:41","slug":"oculoplastics-service","status":"publish","type":"page","link":"https:\/\/md.rcm.upr.edu\/ophthalmology\/oculoplastics-service\/","title":{"rendered":"Oculoplastics Service"},"content":{"rendered":"<p>Joseph Campbell, MD<\/p>\n<p>Jos\u00e9 R. Montes, MD<\/p>\n<p>Noel P\u00e9rez, MD<\/p>\n<p>Julio Rodr\u00edguez, MD<\/p>\n","protected":false},"excerpt":{"rendered":"<p>Joseph Campbell, MD Jos\u00e9 R. Montes, MD Noel P\u00e9rez, MD Julio Rodr\u00edguez, MD<\/p>\n","protected":false},"author":1,"featured_media":0,"parent":0,"menu_order":0,"comment_status":"closed","ping_status":"closed","template":"","meta":{"footnotes":""},"class_list":["post-120","page","type-page","status-publish","hentry","description-off"],"aioseo_notices":[],"_links":{"self":[{"href":"https:\/\/md.rcm.upr.edu\/ophthalmology\/wp-json\/wp\/v2\/pages\/120","targetHints":{"allow":["GET"]}}],"collection":[{"href":"https:\/\/md.rcm.upr.edu\/ophthalmology\/wp-json\/wp\/v2\/pages"}],"about":[{"href":"https:\/\/md.rcm.upr.edu\/ophthalmology\/wp-json\/wp\/v2\/types\/page"}],"author":[{"embeddable":true,"href":"https:\/\/md.rcm.upr.edu\/ophthalmology\/wp-json\/wp\/v2\/users\/1"}],"replies":[{"embeddable":true,"href":"https:\/\/md.rcm.upr.edu\/ophthalmology\/wp-json\/wp\/v2\/comments?post=120"}],"version-history":[{"count":1,"href":"https:\/\/md.rcm.upr.edu\/ophthalmology\/wp-json\/wp\/v2\/pages\/120\/revisions"}],"predecessor-version":[{"id":1191,"href":"https:\/\/md.rcm.upr.edu\/ophthalmology\/wp-json\/wp\/v2\/pages\/120\/revisions\/1191"}],"wp:attachment":[{"href":"https:\/\/md.rcm.upr.edu\/ophthalmology\/wp-json\/wp\/v2\/media?parent=120"}],"curies":[{"name":"wp","href":"https:\/\/api.w.org\/{rel}","templated":true}]}}