{"id":22,"date":"2014-07-17T17:41:41","date_gmt":"2014-07-17T17:41:41","guid":{"rendered":"http:\/\/md.rcm.upr.edu\/ophthalmology\/?page_id=22"},"modified":"2025-10-27T12:25:23","modified_gmt":"2025-10-27T16:25:23","slug":"residents","status":"publish","type":"page","link":"https:\/\/md.rcm.upr.edu\/ophthalmology\/residents\/","title":{"rendered":"Residents"},"content":{"rendered":"<div class=\"wpb-content-wrapper\"><p>[vc_row][vc_column]<div id=\"ultimate-heading-31269d065e2897a4\" class=\"uvc-heading ult-adjust-bottom-margin ultimate-heading-31269d065e2897a4 uvc-3890  uvc-heading-default-font-sizes\" data-hspacer=\"no_spacer\"  data-halign=\"left\" style=\"text-align:left\"><div class=\"uvc-heading-spacer no_spacer\" style=\"top\"><\/div><div class=\"uvc-main-heading ult-responsive\"  data-ultimate-target='.uvc-heading.ultimate-heading-31269d065e2897a4 h3'  data-responsive-json-new='{\"font-size\":\"\",\"line-height\":\"\"}' ><h3 style=\"--font-weight:theme;\">Residents<\/h3><\/div><\/div>[vc_empty_space][\/vc_column][\/vc_row][vc_row][vc_column]<div id=\"ultimate-heading-100569d065e289804\" class=\"uvc-heading ult-adjust-bottom-margin ultimate-heading-100569d065e289804 uvc-9617  uvc-heading-default-font-sizes\" data-hspacer=\"no_spacer\"  data-halign=\"left\" style=\"text-align:left\"><div class=\"uvc-heading-spacer no_spacer\" style=\"top\"><\/div><div class=\"uvc-main-heading ult-responsive\"  data-ultimate-target='.uvc-heading.ultimate-heading-100569d065e289804 h3'  data-responsive-json-new='{\"font-size\":\"\",\"line-height\":\"\"}' ><h3 style=\"--font-weight:theme;\">Academic Year 2025-2026<\/h3><\/div><\/div>[vc_empty_space][vc_column_text css=&#8221;&#8221;]<strong>CHIEF RESIDENT<\/strong><\/p>\n<p>Hiram J. Jim\u00e9nez D\u00e1vila, MD<br \/>\nSofia B. Ramos Bartolomei, MD<\/p>\n<p>&nbsp;<\/p>\n<p><strong>RESIDENTS (PGY-4)<\/strong><\/p>\n<p>Hiram J. Jim\u00e9nez D\u00e1vila, MD<br \/>\nSofia B. Ramos Bartolomei, MD<br \/>\nAlexander M. Mel\u00e9ndez Moreno, MD<br \/>\nGabriel A. Guardiola D\u00e1vila, MD<\/p>\n<p><strong>RESIDENTS (PGY-3)<\/strong><\/p>\n<p>Jordan Marcano Anaya, MD<br \/>\nChristian J. Nieves R\u00edos, MD<br \/>\nAmbar M. Lugo Merly, MD<br \/>\nV\u00edctor M. Marrero Bernardo, MD<\/p>\n<p><strong>RESIDENTS (PGY-2)<\/strong><\/p>\n<p>Estefan\u00eda Ram\u00edrez M\u00e1rquez, MD<strong><br \/>\n<\/strong>Natialia C. Gonzalez Gonzalez, MD<br \/>\nGabriela A. Gorbea Fuxench, MD<br \/>\nOrlando G. Gonzalez Martinez, MD<\/p>\n<p><strong>INTERNS (PGY-1)<\/strong><\/p>\n<p>Jos\u00e9 J. L\u00f3pez Fontanet, MD<br \/>\nCamille V\u00e9lez Morell, MD<br \/>\nArmando Ruiz Justiz, MD<br \/>\nMiguel Hernandez Emanuelli, MD<\/p>\n<p><strong>RESEARCH<\/strong><\/p>\n<p>Ricardo A. Murati Calder\u00f3n, MD[\/vc_column_text][\/vc_column][\/vc_row]<\/p>\n<\/div>","protected":false},"excerpt":{"rendered":"<p>[vc_row][vc_column][vc_empty_space][\/vc_column][\/vc_row][vc_row][vc_column][vc_empty_space][vc_column_text css=&#8221;&#8221;]CHIEF RESIDENT Hiram J. Jim\u00e9nez D\u00e1vila, MD Sofia B. Ramos Bartolomei, MD &nbsp; RESIDENTS (PGY-4) Hiram J. Jim\u00e9nez D\u00e1vila, MD Sofia B. Ramos Bartolomei, MD Alexander M. Mel\u00e9ndez Moreno, MD Gabriel A. Guardiola D\u00e1vila, MD RESIDENTS (PGY-3) Jordan Marcano Anaya, MD Christian J. Nieves R\u00edos, MD Ambar M. Lugo Merly, MD V\u00edctor M. Marrero&hellip;<\/p>\n","protected":false},"author":1,"featured_media":0,"parent":0,"menu_order":0,"comment_status":"closed","ping_status":"closed","template":"","meta":{"footnotes":""},"class_list":["post-22","page","type-page","status-publish","hentry","description-off"],"aioseo_notices":[],"_links":{"self":[{"href":"https:\/\/md.rcm.upr.edu\/ophthalmology\/wp-json\/wp\/v2\/pages\/22","targetHints":{"allow":["GET"]}}],"collection":[{"href":"https:\/\/md.rcm.upr.edu\/ophthalmology\/wp-json\/wp\/v2\/pages"}],"about":[{"href":"https:\/\/md.rcm.upr.edu\/ophthalmology\/wp-json\/wp\/v2\/types\/page"}],"author":[{"embeddable":true,"href":"https:\/\/md.rcm.upr.edu\/ophthalmology\/wp-json\/wp\/v2\/users\/1"}],"replies":[{"embeddable":true,"href":"https:\/\/md.rcm.upr.edu\/ophthalmology\/wp-json\/wp\/v2\/comments?post=22"}],"version-history":[{"count":4,"href":"https:\/\/md.rcm.upr.edu\/ophthalmology\/wp-json\/wp\/v2\/pages\/22\/revisions"}],"predecessor-version":[{"id":1183,"href":"https:\/\/md.rcm.upr.edu\/ophthalmology\/wp-json\/wp\/v2\/pages\/22\/revisions\/1183"}],"wp:attachment":[{"href":"https:\/\/md.rcm.upr.edu\/ophthalmology\/wp-json\/wp\/v2\/media?parent=22"}],"curies":[{"name":"wp","href":"https:\/\/api.w.org\/{rel}","templated":true}]}}