{"id":28,"date":"2014-07-17T17:44:00","date_gmt":"2014-07-17T17:44:00","guid":{"rendered":"http:\/\/md.rcm.upr.edu\/ophthalmology\/?page_id=28"},"modified":"2014-07-17T17:44:00","modified_gmt":"2014-07-17T17:44:00","slug":"links","status":"publish","type":"page","link":"https:\/\/md.rcm.upr.edu\/ophthalmology\/links\/","title":{"rendered":"Links"},"content":{"rendered":"<p style=\"text-align: justify;\">OphSource<\/p>\n<p style=\"text-align: justify;\">OphSource portal is designed specifically for ophthalmology professionals. As dynamic as the field of ophthalmology itself, the rich OphSource environment is your gateway to fast, convenient and easy access to a world of information.<\/p>\n<p style=\"text-align: justify;\">url: <a href=\"http:\/\/www.ophsource.org\/\">http:\/\/www.ophsource.org\/<\/a><\/p>\n<p style=\"text-align: justify;\">Internet Ophthalmology<\/p>\n<p style=\"text-align: justify;\">A non-profit organization devoted to the education and training of international eyecare providers.<\/p>\n<p style=\"text-align: justify;\">url: <a href=\"http:\/\/www.ophthal.org\/\">http:\/\/www.ophthal.org\/<\/a><\/p>\n<p style=\"text-align: justify;\">Foundation Fighting Blindness<\/p>\n<p style=\"text-align: justify;\">The urgent mission of The Foundation Fighting Blindness is to drive the research that will provide preventions, treatments and cures for people affected by retinitis pigmentosa, macular degeneration, Usher Syndrome, and the entire spectrum of retinal degenerative diseases.<\/p>\n<p style=\"text-align: justify;\">url: <a href=\"http:\/\/www.blindness.org\/\">http:\/\/www.blindness.org\/<\/a><\/p>\n<p style=\"text-align: justify;\">American Academy of Ophthalmology<\/p>\n<p style=\"text-align: justify;\">The American Academy of Ophthalmology is the largest national membership association of Eye M.D.s. Eye M.D.s are ophthalmologists, medical doctors who provide comprehensive eye care, including medical, surgical and optical care. More than 90 percent of practicing U.S. Eye M.D.s are Academy members, and the Academy has more than 7,000 international members.<\/p>\n<p style=\"text-align: justify;\">url: <a href=\"http:\/\/www.aao.org\/\">http:\/\/www.aao.org\/<\/a><\/p>\n<p style=\"text-align: justify;\">Pan-American Association of Ophthalmology<\/p>\n<p style=\"text-align: justify;\">The Pan-American Association of Ophthalmology is a non-profit organization<br \/>\nwhose mission is the continuing education of ophthalmologists, the prevention of blindness,<br \/>\nand the promotion of scientific and cultural exchange among ophthalmologists in the<br \/>\nWestern Hemisphere and the world.<\/p>\n<p style=\"text-align: justify;\">url: <a href=\"http:\/\/www.paao.org\/\">http:\/\/www.paao.org\/<\/a><\/p>\n<p style=\"text-align: justify;\">David G. Cogan Ophthalmic Pathology Collection<\/p>\n<p style=\"text-align: justify;\">An extensive collection of clinical ophthalmic cases and their pathology for use by researchers and clinicians to aid in preventing, diagnosing, and treating diseases of the eye and visual system.<\/p>\n<p style=\"text-align: justify;\">url: <a href=\"http:\/\/vision4.nei.nih.gov\/Cogan\/index.jsp\">http:\/\/vision4.nei.nih.gov\/Cogan\/index.jsp<\/a><\/p>\n<p style=\"text-align: justify;\">Red Atlas<\/p>\n<p style=\"text-align: justify;\">A free, electronic atlas of eye disorders designed to help Ophthalmologists and Optometrists-in-training learn to identify eye diseases through pattern recognition.<\/p>\n<p style=\"text-align: justify;\">url: <a href=\"http:\/\/www.redatlas.org\/main.htm\">http:\/\/www.redatlas.org\/main.htm<\/a><\/p>\n<p style=\"text-align: justify;\">Sociedad Puertorrique\u00f1a de Oftalmolog\u00eda<\/p>\n<p style=\"text-align: justify;\">La Sociedad Puertorrique\u00f1a de Oftalmolog\u00eda ofrece a su matr\u00edcula oportunidades de educaci\u00f3n continua, desarrollo profesional e individual para mejorar la pr\u00e1ctica de esta especialidad de la medicina. Adem\u00e1s, estimula entre su matr\u00edcula la \u00e9tica profesional y los m\u00e1s honorables valores e integridad en la pr\u00e1ctica m\u00e9dica.<\/p>\n<p style=\"text-align: justify;\">url: <a href=\"http:\/\/www.oftalmologiapr.org\/index.asp\">http:\/\/www.oftalmologiapr.org\/index.asp<\/a><\/p>\n","protected":false},"excerpt":{"rendered":"<p>OphSource OphSource portal is designed specifically for ophthalmology professionals. As dynamic as the field of ophthalmology itself, the rich OphSource environment is your gateway to fast, convenient and easy access to a world of information. url: http:\/\/www.ophsource.org\/ Internet Ophthalmology A non-profit organization devoted to the education and training of international eyecare providers. url: http:\/\/www.ophthal.org\/ Foundation&hellip;<\/p>\n","protected":false},"author":1,"featured_media":0,"parent":0,"menu_order":0,"comment_status":"open","ping_status":"open","template":"","meta":{"footnotes":""},"class_list":["post-28","page","type-page","status-publish","hentry","description-off"],"_links":{"self":[{"href":"https:\/\/md.rcm.upr.edu\/ophthalmology\/wp-json\/wp\/v2\/pages\/28","targetHints":{"allow":["GET"]}}],"collection":[{"href":"https:\/\/md.rcm.upr.edu\/ophthalmology\/wp-json\/wp\/v2\/pages"}],"about":[{"href":"https:\/\/md.rcm.upr.edu\/ophthalmology\/wp-json\/wp\/v2\/types\/page"}],"author":[{"embeddable":true,"href":"https:\/\/md.rcm.upr.edu\/ophthalmology\/wp-json\/wp\/v2\/users\/1"}],"replies":[{"embeddable":true,"href":"https:\/\/md.rcm.upr.edu\/ophthalmology\/wp-json\/wp\/v2\/comments?post=28"}],"version-history":[{"count":0,"href":"https:\/\/md.rcm.upr.edu\/ophthalmology\/wp-json\/wp\/v2\/pages\/28\/revisions"}],"wp:attachment":[{"href":"https:\/\/md.rcm.upr.edu\/ophthalmology\/wp-json\/wp\/v2\/media?parent=28"}],"curies":[{"name":"wp","href":"https:\/\/api.w.org\/{rel}","templated":true}]}}