{"id":149,"date":"2014-07-10T13:08:02","date_gmt":"2014-07-10T17:08:02","guid":{"rendered":"http:\/\/md.rcm.upr.edu\/orthopedic\/?page_id=149"},"modified":"2019-02-15T17:36:32","modified_gmt":"2019-02-15T21:36:32","slug":"facilities","status":"publish","type":"page","link":"https:\/\/md.rcm.upr.edu\/orthopedic\/facilities\/","title":{"rendered":"About Us"},"content":{"rendered":"<div class=\"wpb-content-wrapper\"><p>[vc_row][vc_column][vc_column_text]The Orthopaedic Surgery Residency Program at the University of Puerto Rico was established in 1968 under direction of Dr. An\u00edbal Lugo Lugo.\u00a0 Dr. Rafael Fern\u00e1ndez Feliberti in 1976 became the Chairman and Program Director of Orthopaedics at the University of Puerto Rico. He was followed in 2000 by Dr. Manuel Garc\u00eda Ariz until 2014. Currently Dr. Francisco L\u00f3pez Gonz\u00e1lez is the Chairman and Dr. Antonio Otero L\u00f3pez is the Residency Program Director.<\/p>\n<p>The Orthopaedic Residency Program is an integrated training program based at the Puerto Rico Medical Center (Adult University Hospital, Pediatric Hospital, San Juan Hospital and Oncology Hospital) and five additional participating sites. The sponsoring Institution University of Puerto Rico Medical Sciences Building is adjacent to the Central Building of the Puerto Rico Medical Center.\u00a0 The Basic Science Departments of the Medical School, the offices of our Department and the Orthopedic Learning and Research Surgical Laboratories are all within the same building.<\/p>\n<p>We have an outstanding faculty members committed with the teaching of future orthopaedic surgeons in Puerto Rico.<\/p>\n<div style=\"text-align: center\" align=\"center\"><\/div>\n<p>[\/vc_column_text][vc_single_image image=&#8221;1708&#8243; img_size=&#8221;470&#215;300&#8243; alignment=&#8221;center&#8221;][\/vc_column][\/vc_row]<\/p>\n<\/div>","protected":false},"excerpt":{"rendered":"<p>[vc_row][vc_column][vc_column_text]The Orthopaedic Surgery Residency Program at the University of Puerto Rico was established in 1968 under direction of Dr. An\u00edbal Lugo Lugo.\u00a0 Dr. Rafael Fern\u00e1ndez Feliberti in 1976 became the Chairman and Program Director of Orthopaedics at the University of Puerto Rico. He was followed in 2000 by Dr. Manuel Garc\u00eda Ariz until 2014. Currently&hellip;<\/p>\n","protected":false},"author":1,"featured_media":0,"parent":0,"menu_order":0,"comment_status":"closed","ping_status":"closed","template":"","meta":{"footnotes":""},"class_list":["post-149","page","type-page","status-publish","hentry","description-off"],"aioseo_notices":[],"_links":{"self":[{"href":"https:\/\/md.rcm.upr.edu\/orthopedic\/wp-json\/wp\/v2\/pages\/149","targetHints":{"allow":["GET"]}}],"collection":[{"href":"https:\/\/md.rcm.upr.edu\/orthopedic\/wp-json\/wp\/v2\/pages"}],"about":[{"href":"https:\/\/md.rcm.upr.edu\/orthopedic\/wp-json\/wp\/v2\/types\/page"}],"author":[{"embeddable":true,"href":"https:\/\/md.rcm.upr.edu\/orthopedic\/wp-json\/wp\/v2\/users\/1"}],"replies":[{"embeddable":true,"href":"https:\/\/md.rcm.upr.edu\/orthopedic\/wp-json\/wp\/v2\/comments?post=149"}],"version-history":[{"count":0,"href":"https:\/\/md.rcm.upr.edu\/orthopedic\/wp-json\/wp\/v2\/pages\/149\/revisions"}],"wp:attachment":[{"href":"https:\/\/md.rcm.upr.edu\/orthopedic\/wp-json\/wp\/v2\/media?parent=149"}],"curies":[{"name":"wp","href":"https:\/\/api.w.org\/{rel}","templated":true}]}}