{"id":226,"date":"2014-07-10T13:26:24","date_gmt":"2014-07-10T17:26:24","guid":{"rendered":"http:\/\/md.rcm.upr.edu\/orthopedic\/?page_id=226"},"modified":"2019-10-07T09:42:41","modified_gmt":"2019-10-07T13:42:41","slug":"news","status":"publish","type":"page","link":"https:\/\/md.rcm.upr.edu\/orthopedic\/news\/","title":{"rendered":"News and Events"},"content":{"rendered":"<p><a href=\"https:\/\/www.upr.edu\/ciencias-medicas-celebra-ceremonia-de-distinciones-academicas\/\">Ceremonia de Distinciones Acad\u00e9micas, Dr. Manuel Garc\u00eda Ariz<\/a><strong><br \/>\n<\/strong><\/p>\n<p><a href=\"https:\/\/m.facebook.com\/story.php?story_fbid=1144412022374331&amp;id=338892232926318\">100% de los Residentes graduados de la clase 2018 del Programa de Ortopedia aprueba examen en su primer intento<\/a><\/p>\n<p><a href=\"http:\/\/www.presenciapr.com\/departamento-de-ortopedia-del-hospital-upr-inaugura-servicios-unicos-en-la-isla-de-preservacion-de-caderas-para-ninos\/\">De<\/a><a href=\"http:\/\/www.presenciapr.com\/departamento-de-ortopedia-del-hospital-upr-inaugura-servicios-unicos-en-la-isla-de-preservacion-de-caderas-para-ninos\/\">partamento<\/a><a href=\"http:\/\/www.presenciapr.com\/departamento-de-ortopedia-del-hospital-upr-inaugura-servicios-unicos-en-la-isla-de-preservacion-de-caderas-para-ninos\/\"> de Ortopedia del Hospital UPR inaugura servicios \u00fanicos en la Isla de preservaci\u00f3n de caderas para ni\u00f1os<\/a><\/p>\n<p><a href=\"http:\/\/dialogoupr.com\/residencia-en-ortopedia-del-rcm-celebra-50-aniversario\/\">Residencia en Ortopedia del RCM celebra 50 aniversario<\/a><\/p>\n","protected":false},"excerpt":{"rendered":"<p>Ceremonia de Distinciones Acad\u00e9micas, Dr. Manuel Garc\u00eda Ariz 100% de los Residentes graduados de la clase 2018 del Programa de Ortopedia aprueba examen en su primer intento Departamento de Ortopedia del Hospital UPR inaugura servicios \u00fanicos en la Isla de preservaci\u00f3n de caderas para ni\u00f1os Residencia en Ortopedia del RCM celebra 50 aniversario<\/p>\n","protected":false},"author":1,"featured_media":0,"parent":0,"menu_order":0,"comment_status":"closed","ping_status":"closed","template":"","meta":{"footnotes":""},"class_list":["post-226","page","type-page","status-publish","hentry","description-off"],"aioseo_notices":[],"_links":{"self":[{"href":"https:\/\/md.rcm.upr.edu\/orthopedic\/wp-json\/wp\/v2\/pages\/226","targetHints":{"allow":["GET"]}}],"collection":[{"href":"https:\/\/md.rcm.upr.edu\/orthopedic\/wp-json\/wp\/v2\/pages"}],"about":[{"href":"https:\/\/md.rcm.upr.edu\/orthopedic\/wp-json\/wp\/v2\/types\/page"}],"author":[{"embeddable":true,"href":"https:\/\/md.rcm.upr.edu\/orthopedic\/wp-json\/wp\/v2\/users\/1"}],"replies":[{"embeddable":true,"href":"https:\/\/md.rcm.upr.edu\/orthopedic\/wp-json\/wp\/v2\/comments?post=226"}],"version-history":[{"count":0,"href":"https:\/\/md.rcm.upr.edu\/orthopedic\/wp-json\/wp\/v2\/pages\/226\/revisions"}],"wp:attachment":[{"href":"https:\/\/md.rcm.upr.edu\/orthopedic\/wp-json\/wp\/v2\/media?parent=226"}],"curies":[{"name":"wp","href":"https:\/\/api.w.org\/{rel}","templated":true}]}}