{"id":229,"date":"2014-07-10T13:28:14","date_gmt":"2014-07-10T17:28:14","guid":{"rendered":"http:\/\/md.rcm.upr.edu\/orthopedic\/?page_id=229"},"modified":"2023-08-15T07:10:40","modified_gmt":"2023-08-15T11:10:40","slug":"contact","status":"publish","type":"page","link":"https:\/\/md.rcm.upr.edu\/orthopedic\/contact\/","title":{"rendered":"Contact"},"content":{"rendered":"<div class=\"wpb-content-wrapper\"><p>[vc_row type=&#8221;vc_default&#8221;][vc_column][vc_empty_space][vc_custom_heading text=&#8221;Contact&#8221; use_theme_fonts=&#8221;yes&#8221;][\/vc_column][\/vc_row][vc_row type=&#8221;vc_default&#8221;][vc_column][vc_empty_space][\/vc_column][\/vc_row][vc_row][vc_column][vc_column_text]<strong>Professor and Chairman<br \/>\n<\/strong>Francisco L\u00f3pez-Gonz\u00e1lez, MD, FAAOS<br \/>\n<span style=\"color: #0000ff\"><a style=\"color: #0000ff\" href=\"mailto:francisco.lopez7@upr.edu\">francisco.lopez7@upr.edu<\/a><\/span><\/p>\n<p><strong><br \/>\nAssociate Professor and Residency Program Director<br \/>\n<\/strong>Antonio Otero-L\u00f3pez, MD, FAAOS<br \/>\n<span style=\"color: #0000ff\"><a style=\"color: #0000ff\" href=\"mailto:antonio.otero3@upr.edu\">antonio.otero3@upr.edu<\/a><\/span><\/p>\n<p>&nbsp;<\/p>\n<p><strong>Administrator<br \/>\n<\/strong>Mrs. Claribel Rivera-Torres<br \/>\n<span style=\"color: #0000ff\"><a style=\"color: #0000ff\" href=\"mailto:claribel.rivera5@upr.edu\">claribel.rivera5@upr.edu<\/a><\/span><\/p>\n<p>&nbsp;<\/p>\n<p><strong>Administrative Secretary and Program Coordinator<br \/>\n<\/strong>Ms. Marie A. Calder\u00f3n-Cruz<br \/>\n<span style=\"color: #0000ff\"><a style=\"color: #0000ff\" href=\"mailto:marie.calderon@upr.edu\">marie.calderon@upr.edu<\/a><\/span><\/p>\n<p>&nbsp;<\/p>\n<p><strong>Mailing Address<br \/>\n<\/strong>Department of Surgery-Orthopaedics<br \/>\nUniversity of Puerto Rico School of Medicine<br \/>\nMedical Sciences Campus<br \/>\nPO Box 365067<br \/>\nSan Juan, PR 00936-5067<\/p>\n<p><strong><br \/>\nPhone Number<br \/>\n<\/strong>(787) 764-5095<br \/>\n(787) 758-2525 ext. 1907, 1908<\/p>\n<p><strong><br \/>\nFax Number<br \/>\n<\/strong>(787) 620-0714[\/vc_column_text][\/vc_column][\/vc_row]<\/p>\n<\/div>","protected":false},"excerpt":{"rendered":"<p>[vc_row type=&#8221;vc_default&#8221;][vc_column][vc_empty_space][vc_custom_heading text=&#8221;Contact&#8221; use_theme_fonts=&#8221;yes&#8221;][\/vc_column][\/vc_row][vc_row type=&#8221;vc_default&#8221;][vc_column][vc_empty_space][\/vc_column][\/vc_row][vc_row][vc_column][vc_column_text]Professor and Chairman Francisco L\u00f3pez-Gonz\u00e1lez, MD, FAAOS francisco.lopez7@upr.edu Associate Professor and Residency Program Director Antonio Otero-L\u00f3pez, MD, FAAOS antonio.otero3@upr.edu &nbsp; Administrator Mrs. Claribel Rivera-Torres claribel.rivera5@upr.edu &nbsp; Administrative Secretary and Program Coordinator Ms. Marie A. Calder\u00f3n-Cruz marie.calderon@upr.edu &nbsp; Mailing Address Department of Surgery-Orthopaedics University of Puerto Rico School of Medicine Medical Sciences&hellip;<\/p>\n","protected":false},"author":1,"featured_media":0,"parent":0,"menu_order":0,"comment_status":"closed","ping_status":"closed","template":"","meta":{"footnotes":""},"class_list":["post-229","page","type-page","status-publish","hentry","description-off"],"_links":{"self":[{"href":"https:\/\/md.rcm.upr.edu\/orthopedic\/wp-json\/wp\/v2\/pages\/229","targetHints":{"allow":["GET"]}}],"collection":[{"href":"https:\/\/md.rcm.upr.edu\/orthopedic\/wp-json\/wp\/v2\/pages"}],"about":[{"href":"https:\/\/md.rcm.upr.edu\/orthopedic\/wp-json\/wp\/v2\/types\/page"}],"author":[{"embeddable":true,"href":"https:\/\/md.rcm.upr.edu\/orthopedic\/wp-json\/wp\/v2\/users\/1"}],"replies":[{"embeddable":true,"href":"https:\/\/md.rcm.upr.edu\/orthopedic\/wp-json\/wp\/v2\/comments?post=229"}],"version-history":[{"count":0,"href":"https:\/\/md.rcm.upr.edu\/orthopedic\/wp-json\/wp\/v2\/pages\/229\/revisions"}],"wp:attachment":[{"href":"https:\/\/md.rcm.upr.edu\/orthopedic\/wp-json\/wp\/v2\/media?parent=229"}],"curies":[{"name":"wp","href":"https:\/\/api.w.org\/{rel}","templated":true}]}}