{"id":79,"date":"2014-07-10T12:41:55","date_gmt":"2014-07-10T16:41:55","guid":{"rendered":"http:\/\/md.rcm.upr.edu\/orthopedic\/?page_id=79"},"modified":"2018-10-02T09:29:32","modified_gmt":"2018-10-02T13:29:32","slug":"dr-francisco-lopez-gonzalez-md","status":"publish","type":"page","link":"https:\/\/md.rcm.upr.edu\/orthopedic\/dr-francisco-lopez-gonzalez-md\/","title":{"rendered":"Dr. Francisco L\u00f3pez-Gonz\u00e1lez"},"content":{"rendered":"<h2><strong>Francisco L\u00f3pez-Gonz\u00e1lez, MD, FAAOS<\/strong><em><br \/>\n<\/em><\/h2>\n<p><em><a href=\"https:\/\/md.rcm.upr.edu\/orthopedic\/wp-content\/uploads\/sites\/10\/2018\/08\/lopez-4.jpg\"><img loading=\"lazy\" decoding=\"async\" class=\"alignleft wp-image-1530 \" src=\"https:\/\/md.rcm.upr.edu\/orthopedic\/wp-content\/uploads\/sites\/10\/2018\/08\/lopez-4.jpg\" alt=\"\" width=\"161\" height=\"161\" srcset=\"https:\/\/md.rcm.upr.edu\/orthopedic\/wp-content\/uploads\/sites\/10\/2018\/08\/lopez-4.jpg 1024w, https:\/\/md.rcm.upr.edu\/orthopedic\/wp-content\/uploads\/sites\/10\/2018\/08\/lopez-4-150x150.jpg 150w, https:\/\/md.rcm.upr.edu\/orthopedic\/wp-content\/uploads\/sites\/10\/2018\/08\/lopez-4-300x300.jpg 300w, https:\/\/md.rcm.upr.edu\/orthopedic\/wp-content\/uploads\/sites\/10\/2018\/08\/lopez-4-768x768.jpg 768w\" sizes=\"auto, (max-width: 161px) 100vw, 161px\" \/><\/a><\/em><\/p>\n<p>Professor and Chairman<br \/>\nShoulder and Elbow Surgery Service<\/p>\n<p>&nbsp;<\/p>\n<p>&nbsp;<\/p>\n<p>&nbsp;<\/p>\n<p>&nbsp;<\/p>\n<p><strong><u>Education and Training:<\/u><\/strong><u><\/u><\/p>\n<p>Fellowship:\u00a0 Upper Extremity Reconstructive Surgery at Mayo Clinic, Rochester, MN<br \/>\nResidency:\u00a0 Orthopaedic Residency at UPR School of Medicine<br \/>\nMedical Education:\u00a0 UPR School of Medicine<\/p>\n<p><strong><u><br \/>\nBoard Certification:<\/u><\/strong><\/p>\n<p>Board Certified in Orthopaedic Surgery and Fellow of the American Board of Orthopaedic Surgery<\/p>\n<p><strong><u><br \/>\nRequest an Appointment:<\/u><\/strong><\/p>\n<ul>\n<li>Puerto Rico Medical Center<br \/>\nR\u00edo Piedras, PR<br \/>\n(787) 777-3535, ext. 2104, 2107<\/li>\n<li>Hospital Metropolitano<br \/>\nSan Juan, PR<br \/>\n(787)\u00a0999-8938<\/li>\n<\/ul>\n<p>For more information:\u00a0 <strong><span style=\"text-decoration: underline;color: #0000ff\"><a style=\"color: #0000ff;text-decoration: underline\" href=\"mailto:francisco.lopez7@upr.edu\">francisco.lopez7@upr.edu<\/a><\/span><\/strong><\/p>\n","protected":false},"excerpt":{"rendered":"<p>Francisco L\u00f3pez-Gonz\u00e1lez, MD, FAAOS Professor and Chairman Shoulder and Elbow Surgery Service &nbsp; &nbsp; &nbsp; &nbsp; Education and Training: Fellowship:\u00a0 Upper Extremity Reconstructive Surgery at Mayo Clinic, Rochester, MN Residency:\u00a0 Orthopaedic Residency at UPR School of Medicine Medical Education:\u00a0 UPR School of Medicine Board Certification: Board Certified in Orthopaedic Surgery and Fellow of the American&hellip;<\/p>\n","protected":false},"author":1,"featured_media":0,"parent":0,"menu_order":0,"comment_status":"closed","ping_status":"closed","template":"","meta":{"footnotes":""},"class_list":["post-79","page","type-page","status-publish","hentry","description-off"],"_links":{"self":[{"href":"https:\/\/md.rcm.upr.edu\/orthopedic\/wp-json\/wp\/v2\/pages\/79","targetHints":{"allow":["GET"]}}],"collection":[{"href":"https:\/\/md.rcm.upr.edu\/orthopedic\/wp-json\/wp\/v2\/pages"}],"about":[{"href":"https:\/\/md.rcm.upr.edu\/orthopedic\/wp-json\/wp\/v2\/types\/page"}],"author":[{"embeddable":true,"href":"https:\/\/md.rcm.upr.edu\/orthopedic\/wp-json\/wp\/v2\/users\/1"}],"replies":[{"embeddable":true,"href":"https:\/\/md.rcm.upr.edu\/orthopedic\/wp-json\/wp\/v2\/comments?post=79"}],"version-history":[{"count":0,"href":"https:\/\/md.rcm.upr.edu\/orthopedic\/wp-json\/wp\/v2\/pages\/79\/revisions"}],"wp:attachment":[{"href":"https:\/\/md.rcm.upr.edu\/orthopedic\/wp-json\/wp\/v2\/media?parent=79"}],"curies":[{"name":"wp","href":"https:\/\/api.w.org\/{rel}","templated":true}]}}