{"id":889,"date":"2017-03-02T14:12:01","date_gmt":"2017-03-02T18:12:01","guid":{"rendered":"http:\/\/md.rcm.upr.edu\/pathology\/?page_id=889"},"modified":"2024-01-12T09:22:36","modified_gmt":"2024-01-12T13:22:36","slug":"faculty-team","status":"publish","type":"page","link":"https:\/\/md.rcm.upr.edu\/pathology\/faculty-team\/","title":{"rendered":"Faculty Team"},"content":{"rendered":"<div class=\"wpb-content-wrapper\"><p>[vc_row type=&#8221;vc_default&#8221;][vc_column][vc_custom_heading text=&#8221;Faculty&#8221; use_theme_fonts=&#8221;yes&#8221;][\/vc_column][\/vc_row][vc_row type=&#8221;vc_default&#8221;][vc_column]<style type=\"text\/css\" data-type=\"the7_shortcodes-inline-css\">.dt-team-shortcode.team-masonry-shortcode-id-bb21b9050c65476e93d67d4c7fbe4c85 .team-desc {\n  padding: 0px 0px 0px 0px;\n}\n.dt-team-shortcode.team-masonry-shortcode-id-bb21b9050c65476e93d67d4c7fbe4c85 .team-author-name,\n.dt-team-shortcode.team-masonry-shortcode-id-bb21b9050c65476e93d67d4c7fbe4c85 .team-author-name a {\n  margin-bottom: 0px;\n  font-weight: bold;\n}\n.dt-team-shortcode.team-masonry-shortcode-id-bb21b9050c65476e93d67d4c7fbe4c85 .team-author p {\n  margin-bottom: 10px;\n  font-weight: bold;\n}\n.dt-team-shortcode.team-masonry-shortcode-id-bb21b9050c65476e93d67d4c7fbe4c85  .team-media {\n  padding: 0px 0px 0px 0px;\n}\n.dt-team-shortcode.team-masonry-shortcode-id-bb21b9050c65476e93d67d4c7fbe4c85  .team-media a,\n.dt-team-shortcode.team-masonry-shortcode-id-bb21b9050c65476e93d67d4c7fbe4c85  .team-media > span,\n.dt-team-shortcode.team-masonry-shortcode-id-bb21b9050c65476e93d67d4c7fbe4c85  .team-media img {\n  max-width: 200px;\n}\n.dt-team-shortcode.team-masonry-shortcode-id-bb21b9050c65476e93d67d4c7fbe4c85 .dt-css-grid .team-media img {\n  width: 200px;\n  max-width: 100%;\n}\n.dt-team-shortcode.team-masonry-shortcode-id-bb21b9050c65476e93d67d4c7fbe4c85 .team-content {\n  margin-bottom: 5px;\n}\n.dt-team-shortcode.team-masonry-shortcode-id-bb21b9050c65476e93d67d4c7fbe4c85  .team-media,\n.dt-team-shortcode.team-masonry-shortcode-id-bb21b9050c65476e93d67d4c7fbe4c85  .team-media a.rollover,\n.dt-team-shortcode.team-masonry-shortcode-id-bb21b9050c65476e93d67d4c7fbe4c85  .team-media a.rollover *,\n.dt-team-shortcode.team-masonry-shortcode-id-bb21b9050c65476e93d67d4c7fbe4c85  .team-media img {\n  border-radius: 0px;\n}\n.dt-team-shortcode.team-masonry-shortcode-id-bb21b9050c65476e93d67d4c7fbe4c85 .soc-ico {\n  margin-bottom: 15px;\n}\n.dt-team-shortcode.team-masonry-shortcode-id-bb21b9050c65476e93d67d4c7fbe4c85 .soc-ico a {\n  min-width: 26px;\n  min-height: 26px;\n  font-size: 16px;\n  border-radius: 100px;\n}\n.dt-team-shortcode.team-masonry-shortcode-id-bb21b9050c65476e93d67d4c7fbe4c85 .soc-ico a:not(:last-child) {\n  margin-right: 4px;\n}\n.dt-team-shortcode.team-masonry-shortcode-id-bb21b9050c65476e93d67d4c7fbe4c85 .soc-ico a:before,\n.dt-team-shortcode.team-masonry-shortcode-id-bb21b9050c65476e93d67d4c7fbe4c85 .soc-ico a:after {\n  min-width: 26px;\n  min-height: 26px;\n  padding: inherit;\n}\n.dt-icon-border-on.dt-team-shortcode.team-masonry-shortcode-id-bb21b9050c65476e93d67d4c7fbe4c85 .soc-ico a:before {\n  border: 0px solid transparent;\n}\n.dt-team-shortcode.team-masonry-shortcode-id-bb21b9050c65476e93d67d4c7fbe4c85 .soc-ico a:hover {\n  font-size: 16px;\n}\n#page .dt-team-shortcode.team-masonry-shortcode-id-bb21b9050c65476e93d67d4c7fbe4c85 .soc-ico a:hover .soc-font-icon {\n  color: rgba(255,255,255,0.75);\n  background: none;\n}\n.dt-icon-border-hover-on.dt-team-shortcode.team-masonry-shortcode-id-bb21b9050c65476e93d67d4c7fbe4c85 .soc-ico a:after {\n  border: 0px solid transparent;\n}\n#page .dt-team-shortcode.team-masonry-shortcode-id-bb21b9050c65476e93d67d4c7fbe4c85 .soc-ico a:not(:hover) .soc-font-icon {\n  color: #ffffff;\n  background: none;\n}\n.dt-team-shortcode.team-masonry-shortcode-id-bb21b9050c65476e93d67d4c7fbe4c85 .soc-ico a .soc-font-icon {\n  font-size: 16px;\n}\n.dt-team-shortcode.team-masonry-shortcode-id-bb21b9050c65476e93d67d4c7fbe4c85 .filter-bg-decoration .filter-categories a.act {\n  color: #fff;\n}\n.dt-team-shortcode.team-masonry-shortcode-id-bb21b9050c65476e93d67d4c7fbe4c85:not(.resize-by-browser-width) .dt-css-grid {\n  grid-row-gap: 20px;\n  grid-column-gap: 20px;\n  grid-template-columns: repeat(auto-fill,minmax(,1fr));\n}\n.cssgridlegacy.no-cssgrid .dt-team-shortcode.team-masonry-shortcode-id-bb21b9050c65476e93d67d4c7fbe4c85:not(.resize-by-browser-width) .dt-css-grid,\n.no-cssgridlegacy.no-cssgrid .dt-team-shortcode.team-masonry-shortcode-id-bb21b9050c65476e93d67d4c7fbe4c85:not(.resize-by-browser-width) .dt-css-grid {\n  display: flex;\n  flex-flow: row wrap;\n  margin: -10px;\n}\n.cssgridlegacy.no-cssgrid .dt-team-shortcode.team-masonry-shortcode-id-bb21b9050c65476e93d67d4c7fbe4c85:not(.resize-by-browser-width) .dt-css-grid .wf-cell,\n.no-cssgridlegacy.no-cssgrid .dt-team-shortcode.team-masonry-shortcode-id-bb21b9050c65476e93d67d4c7fbe4c85:not(.resize-by-browser-width) .dt-css-grid .wf-cell {\n  flex: 1 0 ;\n  max-width: 100%;\n  padding: 10px;\n  box-sizing: border-box;\n}\n.dt-team-shortcode.team-masonry-shortcode-id-bb21b9050c65476e93d67d4c7fbe4c85.resize-by-browser-width .dt-css-grid {\n  grid-template-columns: repeat(4,1fr);\n  grid-template-rows: auto;\n  grid-column-gap: 20px;\n  grid-row-gap: 20px;\n}\n.cssgridlegacy.no-cssgrid .dt-team-shortcode.team-masonry-shortcode-id-bb21b9050c65476e93d67d4c7fbe4c85.resize-by-browser-width .dt-css-grid,\n.no-cssgridlegacy.no-cssgrid .dt-team-shortcode.team-masonry-shortcode-id-bb21b9050c65476e93d67d4c7fbe4c85.resize-by-browser-width .dt-css-grid {\n  margin: -10px;\n}\n.cssgridlegacy.no-cssgrid .dt-team-shortcode.team-masonry-shortcode-id-bb21b9050c65476e93d67d4c7fbe4c85.resize-by-browser-width .dt-css-grid .wf-cell,\n.no-cssgridlegacy.no-cssgrid .dt-team-shortcode.team-masonry-shortcode-id-bb21b9050c65476e93d67d4c7fbe4c85.resize-by-browser-width .dt-css-grid .wf-cell {\n  width: 25%;\n  padding: 10px;\n}\n@media screen and (max-width: 1199px) {\n  .dt-team-shortcode.team-masonry-shortcode-id-bb21b9050c65476e93d67d4c7fbe4c85.resize-by-browser-width .dt-css-grid {\n    grid-template-columns: repeat(4,1fr);\n  }\n  .cssgridlegacy.no-cssgrid .dt-team-shortcode.team-masonry-shortcode-id-bb21b9050c65476e93d67d4c7fbe4c85.resize-by-browser-width .dt-css-grid .wf-cell,\n  .no-cssgridlegacy.no-cssgrid .dt-team-shortcode.team-masonry-shortcode-id-bb21b9050c65476e93d67d4c7fbe4c85.resize-by-browser-width .dt-css-grid .wf-cell {\n    width: 25%;\n  }\n}\n@media screen and (max-width: 991px) {\n  .dt-team-shortcode.team-masonry-shortcode-id-bb21b9050c65476e93d67d4c7fbe4c85.resize-by-browser-width .dt-css-grid {\n    grid-template-columns: repeat(2,1fr);\n  }\n  .cssgridlegacy.no-cssgrid .dt-team-shortcode.team-masonry-shortcode-id-bb21b9050c65476e93d67d4c7fbe4c85.resize-by-browser-width .dt-css-grid .wf-cell,\n  .no-cssgridlegacy.no-cssgrid .dt-team-shortcode.team-masonry-shortcode-id-bb21b9050c65476e93d67d4c7fbe4c85.resize-by-browser-width .dt-css-grid .wf-cell {\n    width: 50%;\n  }\n}\n@media screen and (max-width: 767px) {\n  .dt-team-shortcode.team-masonry-shortcode-id-bb21b9050c65476e93d67d4c7fbe4c85.resize-by-browser-width .dt-css-grid {\n    grid-template-columns: repeat(1,1fr);\n  }\n  .cssgridlegacy.no-cssgrid .dt-team-shortcode.team-masonry-shortcode-id-bb21b9050c65476e93d67d4c7fbe4c85.resize-by-browser-width .dt-css-grid .wf-cell,\n  .no-cssgridlegacy.no-cssgrid .dt-team-shortcode.team-masonry-shortcode-id-bb21b9050c65476e93d67d4c7fbe4c85.resize-by-browser-width .dt-css-grid .wf-cell {\n    width: 100%;\n  }\n}<\/style><div class=\"dt-team-masonry-shortcode dt-team-shortcode team-masonry-shortcode-id-bb21b9050c65476e93d67d4c7fbe4c85 loading-effect-none mode-grid jquery-filter content-align-left dt-css-grid-wrap scale-img dt-css-grid-wrap dt-icon-bg-on dt-icon-border-on dt-icon-hover-bg-on dt-icon-border-hover-on move-icons-under-position resize-by-browser-width  \" data-padding=\"10px\" data-cur-page=\"1\" data-post-limit=\"30\" data-pagination-mode=\"pages\" data-desktop-columns-num=\"4\" data-v-tablet-columns-num=\"2\" data-h-tablet-columns-num=\"4\" data-phone-columns-num=\"1\" data-width=\"0px\" data-columns=\"0\"><div class=\"dt-css-grid\" ><div class=\"visible wf-cell category-25\" data-post-id=\"899\" data-date=\"2017-03-02T14:18:37-04:00\" data-name=\"Anarda Gonz\u00e1lez-Rodr\u00edguez, MD, FCAP\"><div class=\"team-container visible post post-899 dt_team type-dt_team status-publish has-post-thumbnail hentry dt_team_category-faculty dt_team_category-25 description-off\"><div class=\"team-media\"><a href=\"https:\/\/md.rcm.upr.edu\/pathology\/dt_team\/anarda-gonzalez-rodriguez-md-fcap\/\" class=\"rollover layzr-bg\"><img decoding=\"async\" class=\"preload-me iso-lazy-load aspect\" src=\"data:image\/svg+xml,%3Csvg%20xmlns%3D&#39;http%3A%2F%2Fwww.w3.org%2F2000%2Fsvg&#39;%20viewBox%3D&#39;0%200%20150%20150&#39;%2F%3E\" data-src=\"https:\/\/md.rcm.upr.edu\/pathology\/wp-content\/uploads\/sites\/2\/2017\/03\/anaida_gonzalez.jpg\" data-srcset=\"https:\/\/md.rcm.upr.edu\/pathology\/wp-content\/uploads\/sites\/2\/2017\/03\/anaida_gonzalez.jpg 150w\" loading=\"eager\" style=\"--ratio: 150 \/ 150\" sizes=\"(max-width: 150px) 100vw, 150px\" width=\"150\" height=\"150\"  title=\"anaida_gonzalez\" alt=\"Dr. Anarda Gonzalez\" \/><\/a><\/div><div class=\"team-desc\"><div class=\"team-author\"><div class=\"team-author-name\"><a href=\"https:\/\/md.rcm.upr.edu\/pathology\/dt_team\/anarda-gonzalez-rodriguez-md-fcap\/\">Anarda Gonz\u00e1lez-Rodr\u00edguez, MD, FCAP<\/a><\/div><p>Professor<\/p><\/div><div class=\"team-content\"><\/div><div class=\"soc-ico\"><a title=\"E-mail\" href=\"mailto:anarda.gonzalez@upr.edu\" target=\"_top\" class=\"mail\"><span class=\"soc-font-icon\"><\/span><span class=\"screen-reader-text\">E-mail<\/span><\/a><\/div><\/div><\/div><\/div><div class=\"visible wf-cell category-25\" data-post-id=\"1010\" data-date=\"2017-03-02T15:24:10-04:00\" data-name=\"Juan L. P\u00e9rez-Berenguer, MD\"><div class=\"team-container visible post post-1010 dt_team type-dt_team status-publish has-post-thumbnail hentry dt_team_category-faculty dt_team_category-25 description-off\"><div class=\"team-media\"><a href=\"https:\/\/md.rcm.upr.edu\/pathology\/dt_team\/juan-l-perez-berenguer-md\/\" class=\"rollover layzr-bg\"><img fetchpriority=\"high\" decoding=\"async\" class=\"preload-me iso-lazy-load aspect\" src=\"data:image\/svg+xml,%3Csvg%20xmlns%3D&#39;http%3A%2F%2Fwww.w3.org%2F2000%2Fsvg&#39;%20viewBox%3D&#39;0%200%20300%20300&#39;%2F%3E\" data-src=\"https:\/\/md.rcm.upr.edu\/pathology\/wp-content\/uploads\/sites\/2\/2017\/03\/man-no-profile-pic.jpg\" data-srcset=\"https:\/\/md.rcm.upr.edu\/pathology\/wp-content\/uploads\/sites\/2\/2017\/03\/man-no-profile-pic.jpg 300w\" loading=\"eager\" style=\"--ratio: 300 \/ 300\" sizes=\"(max-width: 300px) 100vw, 300px\" width=\"300\" height=\"300\"  title=\"man-no-profile-pic\" alt=\"\" \/><\/a><\/div><div class=\"team-desc\"><div class=\"team-author\"><div class=\"team-author-name\"><a href=\"https:\/\/md.rcm.upr.edu\/pathology\/dt_team\/juan-l-perez-berenguer-md\/\">Juan L. P\u00e9rez-Berenguer, MD<\/a><\/div><p>Adjunct Professor<\/p><\/div><div class=\"team-content\"><\/div><div class=\"soc-ico\"><a title=\"E-mail\" href=\"mailto:juan.perez4@upr.edu\" target=\"_top\" class=\"mail\"><span class=\"soc-font-icon\"><\/span><span class=\"screen-reader-text\">E-mail<\/span><\/a><\/div><\/div><\/div><\/div><div class=\"visible wf-cell category-25\" data-post-id=\"995\" data-date=\"2017-03-02T14:34:41-04:00\" data-name=\"Keila L. Rivera-Rom\u00e1n, MD, FCAP, FASCP\"><div class=\"team-container visible post post-995 dt_team type-dt_team status-publish has-post-thumbnail hentry dt_team_category-faculty dt_team_category-25 description-off\"><div class=\"team-media\"><a href=\"https:\/\/md.rcm.upr.edu\/pathology\/dt_team\/keila-l-rivera-roman-md-fcap-fascp\/\" class=\"rollover layzr-bg\"><img decoding=\"async\" class=\"preload-me iso-lazy-load aspect\" src=\"data:image\/svg+xml,%3Csvg%20xmlns%3D&#39;http%3A%2F%2Fwww.w3.org%2F2000%2Fsvg&#39;%20viewBox%3D&#39;0%200%20150%20150&#39;%2F%3E\" data-src=\"https:\/\/md.rcm.upr.edu\/pathology\/wp-content\/uploads\/sites\/2\/2017\/03\/keila_rivera.jpg\" data-srcset=\"https:\/\/md.rcm.upr.edu\/pathology\/wp-content\/uploads\/sites\/2\/2017\/03\/keila_rivera.jpg 150w\" loading=\"eager\" style=\"--ratio: 150 \/ 150\" sizes=\"(max-width: 150px) 100vw, 150px\" width=\"150\" height=\"150\"  title=\"keila_rivera\" alt=\"Dr. Rivera\" \/><\/a><\/div><div class=\"team-desc\"><div class=\"team-author\"><div class=\"team-author-name\"><a href=\"https:\/\/md.rcm.upr.edu\/pathology\/dt_team\/keila-l-rivera-roman-md-fcap-fascp\/\">Keila L. Rivera-Rom\u00e1n, MD, FCAP, FASCP<\/a><\/div><p>Assistant Professor<\/p><\/div><div class=\"team-content\"><\/div><div class=\"soc-ico\"><a title=\"E-mail\" href=\"mailto:keila.rivera11@upr.edu\" target=\"_top\" class=\"mail\"><span class=\"soc-font-icon\"><\/span><span class=\"screen-reader-text\">E-mail<\/span><\/a><\/div><\/div><\/div><\/div><div class=\"visible wf-cell category-25\" data-post-id=\"997\" data-date=\"2017-03-02T14:37:57-04:00\" data-name=\"Mar\u00eda I. Sant\u00e9-P\u00e9rez, MD, FCAP\"><div class=\"team-container visible post post-997 dt_team type-dt_team status-publish has-post-thumbnail hentry dt_team_category-faculty dt_team_category-25 description-off\"><div class=\"team-media\"><a href=\"https:\/\/md.rcm.upr.edu\/pathology\/dt_team\/maria-i-sante-perez-md-fcap\/\" class=\"rollover layzr-bg\"><img decoding=\"async\" class=\"preload-me iso-lazy-load aspect\" src=\"data:image\/svg+xml,%3Csvg%20xmlns%3D&#39;http%3A%2F%2Fwww.w3.org%2F2000%2Fsvg&#39;%20viewBox%3D&#39;0%200%20150%20150&#39;%2F%3E\" data-src=\"https:\/\/md.rcm.upr.edu\/pathology\/wp-content\/uploads\/sites\/2\/2017\/03\/maria_sante.jpg\" data-srcset=\"https:\/\/md.rcm.upr.edu\/pathology\/wp-content\/uploads\/sites\/2\/2017\/03\/maria_sante.jpg 150w\" loading=\"eager\" style=\"--ratio: 150 \/ 150\" sizes=\"(max-width: 150px) 100vw, 150px\" width=\"150\" height=\"150\"  title=\"maria_sante\" alt=\"Dr. Sante\" \/><\/a><\/div><div class=\"team-desc\"><div class=\"team-author\"><div class=\"team-author-name\"><a href=\"https:\/\/md.rcm.upr.edu\/pathology\/dt_team\/maria-i-sante-perez-md-fcap\/\">Mar\u00eda I. Sant\u00e9-P\u00e9rez, MD, FCAP<\/a><\/div><p>Professor and Director\r\n<\/p><\/div><div class=\"team-content\"><\/div><div class=\"soc-ico\"><a title=\"E-mail\" href=\"mailto:maria.sante@upr.edu\" target=\"_top\" class=\"mail\"><span class=\"soc-font-icon\"><\/span><span class=\"screen-reader-text\">E-mail<\/span><\/a><\/div><\/div><\/div><\/div><div class=\"visible wf-cell category-25\" data-post-id=\"999\" data-date=\"2017-03-02T14:47:05-04:00\" data-name=\"Mar\u00eda J. Marcos-Mart\u00ednez, MD, FCAP, FASCP\"><div class=\"team-container visible post post-999 dt_team type-dt_team status-publish has-post-thumbnail hentry dt_team_category-faculty dt_team_category-25 description-off\"><div class=\"team-media\"><a href=\"https:\/\/md.rcm.upr.edu\/pathology\/dt_team\/maria-j-marcos-martinez-md-fcap-fascp\/\" class=\"rollover layzr-bg\"><img decoding=\"async\" class=\"preload-me iso-lazy-load aspect\" src=\"data:image\/svg+xml,%3Csvg%20xmlns%3D&#39;http%3A%2F%2Fwww.w3.org%2F2000%2Fsvg&#39;%20viewBox%3D&#39;0%200%20150%20150&#39;%2F%3E\" data-src=\"https:\/\/md.rcm.upr.edu\/pathology\/wp-content\/uploads\/sites\/2\/2017\/03\/maria_marcos.jpg\" data-srcset=\"https:\/\/md.rcm.upr.edu\/pathology\/wp-content\/uploads\/sites\/2\/2017\/03\/maria_marcos.jpg 150w\" loading=\"eager\" style=\"--ratio: 150 \/ 150\" sizes=\"(max-width: 150px) 100vw, 150px\" width=\"150\" height=\"150\"  title=\"maria_marcos\" alt=\"Dr. Marcos\" \/><\/a><\/div><div class=\"team-desc\"><div class=\"team-author\"><div class=\"team-author-name\"><a href=\"https:\/\/md.rcm.upr.edu\/pathology\/dt_team\/maria-j-marcos-martinez-md-fcap-fascp\/\">Mar\u00eda J. Marcos-Mart\u00ednez, MD, FCAP, FASCP<\/a><\/div><p>Professor<\/p><\/div><div class=\"team-content\"><\/div><div class=\"soc-ico\"><a title=\"E-mail\" href=\"mailto:maria.marcos@upr.edu\" target=\"_top\" class=\"mail\"><span class=\"soc-font-icon\"><\/span><span class=\"screen-reader-text\">E-mail<\/span><\/a><\/div><\/div><\/div><\/div><div class=\"visible wf-cell category-25\" data-post-id=\"1001\" data-date=\"2017-03-02T14:51:41-04:00\" data-name=\"Mar\u00eda S. Correa-Rivas, MD, FCAP\"><div class=\"team-container visible post post-1001 dt_team type-dt_team status-publish has-post-thumbnail hentry dt_team_category-faculty dt_team_category-25 description-off\"><div class=\"team-media\"><a href=\"https:\/\/md.rcm.upr.edu\/pathology\/dt_team\/maria-s-correa-rivas-md-fcap\/\" class=\"rollover layzr-bg\"><img decoding=\"async\" class=\"preload-me iso-lazy-load aspect\" src=\"data:image\/svg+xml,%3Csvg%20xmlns%3D&#39;http%3A%2F%2Fwww.w3.org%2F2000%2Fsvg&#39;%20viewBox%3D&#39;0%200%20150%20150&#39;%2F%3E\" data-src=\"https:\/\/md.rcm.upr.edu\/pathology\/wp-content\/uploads\/sites\/2\/2017\/03\/maria_correa.jpg\" data-srcset=\"https:\/\/md.rcm.upr.edu\/pathology\/wp-content\/uploads\/sites\/2\/2017\/03\/maria_correa.jpg 150w\" loading=\"eager\" style=\"--ratio: 150 \/ 150\" sizes=\"(max-width: 150px) 100vw, 150px\" width=\"150\" height=\"150\"  title=\"maria_correa\" alt=\"Dr. Correa\" \/><\/a><\/div><div class=\"team-desc\"><div class=\"team-author\"><div class=\"team-author-name\"><a href=\"https:\/\/md.rcm.upr.edu\/pathology\/dt_team\/maria-s-correa-rivas-md-fcap\/\">Mar\u00eda S. Correa-Rivas, MD, FCAP<\/a><\/div><p>Professor<\/p><\/div><div class=\"team-content\"><\/div><div class=\"soc-ico\"><a title=\"E-mail\" href=\"mailto:maria.correa6@upr.edu\" target=\"_top\" class=\"mail\"><span class=\"soc-font-icon\"><\/span><span class=\"screen-reader-text\">E-mail<\/span><\/a><\/div><\/div><\/div><\/div><\/div><!-- iso-container|iso-grid --><div class=\"paginator\" role=\"navigation\"><\/div><\/div>[vc_empty_space][\/vc_column][\/vc_row]<\/p>\n<\/div>","protected":false},"excerpt":{"rendered":"<p>[vc_row type=&#8221;vc_default&#8221;][vc_column][vc_custom_heading text=&#8221;Faculty&#8221; use_theme_fonts=&#8221;yes&#8221;][\/vc_column][\/vc_row][vc_row type=&#8221;vc_default&#8221;][vc_column][vc_empty_space][\/vc_column][\/vc_row]<\/p>\n","protected":false},"author":1,"featured_media":0,"parent":0,"menu_order":0,"comment_status":"closed","ping_status":"closed","template":"","meta":{"footnotes":""},"class_list":["post-889","page","type-page","status-publish","hentry","description-off"],"aioseo_notices":[],"_links":{"self":[{"href":"https:\/\/md.rcm.upr.edu\/pathology\/wp-json\/wp\/v2\/pages\/889","targetHints":{"allow":["GET"]}}],"collection":[{"href":"https:\/\/md.rcm.upr.edu\/pathology\/wp-json\/wp\/v2\/pages"}],"about":[{"href":"https:\/\/md.rcm.upr.edu\/pathology\/wp-json\/wp\/v2\/types\/page"}],"author":[{"embeddable":true,"href":"https:\/\/md.rcm.upr.edu\/pathology\/wp-json\/wp\/v2\/users\/1"}],"replies":[{"embeddable":true,"href":"https:\/\/md.rcm.upr.edu\/pathology\/wp-json\/wp\/v2\/comments?post=889"}],"version-history":[{"count":0,"href":"https:\/\/md.rcm.upr.edu\/pathology\/wp-json\/wp\/v2\/pages\/889\/revisions"}],"wp:attachment":[{"href":"https:\/\/md.rcm.upr.edu\/pathology\/wp-json\/wp\/v2\/media?parent=889"}],"curies":[{"name":"wp","href":"https:\/\/api.w.org\/{rel}","templated":true}]}}