{"id":758,"date":"2019-10-22T13:27:39","date_gmt":"2019-10-22T17:27:39","guid":{"rendered":"https:\/\/md.rcm.upr.edu\/ppmi\/?page_id=758"},"modified":"2024-05-16T13:27:17","modified_gmt":"2024-05-16T17:27:17","slug":"citas","status":"publish","type":"page","link":"https:\/\/md.rcm.upr.edu\/ppmi\/citas\/","title":{"rendered":"Citas"},"content":{"rendered":"<div class=\"wpb-content-wrapper\"><p>[vc_row][vc_column][vc_column_text css=&#8221;&#8221;]En La Cl\u00ednica de la Escuela de Medicina, nos esforzamos por hacer que su experiencia de atenci\u00f3n m\u00e9dica sea lo m\u00e1s conveniente y c\u00f3moda posible. Obtenga m\u00e1s informaci\u00f3n sobre qu\u00e9 esperar durante su atenci\u00f3n leyendo las respuestas a las preguntas frecuentes a continuaci\u00f3n.<\/p>\n<p><strong>\u00bfC\u00f3mo programo una cita?<\/strong><\/p>\n<p>Ofrecemos varias formas de solicitar una cita. Puede concertar una cita:<\/p>\n<ul>\n<li>Llamando\u00a0<a href=\"tel:305-243-4000\">al <\/a>787-758-7908,\u00a0 de lunes a viernes de 7:00 a.m. a 5:00 p.m. y s\u00e1bados de 8:00 a.m. a 12:00 p.m., o<\/li>\n<li>Pase por el Departamento de Citas M\u00e9dicas ubicado en el primer piso de la Cl\u00ednica de lunes a viernes de 7:00 a.m. a 3:00 p.m.<\/li>\n<\/ul>\n<p><strong>Importante<\/strong>: Si experimenta s\u00edntomas que son de naturaleza urgente, comun\u00edquese con su m\u00e9dico primario, con el centro de llamadas 911 o pase por la sala de emergencia m\u00e1s cercana.<\/p>\n<p><strong>\u00bfC\u00f3mo cancelo una cita?<\/strong> Debe llamar al menos 24 horas antes de su cita al 787-758-7908 de lunes a viernes de 7:00 a.m. a 5:00 p.m. y s\u00e1bados de 8:00 a.m. a 12:00 p.m.<\/p>\n<p><strong>Normas Generales<\/strong><\/p>\n<ul>\n<li>La Cl\u00ednica de la Escuela de Medicina abre sus puertas de lunes a viernes, excepto d\u00edas feriados.<\/li>\n<li>No se permite fumar dentro de la instalaci\u00f3n y sus alrededores.<\/li>\n<li>Por motivos de seguridad se proh\u00edbe sentarse en el piso y en las escaleras.<\/li>\n<li>No se permite la entrada de pacientes o visitantes vestidos con camisetas sin manga, sandalias playeras, pantalones cortos, trajes de ba\u00f1o o cualquier tipo de vestimenta que so sea aceptada por la administraci\u00f3n de la Cl\u00ednica.<\/li>\n<li>No se permite la entrada de armas de fuego.<\/li>\n<li>No se permite el consumo de alimentos dentro de la Cl\u00ednica.<\/li>\n<li>Esta terminantemente prohibido distribuir literatura de clase alguna, al igual que ventas, colectas, rifas.<\/li>\n<li>No se permite tomar fotograf\u00edas, videos o grabaciones de audio al personal, m\u00e9dicos o relacionadas a los servicios de pacientes, sin el consentimiento del paciente o de la Instituci\u00f3n.<\/li>\n<\/ul>\n<p>Aceptamos la mayor\u00eda de los planes m\u00e9dicos.[\/vc_column_text][\/vc_column][\/vc_row]<\/p>\n<\/div>","protected":false},"excerpt":{"rendered":"<p>[vc_row][vc_column][vc_column_text css=&#8221;&#8221;]En La Cl\u00ednica de la Escuela de Medicina, nos esforzamos por hacer que su experiencia de atenci\u00f3n m\u00e9dica sea lo m\u00e1s conveniente y c\u00f3moda posible. Obtenga m\u00e1s informaci\u00f3n sobre qu\u00e9 esperar durante su atenci\u00f3n leyendo las respuestas a las preguntas frecuentes a continuaci\u00f3n. \u00bfC\u00f3mo programo una cita? Ofrecemos varias formas de solicitar una cita.&hellip;<\/p>\n","protected":false},"author":1,"featured_media":0,"parent":0,"menu_order":0,"comment_status":"closed","ping_status":"closed","template":"","meta":{"footnotes":""},"class_list":["post-758","page","type-page","status-publish","hentry","description-off"],"aioseo_notices":[],"_links":{"self":[{"href":"https:\/\/md.rcm.upr.edu\/ppmi\/wp-json\/wp\/v2\/pages\/758","targetHints":{"allow":["GET"]}}],"collection":[{"href":"https:\/\/md.rcm.upr.edu\/ppmi\/wp-json\/wp\/v2\/pages"}],"about":[{"href":"https:\/\/md.rcm.upr.edu\/ppmi\/wp-json\/wp\/v2\/types\/page"}],"author":[{"embeddable":true,"href":"https:\/\/md.rcm.upr.edu\/ppmi\/wp-json\/wp\/v2\/users\/1"}],"replies":[{"embeddable":true,"href":"https:\/\/md.rcm.upr.edu\/ppmi\/wp-json\/wp\/v2\/comments?post=758"}],"version-history":[{"count":2,"href":"https:\/\/md.rcm.upr.edu\/ppmi\/wp-json\/wp\/v2\/pages\/758\/revisions"}],"predecessor-version":[{"id":872,"href":"https:\/\/md.rcm.upr.edu\/ppmi\/wp-json\/wp\/v2\/pages\/758\/revisions\/872"}],"wp:attachment":[{"href":"https:\/\/md.rcm.upr.edu\/ppmi\/wp-json\/wp\/v2\/media?parent=758"}],"curies":[{"name":"wp","href":"https:\/\/api.w.org\/{rel}","templated":true}]}}