{"id":777,"date":"2019-10-22T13:44:37","date_gmt":"2019-10-22T17:44:37","guid":{"rendered":"https:\/\/md.rcm.upr.edu\/ppmi\/?page_id=777"},"modified":"2024-05-21T12:25:56","modified_gmt":"2024-05-21T16:25:56","slug":"contacto","status":"publish","type":"page","link":"https:\/\/md.rcm.upr.edu\/ppmi\/contacto\/","title":{"rendered":"Contacto"},"content":{"rendered":"<div class=\"wpb-content-wrapper\"><p>[vc_row][vc_column width=&#8221;1\/2&#8243;][vc_column_text css=&#8221;&#8221;]<strong>Direcci\u00f3n F\u00edsica:<\/strong><\/p>\n<p>Plan de Pr\u00e1ctica M\u00e9dica Intramural (PPMI)<br \/>\nUPR-Recinto de Ciencias M\u00e9dicas<br \/>\nEscuela de Medicina<br \/>\nPO Box 29134<br \/>\nSan Juan, PR 00929-0134<\/p>\n<p><strong>Tel\u00e9fonos:<\/strong><\/p>\n<p>Administraci\u00f3n: (787) 758-2525 ext. 1082, 4510, 2381[\/vc_column_text][\/vc_column][vc_column width=&#8221;1\/2&#8243;][vc_single_image image=&#8221;815&#8243; img_size=&#8221;full&#8221; alignment=&#8221;center&#8221;][\/vc_column][\/vc_row][vc_row][vc_column][vc_gmaps link=&#8221;#E-8_JTNDaWZyYW1lJTIwc3JjJTNEJTIyaHR0cHMlM0ElMkYlMkZ3d3cuZ29vZ2xlLmNvbSUyRm1hcHMlMkZlbWJlZCUzRnBiJTNEJTIxMW0xNCUyMTFtOCUyMTFtMyUyMTFkMjMwMC4zNjc4Mjk1NTI5MjM1JTIxMmQtNjYuMDc1NDk5MzgzMzIzNCUyMTNkMTguMzk5OTk3MTY3MzU3NTkzJTIxM20yJTIxMWkxMDI0JTIxMmk3NjglMjE0ZjEzLjElMjEzbTMlMjExbTIlMjExczB4MCUyNTNBMHhhOTJiYWU5NzZmYmU4YjlhJTIxMnNDbCUyNUMzJTI1QURuaWNhJTI1MjBkZSUyNTIwbGElMjUyMEVzY3VlbGElMjUyMGRlJTI1MjBNZWRpY2luYSUyNTJDJTI1MjBDZW50cm8lMjUyMENvbWVyY2lhbCUyNTIwUmVwYXJ0byUyNTIwTWV0cm9wb2xpdGFubyUyNTIwQXZlbmlkYSUyNTIwQW0lMjVDMyUyNUE5cmljbyUyNTIwTWlyYW5kYSUyNTJDJTI1MjBSaW8lMjUyMFBpZWRyYXMlMjE1ZTAlMjEzbTIlMjExc2VuJTIxMnNwciUyMTR2MTU3MTg1MTg1NjkwNiUyMTVtMiUyMTFzZW4lMjEyc3ByJTIyJTIwd2lkdGglM0QlMjI4MDAlMjIlMjBoZWlnaHQlM0QlMjI2MDAlMjIlMjBmcmFtZWJvcmRlciUzRCUyMjAlMjIlMjBzdHlsZSUzRCUyMmJvcmRlciUzQTAlM0IlMjIlMjBhbGxvd2Z1bGxzY3JlZW4lM0QlMjIlMjIlM0UlM0MlMkZpZnJhbWUlM0U=&#8221;][\/vc_column][\/vc_row]<\/p>\n<\/div>","protected":false},"excerpt":{"rendered":"<p>[vc_row][vc_column width=&#8221;1\/2&#8243;][vc_column_text css=&#8221;&#8221;]Direcci\u00f3n F\u00edsica: Plan de Pr\u00e1ctica M\u00e9dica Intramural (PPMI) UPR-Recinto de Ciencias M\u00e9dicas Escuela de Medicina PO Box 29134 San Juan, PR 00929-0134 Tel\u00e9fonos: Administraci\u00f3n: (787) 758-2525 ext. 1082, 4510, 2381[\/vc_column_text][\/vc_column][vc_column width=&#8221;1\/2&#8243;][vc_single_image image=&#8221;815&#8243; img_size=&#8221;full&#8221; alignment=&#8221;center&#8221;][\/vc_column][\/vc_row][vc_row][vc_column][vc_gmaps link=&#8221;#E-8_JTNDaWZyYW1lJTIwc3JjJTNEJTIyaHR0cHMlM0ElMkYlMkZ3d3cuZ29vZ2xlLmNvbSUyRm1hcHMlMkZlbWJlZCUzRnBiJTNEJTIxMW0xNCUyMTFtOCUyMTFtMyUyMTFkMjMwMC4zNjc4Mjk1NTI5MjM1JTIxMmQtNjYuMDc1NDk5MzgzMzIzNCUyMTNkMTguMzk5OTk3MTY3MzU3NTkzJTIxM20yJTIxMWkxMDI0JTIxMmk3NjglMjE0ZjEzLjElMjEzbTMlMjExbTIlMjExczB4MCUyNTNBMHhhOTJiYWU5NzZmYmU4YjlhJTIxMnNDbCUyNUMzJTI1QURuaWNhJTI1MjBkZSUyNTIwbGElMjUyMEVzY3VlbGElMjUyMGRlJTI1MjBNZWRpY2luYSUyNTJDJTI1MjBDZW50cm8lMjUyMENvbWVyY2lhbCUyNTIwUmVwYXJ0byUyNTIwTWV0cm9wb2xpdGFubyUyNTIwQXZlbmlkYSUyNTIwQW0lMjVDMyUyNUE5cmljbyUyNTIwTWlyYW5kYSUyNTJDJTI1MjBSaW8lMjUyMFBpZWRyYXMlMjE1ZTAlMjEzbTIlMjExc2VuJTIxMnNwciUyMTR2MTU3MTg1MTg1NjkwNiUyMTVtMiUyMTFzZW4lMjEyc3ByJTIyJTIwd2lkdGglM0QlMjI4MDAlMjIlMjBoZWlnaHQlM0QlMjI2MDAlMjIlMjBmcmFtZWJvcmRlciUzRCUyMjAlMjIlMjBzdHlsZSUzRCUyMmJvcmRlciUzQTAlM0IlMjIlMjBhbGxvd2Z1bGxzY3JlZW4lM0QlMjIlMjIlM0UlM0MlMkZpZnJhbWUlM0U=&#8221;][\/vc_column][\/vc_row]<\/p>\n","protected":false},"author":1,"featured_media":0,"parent":0,"menu_order":0,"comment_status":"closed","ping_status":"closed","template":"","meta":{"footnotes":""},"class_list":["post-777","page","type-page","status-publish","hentry","description-off"],"aioseo_notices":[],"_links":{"self":[{"href":"https:\/\/md.rcm.upr.edu\/ppmi\/wp-json\/wp\/v2\/pages\/777","targetHints":{"allow":["GET"]}}],"collection":[{"href":"https:\/\/md.rcm.upr.edu\/ppmi\/wp-json\/wp\/v2\/pages"}],"about":[{"href":"https:\/\/md.rcm.upr.edu\/ppmi\/wp-json\/wp\/v2\/types\/page"}],"author":[{"embeddable":true,"href":"https:\/\/md.rcm.upr.edu\/ppmi\/wp-json\/wp\/v2\/users\/1"}],"replies":[{"embeddable":true,"href":"https:\/\/md.rcm.upr.edu\/ppmi\/wp-json\/wp\/v2\/comments?post=777"}],"version-history":[{"count":2,"href":"https:\/\/md.rcm.upr.edu\/ppmi\/wp-json\/wp\/v2\/pages\/777\/revisions"}],"predecessor-version":[{"id":896,"href":"https:\/\/md.rcm.upr.edu\/ppmi\/wp-json\/wp\/v2\/pages\/777\/revisions\/896"}],"wp:attachment":[{"href":"https:\/\/md.rcm.upr.edu\/ppmi\/wp-json\/wp\/v2\/media?parent=777"}],"curies":[{"name":"wp","href":"https:\/\/api.w.org\/{rel}","templated":true}]}}