{"id":865,"date":"2024-05-16T13:21:20","date_gmt":"2024-05-16T17:21:20","guid":{"rendered":"https:\/\/md.rcm.upr.edu\/ppmi\/?page_id=865"},"modified":"2024-05-23T08:13:02","modified_gmt":"2024-05-23T12:13:02","slug":"pacientes-y-visitantes","status":"publish","type":"page","link":"https:\/\/md.rcm.upr.edu\/ppmi\/pacientes-y-visitantes\/","title":{"rendered":"Pacientes y Visitantes"},"content":{"rendered":"<p>El d\u00eda de su visita, llegue a su cita al menos 60 minutos antes para completar toda la documentaci\u00f3n necesaria. Deber\u00e1 registrarse con el guardia de seguridad a la entrada.\u00a0 Estos le dar\u00e1n las indicaciones de donde debe presentarse.\u00a0 Adem\u00e1s, tenga en cuenta que algunas visitas, como evaluaciones y consultas iniciales, pueden durar hasta una hora o m\u00e1s. Esto garantiza que reciba el diagn\u00f3stico m\u00e1s preciso posible y un plan de atenci\u00f3n basado en su caso espec\u00edfico.<\/p>\n<p><strong>Para pacientes que van a Cirug\u00eda Ambulatoria:<\/strong><\/p>\n<ul>\n<li><strong>Registro:<\/strong>Debe registrarse tanto en la entrada con el guardia de seguridad como en la recepci\u00f3n.<\/li>\n<li><strong>Preparaci\u00f3n:<\/strong>Cuando la enfermera le llame, ser\u00e1 dirigido al \u00e1rea de preparaci\u00f3n.<\/li>\n<li><strong>Pertenencias:<\/strong>Sus pertenencias ser\u00e1n entregadas a su acompa\u00f1ante.<\/li>\n<li><strong>Asistencia:<\/strong>Si necesita ayuda para cambiarse, su acompa\u00f1ante podr\u00e1 asistirle.<\/li>\n<li><strong>Identificaci\u00f3n:<\/strong>Todos los miembros del equipo de La Cl\u00ednica de la Escuela de Medicina (CEM) que intervengan en su cuidado se identificar\u00e1n ante usted.<\/li>\n<li><strong>Informaci\u00f3n Importante<\/strong>: Notifique a alg\u00fan miembro del equipo de La Cl\u00ednica de la Escuela de Medicina (CEM) si sospecha que podr\u00eda estar embarazada.<\/li>\n<\/ul>\n<p>Se le informa que esta entidad es una instituci\u00f3n de ense\u00f1anza. Por lo tanto, es posible que residentes y\/o estudiantes de pr\u00e1ctica est\u00e9n presentes durante su atenci\u00f3n. Estos podr\u00e1n participar en la evaluaci\u00f3n, elaboraci\u00f3n del diagn\u00f3stico, y desarrollo del plan de tratamiento, siempre bajo la estricta supervisi\u00f3n de un facultativo del programa.<\/p>\n<p><strong>Traiga su informaci\u00f3n de salud<\/strong><br \/>\nPara el d\u00eda de su visita, debe asegur\u00e1ndose de que toda su informaci\u00f3n de atenci\u00f3n m\u00e9dica y notas personales est\u00e9n organizadas.<\/p>\n<p>Coloque lo siguiente en un cuaderno o carpeta para llevarlo consigo en su primera visita:<\/p>\n<ul>\n<li>Alergias que tienes<\/li>\n<li>Copias de los resultados de las pruebas o informes de laboratorio (puede solicitarlos a su m\u00e9dico)<\/li>\n<li>Fechas y lugares de cualquier cirug\u00eda o procedimiento.<\/li>\n<li>Fechas en las que fue tratado y d\u00f3nde<\/li>\n<li>Fechas en que comenzaron sus problemas de salud<\/li>\n<li>Detalles del historial m\u00e9dico familiar (condiciones que sus padres, abuelos o hermanos tienen o tuvieron)<\/li>\n<li>Medicamentos que est\u00e1 tomando y las condiciones para las que se le recetaron<\/li>\n<li>Notas sobre su historial de salud personal<\/li>\n<li>Suplementos (medicamentos, hierbas o vitaminas de venta libre) que est\u00e9 tomando<\/li>\n<li>S\u00edntomas que ha experimentado antes de esta visita<\/li>\n<li>Vacunas que ha recibido, cu\u00e1ndo y d\u00f3nde<\/li>\n<\/ul>\n<p><strong>Traiga sus preguntas<\/strong><br \/>\nRecuerde: ninguna pregunta es una mala pregunta. Necesitamos saber qu\u00e9 est\u00e1 pensando y qu\u00e9 es lo que m\u00e1s le interesa. Por lo tanto, escriba cualquier pregunta que tenga y p\u00eddale a su familiar o ser querido que tambi\u00e9n le sugiera cualquier pregunta que pueda tener. Es la mejor manera de asegurarse de recordar preguntar y recibir las respuestas que necesita para su cuidado de salud.<\/p>\n<p><strong>Traiga sus medicamentos<\/strong><br \/>\nTraiga todos sus medicamentos el d\u00eda de su visita. Gu\u00e1rdelos en sus envases originales. Su m\u00e9dico los revisar\u00e1 con usted cuando llegue. Son muy importantes para su atenci\u00f3n y para las decisiones de atenci\u00f3n que se toman.<\/p>\n<p><strong>Traiga a un familiar o amigo<\/strong><br \/>\nYa sea un familiar o un amigo, tener una persona de confianza con usted en su cita ayuda a disminuir su estr\u00e9s, le ofrece alguien con quien hablar y le ayuda a obtener respuestas a las preguntas que quiz\u00e1s olvide hacer durante la cita.<\/p>\n<p><strong>Traiga sus tarjetas de identificaci\u00f3n y otra informaci\u00f3n.<\/strong><\/p>\n<p>Aseg\u00farese de traer lo siguiente con usted:<\/p>\n<ul>\n<li>Una copia de sus directrices anticipadas, de tenerla (pacientes de Cirug\u00eda Ambulatoria)<\/li>\n<li>Identificaci\u00f3n con fotograf\u00eda (por ejemplo, licencia de conducir, pasaporte, etc.)<\/li>\n<li>Su tarjeta de plan m\u00e9dico<\/li>\n<li>Referido(s) m\u00e9dico(s) : llame a su plan m\u00e9dico antes de su cita si no est\u00e1 seguro de qu\u00e9 necesitar\u00e1 exactamente.<\/li>\n<\/ul>\n","protected":false},"excerpt":{"rendered":"<p>El d\u00eda de su visita, llegue a su cita al menos 60 minutos antes para completar toda la documentaci\u00f3n necesaria. Deber\u00e1 registrarse con el guardia de seguridad a la entrada.\u00a0 Estos le dar\u00e1n las indicaciones de donde debe presentarse.\u00a0 Adem\u00e1s, tenga en cuenta que algunas visitas, como evaluaciones y consultas iniciales, pueden durar hasta una&hellip;<\/p>\n","protected":false},"author":1,"featured_media":0,"parent":0,"menu_order":0,"comment_status":"closed","ping_status":"closed","template":"","meta":{"footnotes":""},"class_list":["post-865","page","type-page","status-publish","hentry","description-off"],"aioseo_notices":[],"_links":{"self":[{"href":"https:\/\/md.rcm.upr.edu\/ppmi\/wp-json\/wp\/v2\/pages\/865","targetHints":{"allow":["GET"]}}],"collection":[{"href":"https:\/\/md.rcm.upr.edu\/ppmi\/wp-json\/wp\/v2\/pages"}],"about":[{"href":"https:\/\/md.rcm.upr.edu\/ppmi\/wp-json\/wp\/v2\/types\/page"}],"author":[{"embeddable":true,"href":"https:\/\/md.rcm.upr.edu\/ppmi\/wp-json\/wp\/v2\/users\/1"}],"replies":[{"embeddable":true,"href":"https:\/\/md.rcm.upr.edu\/ppmi\/wp-json\/wp\/v2\/comments?post=865"}],"version-history":[{"count":2,"href":"https:\/\/md.rcm.upr.edu\/ppmi\/wp-json\/wp\/v2\/pages\/865\/revisions"}],"predecessor-version":[{"id":901,"href":"https:\/\/md.rcm.upr.edu\/ppmi\/wp-json\/wp\/v2\/pages\/865\/revisions\/901"}],"wp:attachment":[{"href":"https:\/\/md.rcm.upr.edu\/ppmi\/wp-json\/wp\/v2\/media?parent=865"}],"curies":[{"name":"wp","href":"https:\/\/api.w.org\/{rel}","templated":true}]}}