{"id":868,"date":"2024-05-16T13:24:26","date_gmt":"2024-05-16T17:24:26","guid":{"rendered":"https:\/\/md.rcm.upr.edu\/ppmi\/?page_id=868"},"modified":"2024-05-16T13:24:26","modified_gmt":"2024-05-16T17:24:26","slug":"departamento-de-manejo-de-informacion-de-salud","status":"publish","type":"page","link":"https:\/\/md.rcm.upr.edu\/ppmi\/departamento-de-manejo-de-informacion-de-salud\/","title":{"rendered":"Departamento de Manejo de Informaci\u00f3n de Salud"},"content":{"rendered":"<p>El Departamento de Manejo de Informaci\u00f3n de Salud es responsable del manejo, procesamiento y custodia de los expedientes m\u00e9dicos correspondientes a los servicios brindados a todos los pacientes que acuden\u00a0a La Cl\u00ednica de la Escuela de Medicina del Recinto de Ciencias M\u00e9dicas.<\/p>\n<p>De acuerdo con la ley y los reglamentos, la Instituci\u00f3n guardar\u00e1 el expediente de salud en su forma original o en cualquier otro formato que la Instituci\u00f3n pueda haber utilizado, durante un per\u00edodo de cinco (5) a\u00f1os. Luego de transcurridos los cinco a\u00f1os que estipula la ley y si la persona no ha regresado como paciente activo durante ese tiempo, la Instituci\u00f3n conservar\u00e1 aquellos documentos que la ley requiera por cinco (5) a\u00f1os adicionales y podr\u00e1 disponer del resto del expediente de salud, excepto cuando el paciente sea menor de 21 a\u00f1os de edad.<\/p>\n<p><strong>\u00bfC\u00f3mo obtengo una copia<\/strong> <strong>de mi Expediente M\u00e9dico<\/strong>\u00a0&#8211; Para solicitar copia de un expediente m\u00e9dico, el solicitante debe pasar por Departamento de Manejo de Informaci\u00f3n de Salud, y seguir el siguiente procedimiento:<\/p>\n<ul>\n<li>Cumplimentar un formulario de Autorizaci\u00f3n para Divulgaci\u00f3n en la que se especifica la informaci\u00f3n que se desea obtener.<\/li>\n<li>De no ser el paciente el solicitante de la Informaci\u00f3n deber\u00e1 traer consigo una autorizaci\u00f3n firmada por el paciente, junto con una identificaci\u00f3n con foto de ambos.<\/li>\n<li>Este proceso tiene un cargo por los servicios de copias de $0.75 por p\u00e1gina fotocopiada hasta un m\u00e1ximo de $25.00.<\/li>\n<li>El horario para solicitar informaci\u00f3n m\u00e9dica es de lunes a viernes, de 8:30 a.m. a 3:00 p.m.\u00a0El tiempo para procesar solicitudes de copias es de 5 d\u00edas laborables. Estamos ubicados en el primer piso de la Cl\u00ednica.<\/li>\n<\/ul>\n","protected":false},"excerpt":{"rendered":"<p>El Departamento de Manejo de Informaci\u00f3n de Salud es responsable del manejo, procesamiento y custodia de los expedientes m\u00e9dicos correspondientes a los servicios brindados a todos los pacientes que acuden\u00a0a La Cl\u00ednica de la Escuela de Medicina del Recinto de Ciencias M\u00e9dicas. De acuerdo con la ley y los reglamentos, la Instituci\u00f3n guardar\u00e1 el expediente&hellip;<\/p>\n","protected":false},"author":1,"featured_media":0,"parent":0,"menu_order":0,"comment_status":"closed","ping_status":"closed","template":"","meta":{"footnotes":""},"class_list":["post-868","page","type-page","status-publish","hentry","description-off"],"aioseo_notices":[],"_links":{"self":[{"href":"https:\/\/md.rcm.upr.edu\/ppmi\/wp-json\/wp\/v2\/pages\/868","targetHints":{"allow":["GET"]}}],"collection":[{"href":"https:\/\/md.rcm.upr.edu\/ppmi\/wp-json\/wp\/v2\/pages"}],"about":[{"href":"https:\/\/md.rcm.upr.edu\/ppmi\/wp-json\/wp\/v2\/types\/page"}],"author":[{"embeddable":true,"href":"https:\/\/md.rcm.upr.edu\/ppmi\/wp-json\/wp\/v2\/users\/1"}],"replies":[{"embeddable":true,"href":"https:\/\/md.rcm.upr.edu\/ppmi\/wp-json\/wp\/v2\/comments?post=868"}],"version-history":[{"count":1,"href":"https:\/\/md.rcm.upr.edu\/ppmi\/wp-json\/wp\/v2\/pages\/868\/revisions"}],"predecessor-version":[{"id":869,"href":"https:\/\/md.rcm.upr.edu\/ppmi\/wp-json\/wp\/v2\/pages\/868\/revisions\/869"}],"wp:attachment":[{"href":"https:\/\/md.rcm.upr.edu\/ppmi\/wp-json\/wp\/v2\/media?parent=868"}],"curies":[{"name":"wp","href":"https:\/\/api.w.org\/{rel}","templated":true}]}}