{"id":878,"date":"2024-05-16T13:34:32","date_gmt":"2024-05-16T17:34:32","guid":{"rendered":"https:\/\/md.rcm.upr.edu\/ppmi\/?page_id=878"},"modified":"2024-05-16T13:34:32","modified_gmt":"2024-05-16T17:34:32","slug":"servicios","status":"publish","type":"page","link":"https:\/\/md.rcm.upr.edu\/ppmi\/servicios\/","title":{"rendered":"Servicios"},"content":{"rendered":"<ul>\n<li>Alergia e Inmunolog\u00eda<\/li>\n<li>Audiolog\u00eda\n<ul>\n<li>Pruebas de Balance (VNG)<\/li>\n<li>Potenciales Evocados (AVR)<\/li>\n<\/ul>\n<\/li>\n<li>Cirug\u00eda General\n<ul>\n<li>Cirug\u00eda Endocrina<\/li>\n<li>Cirug\u00eda Periferovascular<\/li>\n<li>Cirug\u00eda Colorrectal<\/li>\n<\/ul>\n<\/li>\n<li>Cirug\u00eda Pedi\u00e1trica<\/li>\n<li>Cardiolog\u00eda de Adulto\n<ul>\n<li>Ecocardiogramas<\/li>\n<\/ul>\n<\/li>\n<li>Cardiolog\u00eda Pedi\u00e1trica<\/li>\n<li>Centro de Infusi\u00f3n<\/li>\n<li>Dermatolog\u00eda General\n<ul>\n<li>Cirug\u00eda Mohs<\/li>\n<li>Cosm\u00e9tica<\/li>\n<li>Terapias<\/li>\n<li>Mycosis Fungoide<\/li>\n<li>Hidradenitis<\/li>\n<li>Fototerapia<\/li>\n<\/ul>\n<\/li>\n<li>Dermatolog\u00eda Pedi\u00e1trica<\/li>\n<li>Endocrinolog\u00eda<\/li>\n<li>Endocrinolog\u00eda Pedi\u00e1trica<\/li>\n<li>Gastroenterolog\u00eda General\n<ul>\n<li>Gastroenterolog\u00eda IBD<\/li>\n<li>Gastroenterolog\u00eda Trasplante<\/li>\n<li>Gastroenterolog\u00eda Procedimientos\n<ul>\n<li>Colonoscopia<\/li>\n<li>Endoscopia<\/li>\n<li>Pouchoscopia<\/li>\n<\/ul>\n<\/li>\n<li>Gastroenterolog\u00eda Pedi\u00e1trica<\/li>\n<li>Ginecolog\u00eda General\n<ul>\n<li>Urolog\u00eda Ginecol\u00f3gica<\/li>\n<li>Endocrinolog\u00eda Ginecol\u00f3gica<\/li>\n<\/ul>\n<\/li>\n<li>Infectolog\u00eda Pedi\u00e1trica<\/li>\n<li>Manejo del Dolor\n<ul>\n<li>Bloqueos<\/li>\n<\/ul>\n<\/li>\n<li>Medicina Interna<\/li>\n<li>Nefrolog\u00eda Adulto<\/li>\n<li>Nefrolog\u00eda Pedi\u00e1trica<\/li>\n<li>Neurocirug\u00eda<\/li>\n<li>Neumolog\u00eda<\/li>\n<\/ul>\n<\/li>\n<\/ul>\n<p>&nbsp;<\/p>\n<ul>\n<li>Neurolog\u00eda General\n<ul>\n<li>Distrofia Muscular (MDA)<\/li>\n<li>Movimientos Involuntarios<\/li>\n<li>Dolor de Cabeza<\/li>\n<li>Epilepsia<\/li>\n<li>Neurona Motora (ALS)<\/li>\n<\/ul>\n<\/li>\n<li>Oftalmolog\u00eda General\n<ul>\n<li>Retina<\/li>\n<li>Oculoplast\u00eda<\/li>\n<li>Cornea<\/li>\n<li>Glaucoma<\/li>\n<li>Avastin<\/li>\n<li>Neuro-Oftalmolog\u00eda<\/li>\n<\/ul>\n<\/li>\n<li>Oftalmolog\u00eda Pedi\u00e1trica<\/li>\n<li>Otorrinolaringolog\u00eda General\n<ul>\n<li>Cirug\u00eda Onc\u00f3loga<\/li>\n<li>Cirug\u00eda Microvascular Reconstructiva<\/li>\n<li>Otolog\u00eda<\/li>\n<li>Rinolog\u00eda<\/li>\n<li>Garganta<\/li>\n<li>Tiroide<\/li>\n<\/ul>\n<\/li>\n<li>Psiquiatr\u00eda de Adultos<\/li>\n<li>Psiquiatr\u00eda de Ni\u00f1os y Adolescentes<\/li>\n<li>Psicolog\u00eda<\/li>\n<\/ul>\n<p>Urolog\u00eda Procedimientos<\/p>\n","protected":false},"excerpt":{"rendered":"<p>Alergia e Inmunolog\u00eda Audiolog\u00eda Pruebas de Balance (VNG) Potenciales Evocados (AVR) Cirug\u00eda General Cirug\u00eda Endocrina Cirug\u00eda Periferovascular Cirug\u00eda Colorrectal Cirug\u00eda Pedi\u00e1trica Cardiolog\u00eda de Adulto Ecocardiogramas Cardiolog\u00eda Pedi\u00e1trica Centro de Infusi\u00f3n Dermatolog\u00eda General Cirug\u00eda Mohs Cosm\u00e9tica Terapias Mycosis Fungoide Hidradenitis Fototerapia Dermatolog\u00eda Pedi\u00e1trica Endocrinolog\u00eda Endocrinolog\u00eda Pedi\u00e1trica Gastroenterolog\u00eda General Gastroenterolog\u00eda IBD Gastroenterolog\u00eda Trasplante Gastroenterolog\u00eda Procedimientos Colonoscopia Endoscopia&hellip;<\/p>\n","protected":false},"author":1,"featured_media":0,"parent":0,"menu_order":0,"comment_status":"closed","ping_status":"closed","template":"","meta":{"footnotes":""},"class_list":["post-878","page","type-page","status-publish","hentry","description-off"],"aioseo_notices":[],"_links":{"self":[{"href":"https:\/\/md.rcm.upr.edu\/ppmi\/wp-json\/wp\/v2\/pages\/878","targetHints":{"allow":["GET"]}}],"collection":[{"href":"https:\/\/md.rcm.upr.edu\/ppmi\/wp-json\/wp\/v2\/pages"}],"about":[{"href":"https:\/\/md.rcm.upr.edu\/ppmi\/wp-json\/wp\/v2\/types\/page"}],"author":[{"embeddable":true,"href":"https:\/\/md.rcm.upr.edu\/ppmi\/wp-json\/wp\/v2\/users\/1"}],"replies":[{"embeddable":true,"href":"https:\/\/md.rcm.upr.edu\/ppmi\/wp-json\/wp\/v2\/comments?post=878"}],"version-history":[{"count":1,"href":"https:\/\/md.rcm.upr.edu\/ppmi\/wp-json\/wp\/v2\/pages\/878\/revisions"}],"predecessor-version":[{"id":879,"href":"https:\/\/md.rcm.upr.edu\/ppmi\/wp-json\/wp\/v2\/pages\/878\/revisions\/879"}],"wp:attachment":[{"href":"https:\/\/md.rcm.upr.edu\/ppmi\/wp-json\/wp\/v2\/media?parent=878"}],"curies":[{"name":"wp","href":"https:\/\/api.w.org\/{rel}","templated":true}]}}