{"id":888,"date":"2024-05-21T12:17:17","date_gmt":"2024-05-21T16:17:17","guid":{"rendered":"https:\/\/md.rcm.upr.edu\/ppmi\/?page_id=888"},"modified":"2024-05-21T12:17:17","modified_gmt":"2024-05-21T16:17:17","slug":"clinica-de-la-escuela-de-medicina","status":"publish","type":"page","link":"https:\/\/md.rcm.upr.edu\/ppmi\/clinica-de-la-escuela-de-medicina\/","title":{"rendered":"Cl\u00ednica de la Escuela de Medicina"},"content":{"rendered":"<div class=\"wpb-content-wrapper\"><p>[vc_row][vc_column][vc_column_text]<strong>Misi\u00f3n<\/strong><\/p>\n<p>Proveer servicios de salud de alta calidad a la comunidad, a un precio razonable acorde con el mercado, y costos efectivos. Promover e incrementar la presencia, participaci\u00f3n y contribuci\u00f3n de la Universidad de Puerto Rico en los procesos sociales y econ\u00f3micos de la Isla, \u00a0a trav\u00e9s de un grupo de profesionales de la salud responsables, capacitados y comprometidos con el servicio p\u00fablico.<\/p>\n<p><strong>Visi\u00f3n<\/strong><\/p>\n<p>Ser reconocidos como una Cl\u00ednica de servicios ambulatorios que\u00a0 brinda servicios de calidad a nivel local e internacional y contar con el mayor n\u00famero de grupos multidisciplinarios en la Regi\u00f3n del Caribe. \u00a0\u00a0Adem\u00e1s,\u00a0 promover la integraci\u00f3n de la investigaci\u00f3n a los servicios ofrecidos.<\/p>\n<p><strong>Valores:<\/strong><\/p>\n<ul>\n<li>Excelencia<\/li>\n<li>Innovaci\u00f3n<\/li>\n<li>Trabajo en equipo<\/li>\n<li>Eficiencia<\/li>\n<li>Compromiso<\/li>\n<\/ul>\n<p>[\/vc_column_text][vc_column_text css=&#8221;&#8221;]<strong>Direcci\u00f3n<\/strong><\/p>\n<p>1008 Ave. Am\u00e9rico Miranda<br \/>\nCentro Comercial de Reparto Metropolitano<br \/>\nAve. Am\u00e9rico Miranda 1008<br \/>\nRio Piedras, PR 00921<\/p>\n<p><strong>Tel\u00e9fono:<\/strong><br \/>\n787-758-7908<\/p>\n<p><strong>Horario de Servicio<\/strong>:<br \/>\n7:00 a.m. a 3:00 p.m.<br \/>\nDe Lunes a Viernes[\/vc_column_text][\/vc_column][\/vc_row]<\/p>\n<\/div>","protected":false},"excerpt":{"rendered":"<p>[vc_row][vc_column][vc_column_text]Misi\u00f3n Proveer servicios de salud de alta calidad a la comunidad, a un precio razonable acorde con el mercado, y costos efectivos. Promover e incrementar la presencia, participaci\u00f3n y contribuci\u00f3n de la Universidad de Puerto Rico en los procesos sociales y econ\u00f3micos de la Isla, \u00a0a trav\u00e9s de un grupo de profesionales de la salud&hellip;<\/p>\n","protected":false},"author":1,"featured_media":0,"parent":0,"menu_order":0,"comment_status":"closed","ping_status":"closed","template":"","meta":{"footnotes":""},"class_list":["post-888","page","type-page","status-publish","hentry","description-off"],"aioseo_notices":[],"_links":{"self":[{"href":"https:\/\/md.rcm.upr.edu\/ppmi\/wp-json\/wp\/v2\/pages\/888","targetHints":{"allow":["GET"]}}],"collection":[{"href":"https:\/\/md.rcm.upr.edu\/ppmi\/wp-json\/wp\/v2\/pages"}],"about":[{"href":"https:\/\/md.rcm.upr.edu\/ppmi\/wp-json\/wp\/v2\/types\/page"}],"author":[{"embeddable":true,"href":"https:\/\/md.rcm.upr.edu\/ppmi\/wp-json\/wp\/v2\/users\/1"}],"replies":[{"embeddable":true,"href":"https:\/\/md.rcm.upr.edu\/ppmi\/wp-json\/wp\/v2\/comments?post=888"}],"version-history":[{"count":1,"href":"https:\/\/md.rcm.upr.edu\/ppmi\/wp-json\/wp\/v2\/pages\/888\/revisions"}],"predecessor-version":[{"id":889,"href":"https:\/\/md.rcm.upr.edu\/ppmi\/wp-json\/wp\/v2\/pages\/888\/revisions\/889"}],"wp:attachment":[{"href":"https:\/\/md.rcm.upr.edu\/ppmi\/wp-json\/wp\/v2\/media?parent=888"}],"curies":[{"name":"wp","href":"https:\/\/api.w.org\/{rel}","templated":true}]}}