{"id":892,"date":"2024-05-21T12:22:49","date_gmt":"2024-05-21T16:22:49","guid":{"rendered":"https:\/\/md.rcm.upr.edu\/ppmi\/?page_id=892"},"modified":"2024-05-21T12:22:49","modified_gmt":"2024-05-21T16:22:49","slug":"contacto-clinica","status":"publish","type":"page","link":"https:\/\/md.rcm.upr.edu\/ppmi\/contacto-clinica\/","title":{"rendered":"Contacto Cl\u00ednica"},"content":{"rendered":"<p>a. La Cl\u00ednica de la Escuela de Medicina<br \/>\nUPR-Recinto de Ciencias M\u00e9dicas<br \/>\nCentro Comercial de Reparto Metropolitano<br \/>\nAve. Am\u00e9rico Miranda 1008<br \/>\nRio Piedras, PR 00921<\/p>\n","protected":false},"excerpt":{"rendered":"<p>a. La Cl\u00ednica de la Escuela de Medicina UPR-Recinto de Ciencias M\u00e9dicas Centro Comercial de Reparto Metropolitano Ave. Am\u00e9rico Miranda 1008 Rio Piedras, PR 00921<\/p>\n","protected":false},"author":1,"featured_media":0,"parent":0,"menu_order":0,"comment_status":"closed","ping_status":"closed","template":"","meta":{"footnotes":""},"class_list":["post-892","page","type-page","status-publish","hentry","description-off"],"aioseo_notices":[],"_links":{"self":[{"href":"https:\/\/md.rcm.upr.edu\/ppmi\/wp-json\/wp\/v2\/pages\/892","targetHints":{"allow":["GET"]}}],"collection":[{"href":"https:\/\/md.rcm.upr.edu\/ppmi\/wp-json\/wp\/v2\/pages"}],"about":[{"href":"https:\/\/md.rcm.upr.edu\/ppmi\/wp-json\/wp\/v2\/types\/page"}],"author":[{"embeddable":true,"href":"https:\/\/md.rcm.upr.edu\/ppmi\/wp-json\/wp\/v2\/users\/1"}],"replies":[{"embeddable":true,"href":"https:\/\/md.rcm.upr.edu\/ppmi\/wp-json\/wp\/v2\/comments?post=892"}],"version-history":[{"count":1,"href":"https:\/\/md.rcm.upr.edu\/ppmi\/wp-json\/wp\/v2\/pages\/892\/revisions"}],"predecessor-version":[{"id":893,"href":"https:\/\/md.rcm.upr.edu\/ppmi\/wp-json\/wp\/v2\/pages\/892\/revisions\/893"}],"wp:attachment":[{"href":"https:\/\/md.rcm.upr.edu\/ppmi\/wp-json\/wp\/v2\/media?parent=892"}],"curies":[{"name":"wp","href":"https:\/\/api.w.org\/{rel}","templated":true}]}}