{"id":79,"date":"2025-11-03T15:35:05","date_gmt":"2025-11-03T15:35:05","guid":{"rendered":"https:\/\/md.rcm.upr.edu\/psychiatry2\/?page_id=79"},"modified":"2025-11-03T15:55:48","modified_gmt":"2025-11-03T15:55:48","slug":"leadership","status":"publish","type":"page","link":"https:\/\/md.rcm.upr.edu\/psychiatry\/leadership\/","title":{"rendered":"Leadership"},"content":{"rendered":"<div class=\"wpb-content-wrapper\"><p>[vc_row][vc_column]<div id=\"ultimate-heading-69969dafc136056c\" class=\"uvc-heading ult-adjust-bottom-margin ultimate-heading-69969dafc136056c uvc-6278  uvc-heading-default-font-sizes\" data-hspacer=\"no_spacer\"  data-halign=\"left\" style=\"text-align:left\"><div class=\"uvc-heading-spacer no_spacer\" style=\"top\"><\/div><div class=\"uvc-main-heading ult-responsive\"  data-ultimate-target='.uvc-heading.ultimate-heading-69969dafc136056c h3'  data-responsive-json-new='{\"font-size\":\"\",\"line-height\":\"\"}' ><h3 style=\"--font-weight:theme;\">Leadership of the Psychiatric Department<\/h3><\/div><\/div>[vc_empty_space][\/vc_column][\/vc_row][vc_row][vc_column width=&#8221;1\/6&#8243;]<div class=\"ult-team-member-wrap ult-style-1  \"><div class=\"ult-team-member-image\" style=\"\"> <img decoding=\"async\" class=\"ult-team-grayscale\" src=\"https:\/\/md.rcm.upr.edu\/psychiatry\/wp-content\/uploads\/sites\/83\/2025\/10\/karen-martinez-2.jpg\" alt=\"Dra. Karen G. Mart\u00ednez Gonz\u00e1lez\"  style=\"\"><span class=\"ult-team-member-image-overlay \"  ><\/span><\/div><div class=\"ult-team-member-bio-wrap style-1 ultimate-heading69dafc13608de\" style=\"text-align:center;; \"><div class=\"ult-team-member-name-wrap\"><h2 class=\"ult-team-member-name ult-responsive\"  data-ultimate-target='.ult-team-member-bio-wrap.ultimate-heading69dafc13608de .ult-team-member-name'  data-responsive-json-new='{\"font-size\":\"\",\"line-height\":\"\"}'  style=\"\">Dra. Karen G. Mart\u00ednez Gonz\u00e1lez<\/h2><div class=\"ult-team-member-position ult-responsive\"  data-ultimate-target='.ult-team-member-bio-wrap.ultimate-heading69dafc13608de .ult-team-member-position'  data-responsive-json-new='{\"font-size\":\"\",\"line-height\":\"\"}'  style=\"\">Catedr\u00e1tica<\/div><div class=\"ult-team-member-description ult-responsive\"  data-ultimate-target='.ult-team-member-bio-wrap.ultimate-heading69dafc13608de .ult-team-member-description'  data-responsive-json-new='{\"font-size\":\"\",\"line-height\":\"\"}'  style=\"\"><p><\/p>\n<p style=\"text-align: center;\">Department Chair<\/p>\n<p><\/p><\/div><div style=\"margin-bottom:15px\"><\/div><div class='ult-social-buttons'><a href='mailto:#' target='_blank' rel='noopener' title='Email' class='ult-team ult-social-icon' style='font-size:16px ; margin-left:5px;margin-right:5px;;color:#F36B22;'  data-iconcolor='#F36B22' data-iconhover='#000000' ><i class='icomoon-the7-font-the7-mail-01'><\/i><\/a><\/div><\/div><\/div><\/div>[\/vc_column][vc_column width=&#8221;1\/6&#8243;]<div class=\"ult-team-member-wrap ult-style-1  \"><div class=\"ult-team-member-image\" style=\"\"> <img decoding=\"async\" class=\"ult-team-grayscale\" src=\"https:\/\/md.rcm.upr.edu\/psychiatry\/wp-content\/uploads\/sites\/83\/2025\/10\/gloria-suau.jpg\" alt=\"Dra. Gloria Suau\"  style=\"\"><span class=\"ult-team-member-image-overlay \"  ><\/span><\/div><div class=\"ult-team-member-bio-wrap style-1 ultimate-heading69dafc1360b70\" style=\"text-align:center;; \"><div class=\"ult-team-member-name-wrap\"><h2 class=\"ult-team-member-name ult-responsive\"  data-ultimate-target='.ult-team-member-bio-wrap.ultimate-heading69dafc1360b70 .ult-team-member-name'  data-responsive-json-new='{\"font-size\":\"\",\"line-height\":\"\"}'  style=\"\">Dra. Gloria M. Suau Sanchidri\u00e1n<\/h2><div class=\"ult-team-member-position ult-responsive\"  data-ultimate-target='.ult-team-member-bio-wrap.ultimate-heading69dafc1360b70 .ult-team-member-position'  data-responsive-json-new='{\"font-size\":\"\",\"line-height\":\"\"}'  style=\"\">Catedr\u00e1tica<\/div><div class=\"ult-team-member-description ult-responsive\"  data-ultimate-target='.ult-team-member-bio-wrap.ultimate-heading69dafc1360b70 .ult-team-member-description'  data-responsive-json-new='{\"font-size\":\"\",\"line-height\":\"\"}'  style=\"\"><p><\/p>\n<p style=\"text-align: center;\">Training Director of the General Residency Program and Associate Training Director of the Children and Adolescents Fellowship<\/p>\n<p><\/p><\/div><div style=\"margin-bottom:15px\"><\/div><div class='ult-social-buttons'><a href='mailto:gloria.suau@upr.edu%20' target='_blank' rel='noopener' title='Email' class='ult-team ult-social-icon' style='font-size:16px ; margin-left:5px;margin-right:5px;;color:#F36B22;'  data-iconcolor='#F36B22' data-iconhover='#000000' ><i class='icomoon-the7-font-the7-mail-01'><\/i><\/a><\/div><\/div><\/div><\/div>[\/vc_column][vc_column width=&#8221;1\/6&#8243;]<div class=\"ult-team-member-wrap ult-style-1  \"><div class=\"ult-team-member-image\" style=\"\"> <img decoding=\"async\" class=\"ult-team-grayscale\" src=\"https:\/\/md.rcm.upr.edu\/psychiatry\/wp-content\/uploads\/sites\/83\/2025\/11\/ingrid-casas2.jpg\" alt=\"Dra. Ingrid L. Casas Dolz\"  style=\"\"><span class=\"ult-team-member-image-overlay \"  ><\/span><\/div><div class=\"ult-team-member-bio-wrap style-1 ultimate-heading69dafc1360ddf\" style=\"text-align:center;; \"><div class=\"ult-team-member-name-wrap\"><h2 class=\"ult-team-member-name ult-responsive\"  data-ultimate-target='.ult-team-member-bio-wrap.ultimate-heading69dafc1360ddf .ult-team-member-name'  data-responsive-json-new='{\"font-size\":\"\",\"line-height\":\"\"}'  style=\"\">Dra. Ingrid L. Casas Dolz<\/h2><div class=\"ult-team-member-position ult-responsive\"  data-ultimate-target='.ult-team-member-bio-wrap.ultimate-heading69dafc1360ddf .ult-team-member-position'  data-responsive-json-new='{\"font-size\":\"\",\"line-height\":\"\"}'  style=\"\">Catedr\u00e1tica Auxiliar<\/div><div class=\"ult-team-member-description ult-responsive\"  data-ultimate-target='.ult-team-member-bio-wrap.ultimate-heading69dafc1360ddf .ult-team-member-description'  data-responsive-json-new='{\"font-size\":\"\",\"line-height\":\"\"}'  style=\"\"><p><\/p>\n<p style=\"text-align: center;\">Associate Training Director of the General Residency Program<\/p>\n<p><\/p><\/div><div style=\"margin-bottom:15px\"><\/div><div class='ult-social-buttons'><a href='mailto:#' target='_blank' rel='noopener' title='Email' class='ult-team ult-social-icon' style='font-size:16px ; margin-left:5px;margin-right:5px;;color:#F36B22;'  data-iconcolor='#F36B22' data-iconhover='#000000' ><i class='icomoon-the7-font-the7-mail-01'><\/i><\/a><\/div><\/div><\/div><\/div>[\/vc_column][vc_column width=&#8221;1\/6&#8243;]<div class=\"ult-team-member-wrap ult-style-1  \"><div class=\"ult-team-member-image\" style=\"\"> <img decoding=\"async\" class=\"ult-team-grayscale\" src=\"https:\/\/md.rcm.upr.edu\/psychiatry\/wp-content\/uploads\/sites\/83\/2025\/10\/lelis-nazario.jpg\" alt=\"Dra. Lelis L. Nazario Rodr\u00edguez \"  style=\"\"><span class=\"ult-team-member-image-overlay \"  ><\/span><\/div><div class=\"ult-team-member-bio-wrap style-1 ultimate-heading69dafc1361041\" style=\"text-align:center;; \"><div class=\"ult-team-member-name-wrap\"><h2 class=\"ult-team-member-name ult-responsive\"  data-ultimate-target='.ult-team-member-bio-wrap.ultimate-heading69dafc1361041 .ult-team-member-name'  data-responsive-json-new='{\"font-size\":\"\",\"line-height\":\"\"}'  style=\"\">Dra. Lelis L. Nazario Rodr\u00edguez<\/h2><div class=\"ult-team-member-position ult-responsive\"  data-ultimate-target='.ult-team-member-bio-wrap.ultimate-heading69dafc1361041 .ult-team-member-position'  data-responsive-json-new='{\"font-size\":\"\",\"line-height\":\"\"}'  style=\"\">Catedr\u00e1tica<\/div><div class=\"ult-team-member-description ult-responsive\"  data-ultimate-target='.ult-team-member-bio-wrap.ultimate-heading69dafc1361041 .ult-team-member-description'  data-responsive-json-new='{\"font-size\":\"\",\"line-height\":\"\"}'  style=\"\"><p><\/p>\n<p style=\"text-align: center;\">Psiquiatra de Ni\u00f1os y Adolescentes,<br \/>\nDirectora Por Ti<\/p>\n<p><\/p><\/div><div style=\"margin-bottom:15px\"><\/div><div class='ult-social-buttons'><a href='mailto:lelis.nazario@upr.edu%20' target='_blank' rel='noopener' title='Email' class='ult-team ult-social-icon' style='font-size:16px ; margin-left:5px;margin-right:5px;;color:#F36B22;'  data-iconcolor='#F36B22' data-iconhover='#000000' ><i class='icomoon-the7-font-the7-mail-01'><\/i><\/a><\/div><\/div><\/div><\/div>[\/vc_column][vc_column width=&#8221;1\/6&#8243;]<div class=\"ult-team-member-wrap ult-style-1  \"><div class=\"ult-team-member-image\" style=\"\"> <img decoding=\"async\" class=\"ult-team-grayscale\" src=\"https:\/\/md.rcm.upr.edu\/psychiatry\/wp-content\/uploads\/sites\/83\/2025\/10\/camila-fernandez.jpg\" alt=\"null\"  style=\"\"><span class=\"ult-team-member-image-overlay \"  ><\/span><\/div><div class=\"ult-team-member-bio-wrap style-1 ultimate-heading69dafc13612aa\" style=\"text-align:center;; \"><div class=\"ult-team-member-name-wrap\"><h2 class=\"ult-team-member-name ult-responsive\"  data-ultimate-target='.ult-team-member-bio-wrap.ultimate-heading69dafc13612aa .ult-team-member-name'  data-responsive-json-new='{\"font-size\":\"\",\"line-height\":\"\"}'  style=\"\">Dra. Camila Fern\u00e1ndez Lockwood<\/h2><div class=\"ult-team-member-position ult-responsive\"  data-ultimate-target='.ult-team-member-bio-wrap.ultimate-heading69dafc13612aa .ult-team-member-position'  data-responsive-json-new='{\"font-size\":\"\",\"line-height\":\"\"}'  style=\"\">Catedr\u00e1tica Auxiliar<\/div><div class=\"ult-team-member-description ult-responsive\"  data-ultimate-target='.ult-team-member-bio-wrap.ultimate-heading69dafc13612aa .ult-team-member-description'  data-responsive-json-new='{\"font-size\":\"\",\"line-height\":\"\"}'  style=\"\"><p><\/p>\n<p style=\"text-align: center;\">Medical Student Education Director<\/p>\n<p><\/p><\/div><div style=\"margin-bottom:15px\"><\/div><div class='ult-social-buttons'><a href='mailto:camila.fernandez@upr.edu' target='_blank' rel='noopener' title='Email' class='ult-team ult-social-icon' style='font-size:16px ; margin-left:5px;margin-right:5px;;color:#F36B22;'  data-iconcolor='#F36B22' data-iconhover='#000000' ><i class='icomoon-the7-font-the7-mail-01'><\/i><\/a><\/div><\/div><\/div><\/div>[\/vc_column][vc_column width=&#8221;1\/6&#8243;]<div class=\"ult-team-member-wrap ult-style-1  \"><div class=\"ult-team-member-image\" style=\"\"> <img decoding=\"async\" class=\"ult-team-grayscale\" src=\"https:\/\/md.rcm.upr.edu\/psychiatry\/wp-content\/uploads\/sites\/83\/2025\/11\/magdarodriguez.jpg\" alt=\"null\"  style=\"\"><span class=\"ult-team-member-image-overlay \"  ><\/span><\/div><div class=\"ult-team-member-bio-wrap style-1 ultimate-heading69dafc13614ef\" style=\"text-align:center;; \"><div class=\"ult-team-member-name-wrap\"><h2 class=\"ult-team-member-name ult-responsive\"  data-ultimate-target='.ult-team-member-bio-wrap.ultimate-heading69dafc13614ef .ult-team-member-name'  data-responsive-json-new='{\"font-size\":\"\",\"line-height\":\"\"}'  style=\"\">Magda Rodr\u00edguez-Vega<\/h2><div class=\"ult-team-member-description ult-responsive\"  data-ultimate-target='.ult-team-member-bio-wrap.ultimate-heading69dafc13614ef .ult-team-member-description'  data-responsive-json-new='{\"font-size\":\"\",\"line-height\":\"\"}'  style=\"\"><p><\/p>\n<p style=\"text-align: center;\">Administratror<\/p>\n<p><\/p><\/div><div style=\"margin-bottom:15px\"><\/div><div class='ult-social-buttons'><a href='mailto:magda.rodriguez1@upr.edu' target='_blank' rel='noopener' title='Email' class='ult-team ult-social-icon' style='font-size:16px ; margin-left:5px;margin-right:5px;;color:#F36B22;'  data-iconcolor='#F36B22' data-iconhover='#000000' ><i class='icomoon-the7-font-the7-mail-01'><\/i><\/a><\/div><\/div><\/div><\/div>[\/vc_column][\/vc_row][vc_row][vc_column width=&#8221;1\/4&#8243;][\/vc_column][vc_column width=&#8221;3\/4&#8243;][\/vc_column][\/vc_row][vc_row][vc_column width=&#8221;1\/5&#8243;][\/vc_column][vc_column width=&#8221;1\/5&#8243;][\/vc_column][vc_column width=&#8221;1\/5&#8243;][\/vc_column][vc_column width=&#8221;1\/5&#8243;][\/vc_column][vc_column width=&#8221;1\/5&#8243;][\/vc_column][\/vc_row][vc_row][vc_column]<div id=\"ultimate-heading-530069dafc1361560\" class=\"uvc-heading ult-adjust-bottom-margin ultimate-heading-530069dafc1361560 uvc-4529  uvc-heading-default-font-sizes\" data-hspacer=\"no_spacer\"  data-halign=\"left\" style=\"text-align:left\"><div class=\"uvc-heading-spacer no_spacer\" style=\"top\"><\/div><div class=\"uvc-main-heading ult-responsive\"  data-ultimate-target='.uvc-heading.ultimate-heading-530069dafc1361560 h3'  data-responsive-json-new='{\"font-size\":\"\",\"line-height\":\"\"}' ><h3 style=\"--font-weight:theme;\">Ad Honorem Faculty<\/h3><\/div><\/div>[vc_empty_space][\/vc_column][\/vc_row][vc_row][vc_column width=&#8221;1\/6&#8243;][vc_column_text css=&#8221;&#8221;]<strong>Dodanid Cardona Medina<\/strong><br \/>\nPsiquiatra de Ni\u00f1os y Adolescentes<br \/>\nFirst Hospital Panamericano<br \/>\nCatedr\u00e1tica Auxiliar[\/vc_column_text][\/vc_column][vc_column width=&#8221;1\/6&#8243;][vc_column_text css=&#8221;&#8221;]<strong>Cynthia Casanova Pelosi<\/strong><br \/>\nPsiquiatra Forense<br \/>\nCatedr\u00e1tica Auxiliar[\/vc_column_text][\/vc_column][vc_column width=&#8221;1\/6&#8243;][vc_column_text css=&#8221;&#8221;]<strong>Hayde\u00e9 Costas Lozada<\/strong><br \/>\nPsiquiatra Forense<br \/>\nCatedr\u00e1tica[\/vc_column_text][\/vc_column][vc_column width=&#8221;1\/6&#8243;][vc_column_text css=&#8221;&#8221;]<strong>Luz N. Col\u00f3n de Mart\u00ed<\/strong><br \/>\nPsiquiatra de Ni\u00f1os y Adolescentes<br \/>\nCatedr\u00e1tica[\/vc_column_text][\/vc_column][vc_column width=&#8221;1\/6&#8243;][vc_column_text css=&#8221;&#8221;]<strong>Miguel A. Gonz\u00e1lez Manrique<\/strong><br \/>\nPsiquiatra de Adultos<br \/>\nCatedr\u00e1tico[\/vc_column_text][\/vc_column][vc_column width=&#8221;1\/6&#8243;][vc_column_text css=&#8221;&#8221;]<strong>Lizanell Irizarry Suarez<\/strong><br \/>\nPsiquiatra de Adicci\u00f3n<br \/>\nCIMA Menonita<br \/>\nCatedr\u00e1tica Auxiliar[\/vc_column_text][\/vc_column][\/vc_row][vc_row][vc_column][vc_empty_space][\/vc_column][\/vc_row][vc_row][vc_column width=&#8221;1\/6&#8243;][vc_column_text css=&#8221;&#8221;]<strong>William J Lugo S\u00e1nchez<\/strong><br \/>\nPsiquiatra Forense<br \/>\nHosp San Juan Capestrano<br \/>\nCatedr\u00e1tico Auxiliar[\/vc_column_text][\/vc_column][vc_column width=&#8221;1\/6&#8243;][vc_column_text css=&#8221;&#8221;]<strong>Angel E. Mart\u00ednez Irizarry<\/strong><br \/>\nPsiquiatra de Ni\u00f1os y Adolescentes<br \/>\nFirst Hospital Panamericano<br \/>\nCatedr\u00e1tico Auxiliar[\/vc_column_text][\/vc_column][vc_column width=&#8221;1\/6&#8243;][vc_column_text css=&#8221;&#8221;]<strong>Jos\u00e9 R. Ort\u00edz Rodr\u00edguez<\/strong><br \/>\nPsiquiatra de Adultos<br \/>\nCatedr\u00e1tico Auxiliar[\/vc_column_text][\/vc_column][vc_column width=&#8221;1\/6&#8243;][vc_column_text css=&#8221;&#8221;]<strong>Angel G. Pag\u00e1n Torres<\/strong><br \/>\nPsiquiatra de Ni\u00f1os y Adolescentes<br \/>\nHosp SJ Capestrano<br \/>\nCatedr\u00e1tico Auxiliar[\/vc_column_text][\/vc_column][vc_column width=&#8221;1\/6&#8243;][vc_column_text css=&#8221;&#8221;]<strong>Dinorah Quiles Rodr\u00edguez<\/strong><br \/>\nPsiquiatra<br \/>\nFirst Hospital Panamericano<br \/>\nCatedr\u00e1tica Auxiliar[\/vc_column_text][\/vc_column][vc_column width=&#8221;1\/6&#8243;][vc_column_text css=&#8221;&#8221;]<strong>Francheska Rivera C\u00f3rdova<\/strong><br \/>\nPsiquiatra de Ni\u00f1os y Adolescentes<br \/>\nFirst Hospital Panamericano<br \/>\nCatedr\u00e1tica Auxiliar[\/vc_column_text][\/vc_column][\/vc_row][vc_row][vc_column][vc_empty_space][\/vc_column][\/vc_row][vc_row][vc_column width=&#8221;1\/6&#8243;][vc_column_text css=&#8221;&#8221;]<strong>Nathalie Rivera Morales<\/strong><br \/>\nPsiquiatra Consultar\u00eda y Enlace<br \/>\nCatedr\u00e1tica Auxiliar[\/vc_column_text][\/vc_column][vc_column width=&#8221;1\/6&#8243;][vc_column_text css=&#8221;&#8221;]<strong>Luis J. Rivera Rivera<\/strong><br \/>\nPsiquiatra de Adultos<br \/>\nCatedr\u00e1tico Auxiliar[\/vc_column_text][\/vc_column][vc_column width=&#8221;1\/6&#8243;][vc_column_text css=&#8221;&#8221;]<strong>Iris E. Rodr\u00edguez Delgado<\/strong><br \/>\nPsiquiatra de Ni\u00f1os y Adolescentes<br \/>\nCatedr\u00e1tica Auxiliar[\/vc_column_text][\/vc_column][vc_column width=&#8221;1\/6&#8243;][vc_column_text css=&#8221;&#8221;]<strong>Anabelle Rodr\u00edguez Llauger<\/strong><br \/>\nPsiquiatra<br \/>\nCIMA-Menonita<br \/>\nCatedr\u00e1tica Auxiliar[\/vc_column_text][\/vc_column][vc_column width=&#8221;1\/6&#8243;][vc_column_text css=&#8221;&#8221;]<strong>Douglas Romero Villaveit\u00eda<\/strong><br \/>\nPsiquiatra de Adultos<br \/>\nCatedr\u00e1tico Auxiliar[\/vc_column_text][\/vc_column][vc_column width=&#8221;1\/6&#8243;][vc_column_text css=&#8221;&#8221;]<strong>Jaime TORRES PLATA<\/strong><br \/>\nPsiquiatra de Adultos<br \/>\nHospital UPR<br \/>\nCatedr\u00e1tico Auxiliar[\/vc_column_text][\/vc_column][\/vc_row][vc_row][vc_column][vc_empty_space][\/vc_column][\/vc_row][vc_row][vc_column width=&#8221;1\/6&#8243;][vc_column_text css=&#8221;&#8221;]<strong>Caroline P. Toro Ruiz<\/strong><br \/>\nPsiquiatra<br \/>\nFirst Hospital Panamericano<br \/>\nCatedr\u00e1tica Auxiliar[\/vc_column_text][\/vc_column][vc_column width=&#8221;1\/6&#8243;][vc_column_text css=&#8221;&#8221;]<strong>Carmen G. Valc\u00e1rcel Mercado<\/strong><br \/>\nSex\u00f3loga<br \/>\nCatedr\u00e1tico Auxiliar[\/vc_column_text][\/vc_column][vc_column width=&#8221;1\/6&#8243;][vc_column_text css=&#8221;&#8221;]<strong>Jose J. Vigo D\u00edaz,<\/strong><br \/>\nPsiquiatra de Adultos<br \/>\nECT<br \/>\nCatedr\u00e1tico Auxiliar[\/vc_column_text][\/vc_column][vc_column width=&#8221;1\/6&#8243;][\/vc_column][vc_column width=&#8221;1\/6&#8243;][\/vc_column][vc_column width=&#8221;1\/6&#8243;][\/vc_column][\/vc_row][vc_row][vc_column][vc_empty_space][\/vc_column][\/vc_row]<\/p>\n<\/div>","protected":false},"excerpt":{"rendered":"<p>[vc_row][vc_column][vc_empty_space][\/vc_column][\/vc_row][vc_row][vc_column width=&#8221;1\/6&#8243;][\/vc_column][vc_column width=&#8221;1\/6&#8243;][\/vc_column][vc_column width=&#8221;1\/6&#8243;][\/vc_column][vc_column width=&#8221;1\/6&#8243;][\/vc_column][vc_column width=&#8221;1\/6&#8243;][\/vc_column][vc_column width=&#8221;1\/6&#8243;][\/vc_column][\/vc_row][vc_row][vc_column width=&#8221;1\/4&#8243;][\/vc_column][vc_column width=&#8221;3\/4&#8243;][\/vc_column][\/vc_row][vc_row][vc_column width=&#8221;1\/5&#8243;][\/vc_column][vc_column width=&#8221;1\/5&#8243;][\/vc_column][vc_column width=&#8221;1\/5&#8243;][\/vc_column][vc_column width=&#8221;1\/5&#8243;][\/vc_column][vc_column width=&#8221;1\/5&#8243;][\/vc_column][\/vc_row][vc_row][vc_column][vc_empty_space][\/vc_column][\/vc_row][vc_row][vc_column width=&#8221;1\/6&#8243;][vc_column_text css=&#8221;&#8221;]Dodanid Cardona Medina Psiquiatra de Ni\u00f1os y Adolescentes First Hospital Panamericano Catedr\u00e1tica Auxiliar[\/vc_column_text][\/vc_column][vc_column width=&#8221;1\/6&#8243;][vc_column_text css=&#8221;&#8221;]Cynthia Casanova Pelosi Psiquiatra Forense Catedr\u00e1tica Auxiliar[\/vc_column_text][\/vc_column][vc_column width=&#8221;1\/6&#8243;][vc_column_text css=&#8221;&#8221;]Hayde\u00e9 Costas Lozada Psiquiatra Forense Catedr\u00e1tica[\/vc_column_text][\/vc_column][vc_column width=&#8221;1\/6&#8243;][vc_column_text css=&#8221;&#8221;]Luz N. Col\u00f3n de Mart\u00ed Psiquiatra de Ni\u00f1os y Adolescentes Catedr\u00e1tica[\/vc_column_text][\/vc_column][vc_column&hellip;<\/p>\n","protected":false},"author":1,"featured_media":0,"parent":0,"menu_order":0,"comment_status":"closed","ping_status":"closed","template":"","meta":{"footnotes":""},"class_list":["post-79","page","type-page","status-publish","hentry","description-off"],"aioseo_notices":[],"_links":{"self":[{"href":"https:\/\/md.rcm.upr.edu\/psychiatry\/wp-json\/wp\/v2\/pages\/79","targetHints":{"allow":["GET"]}}],"collection":[{"href":"https:\/\/md.rcm.upr.edu\/psychiatry\/wp-json\/wp\/v2\/pages"}],"about":[{"href":"https:\/\/md.rcm.upr.edu\/psychiatry\/wp-json\/wp\/v2\/types\/page"}],"author":[{"embeddable":true,"href":"https:\/\/md.rcm.upr.edu\/psychiatry\/wp-json\/wp\/v2\/users\/1"}],"replies":[{"embeddable":true,"href":"https:\/\/md.rcm.upr.edu\/psychiatry\/wp-json\/wp\/v2\/comments?post=79"}],"version-history":[{"count":3,"href":"https:\/\/md.rcm.upr.edu\/psychiatry\/wp-json\/wp\/v2\/pages\/79\/revisions"}],"predecessor-version":[{"id":85,"href":"https:\/\/md.rcm.upr.edu\/psychiatry\/wp-json\/wp\/v2\/pages\/79\/revisions\/85"}],"wp:attachment":[{"href":"https:\/\/md.rcm.upr.edu\/psychiatry\/wp-json\/wp\/v2\/media?parent=79"}],"curies":[{"name":"wp","href":"https:\/\/api.w.org\/{rel}","templated":true}]}}