{"id":1323,"date":"2021-02-22T09:47:08","date_gmt":"2021-02-22T13:47:08","guid":{"rendered":"https:\/\/md.rcm.upr.edu\/rai\/?page_id=1323"},"modified":"2026-03-11T12:20:30","modified_gmt":"2026-03-11T16:20:30","slug":"la-coyuntura","status":"publish","type":"page","link":"https:\/\/md.rcm.upr.edu\/rai\/rheumatology-section\/la-coyuntura\/","title":{"rendered":"La Coyuntura"},"content":{"rendered":"<div class=\"wpb-content-wrapper\"><p>[vc_row][vc_column]<div id=\"ultimate-heading-310669d06d3664531\" class=\"uvc-heading ult-adjust-bottom-margin ultimate-heading-310669d06d3664531 uvc-5376  uvc-heading-default-font-sizes\" data-hspacer=\"line_only\"  data-halign=\"left\" style=\"text-align:left\"><div class=\"uvc-main-heading ult-responsive\"  data-ultimate-target='.uvc-heading.ultimate-heading-310669d06d3664531 h2'  data-responsive-json-new='{\"font-size\":\"\",\"line-height\":\"\"}' ><h2 style=\"--font-weight:theme;\">La Coyuntura<\/h2><\/div><div class=\"uvc-heading-spacer line_only\" style=\"topheight:2px;\"><span class=\"uvc-headings-line\" style=\"border-style:solid;border-bottom-width:2px;border-color:#dd3333;width:700px;\"><\/span><\/div><\/div>[vc_empty_space][vc_row_inner equal_height=&#8221;yes&#8221;][vc_column_inner width=&#8221;1\/2&#8243;][vc_column_text]<\/p>\n<h3>El bolet\u00edn <strong>La Coyuntura<\/strong> se origin\u00f3 en 2018 como una iniciativa y contribuci\u00f3n de la Dra. Gabriela Montes, quien en ese momento se desempe\u00f1aba como Becaria Principal del Programa de Adiestramiento en Reumatolog\u00eda de la Universidad de Puerto Rico (UPR). El objetivo principal de La Coyuntura, como su nombre lo indica, es conectar a la comunidad m\u00e9dica y a cualquier persona interesada en mantenerse al d\u00eda en temas de reumatolog\u00eda, incluyendo enfermedades y tratamientos, investigaciones recientes y actividades acad\u00e9micas de la Secci\u00f3n de Reumatolog\u00eda de la UPR. Esta plataforma pretende ser una v\u00eda de enlace entre estudiantes de medicina, residentes, docentes y administrativos de la Facultad de Medicina de la UPR, reumat\u00f3logos de la comunidad y egresados \u200b\u200bde nuestro programa. La idea est\u00e1 inspirada en la misi\u00f3n de nuestra Secci\u00f3n de promover la excelencia en el servicio m\u00e9dico, la educaci\u00f3n y la investigaci\u00f3n cient\u00edfica.<\/h3>\n<p>[\/vc_column_text][\/vc_column_inner][vc_column_inner width=&#8221;1\/2&#8243;][vc_column_text]<\/p>\n<h3><strong>La Coyuntura newsletter<\/strong> originated in 2018 as an initiative and contribution of Dr. Gabriela Montes, who at that time served as Chief Fellow of the University of Puerto Rico (UPR) Rheumatology Training Program. The main purpose of La Coyuntura, as its name suggests, is to connect the medical community and anyone interested in staying up to date on rheumatology topics including diseases and treatments, recent research, and academic activities of the UPR Rheumatology Section. This platform aims to be a way of link between medical students, residents, faculty and staff of the UPR School of Medicine, rheumatologists from the community, and graduates of our program. The idea is inspired by the mission of our Section to promote excellence in medical service, education, and scientific research.<\/h3>\n<p>[\/vc_column_text][\/vc_column_inner][\/vc_row_inner][\/vc_column][\/vc_row][vc_row][vc_column width=&#8221;1\/2&#8243;][vc_empty_space][\/vc_column][vc_column width=&#8221;1\/2&#8243;][\/vc_column][\/vc_row][vc_row][vc_column][vc_row_inner][vc_column_inner]<div id=\"ultimate-heading-599069d06d366459d\" class=\"uvc-heading ult-adjust-bottom-margin ultimate-heading-599069d06d366459d uvc-9058  uvc-heading-default-font-sizes\" data-hspacer=\"line_only\"  data-halign=\"left\" style=\"text-align:left\"><div class=\"uvc-main-heading ult-responsive\"  data-ultimate-target='.uvc-heading.ultimate-heading-599069d06d366459d h2'  data-responsive-json-new='{\"font-size\":\"\",\"line-height\":\"\"}' ><h2 style=\"--font-weight:theme;\">N\u00famero m\u00e1s reciente de ``La Coyuntura``<\/h2><\/div><div class=\"uvc-heading-spacer line_only\" style=\"topheight:2px;\"><span class=\"uvc-headings-line\" style=\"border-style:solid;border-bottom-width:2px;border-color:#dd3333;width:700px;\"><\/span><\/div><\/div>[vc_empty_space][\/vc_column_inner][\/vc_row_inner][vc_row_inner][vc_column_inner width=&#8221;1\/3&#8243;][vc_single_image image=&#8221;1604&#8243; img_size=&#8221;full&#8221; alignment=&#8221;center&#8221; onclick=&#8221;custom_link&#8221; css=&#8221;&#8221; link=&#8221;https:\/\/md.rcm.upr.edu\/rai\/wp-content\/uploads\/sites\/6\/2026\/03\/la-coyuntura-2026.pdf&#8221;][\/vc_column_inner][vc_column_inner width=&#8221;2\/3&#8243;][vc_column_text css=&#8221;&#8221;]<\/p>\n<h3>Es un verdadero placer presentarles la novena edici\u00f3n del bolet\u00edn La Coyuntura. Al igual que en a\u00f1os anteriores, el 2025 fue un a\u00f1o de m\u00faltiples retos para nuestra Secci\u00f3n de Reumatolog\u00eda; sin embargo, estos no impidieron que continu\u00e1ramos destac\u00e1ndonos en las \u00e1reas de servicio, docencia e investigaci\u00f3n. El 2026 se perfila como un a\u00f1o a\u00fan m\u00e1s desafiante, ya que ser\u00e1 un per\u00edodo de transici\u00f3n importante para nuestra secci\u00f3n. Durante este a\u00f1o, el Dr. Salvador Vil\u00e1, la Dra. Mar\u00eda Bidot y este servidor nos retiraremos de la instituci\u00f3n.<\/h3>\n<p>[\/vc_column_text]<div class=\" ubtn-ctn-left \"><a class=\"ubtn-link ult-adjust-bottom-margin ubtn-left ubtn-normal \" href=\"https:\/\/md.rcm.upr.edu\/rai\/wp-content\/uploads\/sites\/6\/2026\/03\/la-coyuntura-2026.pdf\" ><button type=\"button\" id=\"ubtn-7207\"  class=\"ubtn ult-adjust-bottom-margin ult-responsive ubtn-normal ubtn-no-hover-bg  none  ubtn-sep-icon ubtn-sep-icon-right-push  ubtn-left   tooltip-69d06d36645e2\"  data-hover=\"#ffffff\" data-border-color=\"\" data-bg=\"#e01818\" data-hover-bg=\"#1e73be\" data-border-hover=\"\" data-shadow-hover=\"\" data-shadow-click=\"none\" data-shadow=\"\" data-shd-shadow=\"\"  data-ultimate-target='#ubtn-7207'  data-responsive-json-new='{\"font-size\":\"desktop:24px;\",\"line-height\":\"\"}'  style=\"text-decoration:underline;font-weight:normal;border:none;background: #e01818;color: #ffffff;\"><span class=\"ubtn-data ubtn-icon\"><i class=\"far fa-file-pdf\" style=\"font-size:24px;color:;\"><\/i><\/span><span class=\"ubtn-hover\" style=\"background-color:#1e73be\"><\/span><span class=\"ubtn-data ubtn-text \" >Descargar<\/span><\/button><\/a><\/div>[\/vc_column_inner][\/vc_row_inner][\/vc_column][\/vc_row][vc_row][vc_column][vc_row_inner][vc_column_inner][vc_empty_space]<div id=\"ultimate-heading-836569d06d3664678\" class=\"uvc-heading ult-adjust-bottom-margin ultimate-heading-836569d06d3664678 uvc-3520  uvc-heading-default-font-sizes\" data-hspacer=\"line_only\"  data-halign=\"left\" style=\"text-align:left\"><div class=\"uvc-main-heading ult-responsive\"  data-ultimate-target='.uvc-heading.ultimate-heading-836569d06d3664678 h2'  data-responsive-json-new='{\"font-size\":\"\",\"line-height\":\"\"}' ><h2 style=\"--font-weight:theme;\">N\u00fameros anteriores<\/h2><\/div><div class=\"uvc-heading-spacer line_only\" style=\"topheight:2px;\"><span class=\"uvc-headings-line\" style=\"border-style:solid;border-bottom-width:2px;border-color:#dd3333;width:700px;\"><\/span><\/div><\/div>[vc_empty_space][\/vc_column_inner][\/vc_row_inner][\/vc_column][\/vc_row][vc_row][vc_column width=&#8221;1\/3&#8243;][vc_single_image image=&#8221;1583&#8243; img_size=&#8221;large&#8221; alignment=&#8221;center&#8221; onclick=&#8221;custom_link&#8221; css=&#8221;&#8221; link=&#8221;https:\/\/md.rcm.upr.edu\/rai\/wp-content\/uploads\/sites\/6\/2025\/08\/La_Coyuntura2025_web.pdf&#8221;][vc_btn title=&#8221;Haga clic aqu\u00ed para descargar&#8221; color=&#8221;black&#8221; size=&#8221;sm&#8221; align=&#8221;center&#8221; i_icon_fontawesome=&#8221;&#8221; css=&#8221;&#8221; add_icon=&#8221;true&#8221; link=&#8221;url:https%3A%2F%2Fmd.rcm.upr.edu%2Frai%2Fwp-content%2Fuploads%2Fsites%2F6%2F2024%2F02%2FLA-COYUNTURA-2024.pdf&#8221;][\/vc_column][vc_column width=&#8221;1\/3&#8243;][vc_single_image image=&#8221;1507&#8243; img_size=&#8221;large&#8221; alignment=&#8221;center&#8221; onclick=&#8221;custom_link&#8221; css=&#8221;&#8221; link=&#8221;https:\/\/md.rcm.upr.edu\/rai\/wp-content\/uploads\/sites\/6\/2024\/02\/LA-COYUNTURA-2024.pdf&#8221;][vc_btn title=&#8221;Haga clic aqu\u00ed para descargar&#8221; color=&#8221;black&#8221; size=&#8221;sm&#8221; align=&#8221;center&#8221; i_icon_fontawesome=&#8221;&#8221; css=&#8221;&#8221; add_icon=&#8221;true&#8221; link=&#8221;url:https%3A%2F%2Fmd.rcm.upr.edu%2Frai%2Fwp-content%2Fuploads%2Fsites%2F6%2F2024%2F02%2FLA-COYUNTURA-2024.pdf&#8221;][\/vc_column][vc_column width=&#8221;1\/3&#8243;][vc_single_image image=&#8221;1443&#8243; img_size=&#8221;large&#8221; alignment=&#8221;center&#8221; onclick=&#8221;custom_link&#8221; link=&#8221;https:\/\/md.rcm.upr.edu\/rai\/wp-content\/uploads\/sites\/6\/2023\/02\/vol06ed01_feb_2023_la_coyuntura.pdf&#8221;][vc_btn title=&#8221;Haga clic aqu\u00ed para descargar&#8221; color=&#8221;black&#8221; size=&#8221;sm&#8221; align=&#8221;center&#8221; i_icon_fontawesome=&#8221;far fa-file-pdf&#8221; add_icon=&#8221;true&#8221; link=&#8221;url:https%3A%2F%2Fmd.rcm.upr.edu%2Frai%2Fwp-content%2Fuploads%2Fsites%2F6%2F2023%2F02%2Fvol06ed01_feb_2023_la_coyuntura.pdf&#8221;][\/vc_column][\/vc_row][vc_row][vc_column][vc_empty_space][\/vc_column][\/vc_row][vc_row][vc_column width=&#8221;1\/3&#8243;][vc_single_image image=&#8221;1363&#8243; img_size=&#8221;large&#8221; alignment=&#8221;center&#8221; onclick=&#8221;custom_link&#8221; link=&#8221;https:\/\/md.rcm.upr.edu\/rai\/wp-content\/uploads\/sites\/6\/2022\/02\/vol05ed01_feb_2022_la_coyuntura.pdf&#8221;][vc_btn title=&#8221;Haga clic aqu\u00ed para descargar&#8221; color=&#8221;black&#8221; size=&#8221;sm&#8221; align=&#8221;center&#8221; i_icon_fontawesome=&#8221;far fa-file-pdf&#8221; add_icon=&#8221;true&#8221; link=&#8221;url:https%3A%2F%2Fmd.rcm.upr.edu%2Frai%2Fwp-content%2Fuploads%2Fsites%2F6%2F2022%2F02%2Fvol05ed01_feb_2022_la_coyuntura.pdf&#8221;][\/vc_column][vc_column width=&#8221;1\/3&#8243;][vc_single_image image=&#8221;1316&#8243; img_size=&#8221;large&#8221; alignment=&#8221;center&#8221; onclick=&#8221;custom_link&#8221; link=&#8221;https:\/\/md.rcm.upr.edu\/rai\/wp-content\/uploads\/sites\/6\/2021\/02\/vol04ed01_feb_2021_la_coyuntura.pdf&#8221;][vc_btn title=&#8221;Haga clic aqu\u00ed para descargar&#8221; color=&#8221;black&#8221; size=&#8221;sm&#8221; align=&#8221;center&#8221; i_icon_fontawesome=&#8221;far fa-file-pdf&#8221; add_icon=&#8221;true&#8221; link=&#8221;url:https%3A%2F%2Fmd.rcm.upr.edu%2Frai%2Fwp-content%2Fuploads%2Fsites%2F6%2F2021%2F02%2Fvol04ed01_feb_2021_la_coyuntura.pdf&#8221;][\/vc_column][vc_column width=&#8221;1\/3&#8243;][vc_single_image image=&#8221;1322&#8243; img_size=&#8221;large&#8221; alignment=&#8221;center&#8221; onclick=&#8221;custom_link&#8221; link=&#8221;https:\/\/md.rcm.upr.edu\/rai\/wp-content\/uploads\/sites\/6\/2021\/02\/vol03ed01_feb_2020_la_coyuntura.pdf&#8221;][vc_btn title=&#8221;Haga clic aqu\u00ed para descargar&#8221; color=&#8221;black&#8221; size=&#8221;sm&#8221; align=&#8221;center&#8221; i_icon_fontawesome=&#8221;far fa-file-pdf&#8221; add_icon=&#8221;true&#8221; link=&#8221;url:https%3A%2F%2Fmd.rcm.upr.edu%2Frai%2Fwp-content%2Fuploads%2Fsites%2F6%2F2021%2F02%2Fvol03ed01_feb_2020_la_coyuntura.pdf&#8221;][\/vc_column][\/vc_row][vc_row][vc_column width=&#8221;1\/3&#8243;][vc_single_image image=&#8221;1321&#8243; img_size=&#8221;large&#8221; alignment=&#8221;center&#8221; onclick=&#8221;custom_link&#8221; link=&#8221;https:\/\/md.rcm.upr.edu\/rai\/wp-content\/uploads\/sites\/6\/2019\/08\/vol02ed01_feb_2019_la_coyuntura.pdf&#8221;][vc_btn title=&#8221;Haga clic aqu\u00ed para descargar&#8221; color=&#8221;black&#8221; size=&#8221;sm&#8221; align=&#8221;center&#8221; i_icon_fontawesome=&#8221;far fa-file-pdf&#8221; add_icon=&#8221;true&#8221; link=&#8221;url:https%3A%2F%2Fmd.rcm.upr.edu%2Frai%2Fwp-content%2Fuploads%2Fsites%2F6%2F2019%2F08%2Fvol02ed01_feb_2019_la_coyuntura.pdf&#8221;][\/vc_column][vc_column width=&#8221;1\/3&#8243;][vc_single_image image=&#8221;1320&#8243; img_size=&#8221;large&#8221; alignment=&#8221;center&#8221; onclick=&#8221;custom_link&#8221; link=&#8221;https:\/\/md.rcm.upr.edu\/rai\/wp-content\/uploads\/sites\/6\/2018\/03\/vol01ed01_feb_2018_la_coyuntura.pdf&#8221;][vc_btn title=&#8221;Haga clic aqu\u00ed para descargar&#8221; color=&#8221;black&#8221; size=&#8221;sm&#8221; align=&#8221;center&#8221; i_icon_fontawesome=&#8221;far fa-file-pdf&#8221; add_icon=&#8221;true&#8221; link=&#8221;url:https%3A%2F%2Fmd.rcm.upr.edu%2Frai%2Fwp-content%2Fuploads%2Fsites%2F6%2F2018%2F03%2Fvol01ed01_feb_2018_la_coyuntura.pdf&#8221;][\/vc_column][vc_column width=&#8221;1\/3&#8243;][\/vc_column][\/vc_row]<\/p>\n<\/div>","protected":false},"excerpt":{"rendered":"<p>[vc_row][vc_column][vc_empty_space][vc_row_inner equal_height=&#8221;yes&#8221;][vc_column_inner width=&#8221;1\/2&#8243;][vc_column_text] El bolet\u00edn La Coyuntura se origin\u00f3 en 2018 como una iniciativa y contribuci\u00f3n de la Dra. Gabriela Montes, quien en ese momento se desempe\u00f1aba como Becaria Principal del Programa de Adiestramiento en Reumatolog\u00eda de la Universidad de Puerto Rico (UPR). El objetivo principal de La Coyuntura, como su nombre lo indica, es&hellip;<\/p>\n","protected":false},"author":1,"featured_media":1604,"parent":63,"menu_order":0,"comment_status":"closed","ping_status":"closed","template":"","meta":{"footnotes":""},"class_list":["post-1323","page","type-page","status-publish","has-post-thumbnail","hentry","description-off"],"aioseo_notices":[],"_links":{"self":[{"href":"https:\/\/md.rcm.upr.edu\/rai\/wp-json\/wp\/v2\/pages\/1323","targetHints":{"allow":["GET"]}}],"collection":[{"href":"https:\/\/md.rcm.upr.edu\/rai\/wp-json\/wp\/v2\/pages"}],"about":[{"href":"https:\/\/md.rcm.upr.edu\/rai\/wp-json\/wp\/v2\/types\/page"}],"author":[{"embeddable":true,"href":"https:\/\/md.rcm.upr.edu\/rai\/wp-json\/wp\/v2\/users\/1"}],"replies":[{"embeddable":true,"href":"https:\/\/md.rcm.upr.edu\/rai\/wp-json\/wp\/v2\/comments?post=1323"}],"version-history":[{"count":3,"href":"https:\/\/md.rcm.upr.edu\/rai\/wp-json\/wp\/v2\/pages\/1323\/revisions"}],"predecessor-version":[{"id":1606,"href":"https:\/\/md.rcm.upr.edu\/rai\/wp-json\/wp\/v2\/pages\/1323\/revisions\/1606"}],"up":[{"embeddable":true,"href":"https:\/\/md.rcm.upr.edu\/rai\/wp-json\/wp\/v2\/pages\/63"}],"wp:featuredmedia":[{"embeddable":true,"href":"https:\/\/md.rcm.upr.edu\/rai\/wp-json\/wp\/v2\/media\/1604"}],"wp:attachment":[{"href":"https:\/\/md.rcm.upr.edu\/rai\/wp-json\/wp\/v2\/media?parent=1323"}],"curies":[{"name":"wp","href":"https:\/\/api.w.org\/{rel}","templated":true}]}}