{"id":1510,"date":"2024-03-11T14:08:13","date_gmt":"2024-03-11T18:08:13","guid":{"rendered":"https:\/\/md.rcm.upr.edu\/rai\/?page_id=1510"},"modified":"2025-12-17T14:11:46","modified_gmt":"2025-12-17T18:11:46","slug":"educacion-a-pacientes","status":"publish","type":"page","link":"https:\/\/md.rcm.upr.edu\/rai\/rheumatology-section\/educacion-a-pacientes\/","title":{"rendered":"Educaci\u00f3n a Pacientes"},"content":{"rendered":"<div class=\"wpb-content-wrapper\"><p>[vc_row][vc_column]<div id=\"ultimate-heading-68269d08c1eecfbd\" class=\"uvc-heading ult-adjust-bottom-margin ultimate-heading-68269d08c1eecfbd uvc-526  uvc-heading-default-font-sizes\" data-hspacer=\"no_spacer\"  data-halign=\"left\" style=\"text-align:left\"><div class=\"uvc-heading-spacer no_spacer\" style=\"top\"><\/div><div class=\"uvc-main-heading ult-responsive\"  data-ultimate-target='.uvc-heading.ultimate-heading-68269d08c1eecfbd h2'  data-responsive-json-new='{\"font-size\":\"\",\"line-height\":\"\"}' ><h2 style=\"--font-weight:theme;\">Hablemos de Salud \u2013 El Nuevo D\u00eda<\/h2><\/div><\/div>[vc_empty_space][\/vc_column][\/vc_row][vc_row type=&#8221;vc_default&#8221; content_placement=&#8221;middle&#8221;][vc_column][vc_column_text]Los miembros de la Facultad y los Residentes de la Secci\u00f3n de Reumatolog\u00eda colaboran con el peri\u00f3dico <a href=\"https:\/\/www.elnuevodia.com\/\"><strong>El Nuevo D\u00eda<\/strong><\/a> en su secci\u00f3n &#8220;Hablemos de Salud&#8221;, contribuyendo con art\u00edculos informativos sobre diversas condiciones reum\u00e1ticas, los cuales pueden ser encontrados en esta secci\u00f3n.[\/vc_column_text][\/vc_column][\/vc_row][vc_row][vc_column width=&#8221;1\/4&#8243;][vc_single_image image=&#8221;1550&#8243; img_size=&#8221;full&#8221; alignment=&#8221;center&#8221; onclick=&#8221;custom_link&#8221; css=&#8221;&#8221; link=&#8221;https:\/\/md.rcm.upr.edu\/rai\/wp-content\/uploads\/sites\/6\/2024\/04\/tratamientos-osteoporosis.pdf&#8221;][\/vc_column][vc_column width=&#8221;1\/4&#8243;][vc_single_image image=&#8221;1511&#8243; img_size=&#8221;full&#8221; alignment=&#8221;center&#8221; onclick=&#8221;custom_link&#8221; link=&#8221;https:\/\/md.rcm.upr.edu\/rai\/wp-content\/uploads\/sites\/6\/2024\/03\/10-consejos-para-pacientes-con-Lupus.pdf&#8221;][\/vc_column][vc_column width=&#8221;1\/4&#8243;][vc_single_image image=&#8221;1513&#8243; img_size=&#8221;full&#8221; alignment=&#8221;center&#8221; onclick=&#8221;custom_link&#8221; link=&#8221;https:\/\/md.rcm.upr.edu\/rai\/wp-content\/uploads\/sites\/6\/2024\/03\/Ariana-y-RA-y-cardiovascular.pdf&#8221;][\/vc_column][vc_column width=&#8221;1\/4&#8243;][vc_single_image image=&#8221;1515&#8243; img_size=&#8221;full&#8221; alignment=&#8221;center&#8221; onclick=&#8221;custom_link&#8221; link=&#8221;https:\/\/md.rcm.upr.edu\/rai\/wp-content\/uploads\/sites\/6\/2024\/03\/Dr.-Vila-and-Sjorgrens.pdf&#8221;][\/vc_column][\/vc_row][vc_row][vc_column width=&#8221;1\/4&#8243;][vc_single_image image=&#8221;1517&#8243; img_size=&#8221;full&#8221; alignment=&#8221;center&#8221; onclick=&#8221;custom_link&#8221; link=&#8221;https:\/\/md.rcm.upr.edu\/rai\/wp-content\/uploads\/sites\/6\/2024\/03\/Dra.-Rios-Polymyalgia.pdf&#8221;][\/vc_column][vc_column width=&#8221;1\/4&#8243;][vc_single_image image=&#8221;1519&#8243; img_size=&#8221;full&#8221; alignment=&#8221;center&#8221; onclick=&#8221;custom_link&#8221; link=&#8221;https:\/\/md.rcm.upr.edu\/rai\/wp-content\/uploads\/sites\/6\/2024\/03\/Escleroderma-Dra.-Grissel-Rios.pdf&#8221;][\/vc_column][vc_column width=&#8221;1\/4&#8243;][vc_single_image image=&#8221;1521&#8243; img_size=&#8221;full&#8221; alignment=&#8221;center&#8221; onclick=&#8221;custom_link&#8221; link=&#8221;https:\/\/md.rcm.upr.edu\/rai\/wp-content\/uploads\/sites\/6\/2024\/03\/Gota-una-artritis-mas-alla.pdf&#8221;][\/vc_column][vc_column width=&#8221;1\/4&#8243;][vc_single_image image=&#8221;1523&#8243; img_size=&#8221;full&#8221; alignment=&#8221;center&#8221; onclick=&#8221;custom_link&#8221; link=&#8221;https:\/\/md.rcm.upr.edu\/rai\/wp-content\/uploads\/sites\/6\/2024\/03\/Ileana-Rivera-Dieta-Anti-inflamatoria.pdf&#8221;][\/vc_column][\/vc_row][vc_row][vc_column width=&#8221;1\/4&#8243;][vc_single_image image=&#8221;1525&#8243; img_size=&#8221;full&#8221; alignment=&#8221;center&#8221; onclick=&#8221;custom_link&#8221; link=&#8221;https:\/\/md.rcm.upr.edu\/rai\/wp-content\/uploads\/sites\/6\/2024\/03\/Keysha-Gonzalez-Raices-de-la-Salud.pdf&#8221;][\/vc_column][vc_column width=&#8221;1\/4&#8243;][vc_single_image image=&#8221;1527&#8243; img_size=&#8221;full&#8221; alignment=&#8221;center&#8221; onclick=&#8221;custom_link&#8221; link=&#8221;https:\/\/md.rcm.upr.edu\/rai\/wp-content\/uploads\/sites\/6\/2024\/03\/Laisha-Baez-Obesidad-y-Fibromyalgia.pdf&#8221;][\/vc_column][vc_column width=&#8221;1\/4&#8243;][vc_single_image image=&#8221;1529&#8243; img_size=&#8221;full&#8221; alignment=&#8221;center&#8221; onclick=&#8221;custom_link&#8221; link=&#8221;https:\/\/md.rcm.upr.edu\/rai\/wp-content\/uploads\/sites\/6\/2024\/03\/Luis-Vila-RA.pdf&#8221;][\/vc_column][vc_column width=&#8221;1\/4&#8243;][vc_single_image image=&#8221;1531&#8243; img_size=&#8221;full&#8221; alignment=&#8221;center&#8221; onclick=&#8221;custom_link&#8221; link=&#8221;https:\/\/md.rcm.upr.edu\/rai\/wp-content\/uploads\/sites\/6\/2024\/03\/Salvador-Vila-Check-Point-Inhibitors.pdf&#8221;][\/vc_column][\/vc_row][vc_row][vc_column width=&#8221;1\/4&#8243;][vc_single_image image=&#8221;1533&#8243; img_size=&#8221;full&#8221; alignment=&#8221;center&#8221; onclick=&#8221;custom_link&#8221; link=&#8221;https:\/\/md.rcm.upr.edu\/rai\/wp-content\/uploads\/sites\/6\/2024\/03\/Salvador-Vila-Ojo-a-la-Osteoporosis.pdf&#8221;][\/vc_column][vc_column width=&#8221;1\/4&#8243;][vc_single_image image=&#8221;1535&#8243; img_size=&#8221;full&#8221; alignment=&#8221;center&#8221; onclick=&#8221;custom_link&#8221; link=&#8221;https:\/\/md.rcm.upr.edu\/rai\/wp-content\/uploads\/sites\/6\/2024\/03\/Suheiry-Embarazo-y-Lupus.pdf&#8221;][\/vc_column][vc_column width=&#8221;1\/4&#8243;][vc_single_image image=&#8221;1537&#8243; img_size=&#8221;full&#8221; alignment=&#8221;center&#8221; onclick=&#8221;custom_link&#8221; link=&#8221;https:\/\/md.rcm.upr.edu\/rai\/wp-content\/uploads\/sites\/6\/2024\/03\/Vanessa-Rodriguez-Psoriasis.pdf&#8221;][\/vc_column][vc_column width=&#8221;1\/4&#8243;][\/vc_column][\/vc_row][vc_row][vc_column]<div id=\"ultimate-heading-807769d08c1eed021\" class=\"uvc-heading ult-adjust-bottom-margin ultimate-heading-807769d08c1eed021 uvc-9001  uvc-heading-default-font-sizes\" data-hspacer=\"no_spacer\"  data-halign=\"left\" style=\"text-align:left\"><div class=\"uvc-heading-spacer no_spacer\" style=\"top\"><\/div><div class=\"uvc-main-heading ult-responsive\"  data-ultimate-target='.uvc-heading.ultimate-heading-807769d08c1eed021 h2'  data-responsive-json-new='{\"font-size\":\"\",\"line-height\":\"\"}' ><h2 style=\"--font-weight:theme;\">Medicamentos Antirreum\u00e1ticos<\/h2><\/div><\/div>[vc_empty_space][\/vc_column][\/vc_row][vc_row type=&#8221;vc_default&#8221; content_placement=&#8221;middle&#8221;][vc_column][vc_column_text css=&#8221;&#8221;]Aqu\u00ed encontrar\u00e1n informaci\u00f3n detallada sobre las indicaciones, mecanismo de acci\u00f3n, dosificaci\u00f3n, administraci\u00f3n y efectos adversos de los medicamentos antirreum\u00e1ticos m\u00e1s utilizados. Esta compilaci\u00f3n es el resultado de una colaboraci\u00f3n entre la Escuela de Farmacia y la Secci\u00f3n de Reumatolog\u00eda del Recinto de Ciencias M\u00e9dicas de la Universidad de Puerto Rico.<\/p>\n<ul>\n<li><a href=\"https:\/\/md.rcm.upr.edu\/rai\/wp-content\/uploads\/sites\/6\/2024\/05\/antagonistas-TNF-alfa.pdf\">Antagonistas de TNF-alfa<\/a><\/li>\n<li><a href=\"https:\/\/md.rcm.upr.edu\/rai\/wp-content\/uploads\/sites\/6\/2024\/05\/hidroxicloroquina-Plaquenil.pdf\">Hidroxicloroquina (Plaquenil)<\/a><\/li>\n<li><a href=\"https:\/\/md.rcm.upr.edu\/rai\/wp-content\/uploads\/sites\/6\/2024\/05\/metotrexato.pdf\">Metotrexato<\/a><\/li>\n<li><a href=\"https:\/\/md.rcm.upr.edu\/rai\/wp-content\/uploads\/sites\/6\/2024\/05\/micofenolato-mofetil-Cellcept.pdf\">Micofenolate mofetil (CellCept)<\/a><\/li>\n<li><a href=\"https:\/\/md.rcm.upr.edu\/rai\/wp-content\/uploads\/sites\/6\/2024\/05\/prednisona.pdf\">Prednisona<\/a><\/li>\n<li><a href=\"https:\/\/md.rcm.upr.edu\/rai\/wp-content\/uploads\/sites\/6\/2024\/05\/sulfasalazina-Azulfidine.pdf\">Sulfasalazina (Azulfidine)<\/a><\/li>\n<\/ul>\n<p>[\/vc_column_text][\/vc_column][\/vc_row][vc_row][vc_column]<div id=\"ultimate-heading-347269d08c1eed06c\" class=\"uvc-heading ult-adjust-bottom-margin ultimate-heading-347269d08c1eed06c uvc-2251  uvc-heading-default-font-sizes\" data-hspacer=\"no_spacer\"  data-halign=\"left\" style=\"text-align:left\"><div class=\"uvc-heading-spacer no_spacer\" style=\"top\"><\/div><div class=\"uvc-main-heading ult-responsive\"  data-ultimate-target='.uvc-heading.ultimate-heading-347269d08c1eed06c h2'  data-responsive-json-new='{\"font-size\":\"\",\"line-height\":\"\"}' ><h2 style=\"--font-weight:theme;\">Otras Fuentes de Materiales Educativos<\/h2><\/div><\/div>[vc_empty_space][\/vc_column][\/vc_row][vc_row type=&#8221;vc_default&#8221; content_placement=&#8221;middle&#8221;][vc_column][vc_column_text]En esta secci\u00f3n encontrar\u00e1 los enlaces de otras fuentes confiables de materiales, recursos y v\u00eddeos educativos en espa\u00f1ol.<\/p>\n<p><strong>La Fundaci\u00f3n de Artritis<\/strong><\/p>\n<p><a href=\"https:\/\/espanol.arthritis.org\">https:\/\/espanol.arthritis.org<\/a><\/p>\n<p>Adem\u00e1s de proveer educaci\u00f3n sobre las distintas enfermedades reum\u00e1ticas, la <strong>Fundaci\u00f3n de Artritis<\/strong> ofrece recursos para combatir y prevenir el dolor y una amplia variedad de v\u00eddeos de ejercicios enfocados a los pacientes con condiciones reum\u00e1ticas.<\/p>\n<p><strong>Colegio Americano de Reumatolog\u00eda<\/strong><\/p>\n<p><a href=\"https:\/\/rheumatology.org\/patients\/enfermedades-y-condiciones\">https:\/\/rheumatology.org\/patients\/enfermedades-y-condiciones<\/a><\/p>\n<p>Aqu\u00ed se ofrece informaci\u00f3n b\u00e1sica sobre las enfermedades y condiciones reum\u00e1ticas m\u00e1s comunes, como las causas, signos y s\u00edntomas comunes, diagn\u00f3stico, tratamientos y t\u00f3picos que debe discutir con sus proveedores de salud sobre su condici\u00f3n reum\u00e1tica.<\/p>\n<p><strong>Instituto Nacional de Artritis y Enfermedades Musculoesquel\u00e9ticas y de la Piel<\/strong> (NIAMS, por sus siglas en ingl\u00e9s).<\/p>\n<p><a href=\"https:\/\/www.niams.nih.gov\/es\/portal-en-espanol\">https:\/\/www.niams.nih.gov\/es\/portal-en-espanol<\/a><\/p>\n<p>Aqu\u00ed hallar\u00e1 informaci\u00f3n sobre diversos temas de salud, avances en las investigaciones, estudios cl\u00ednicos y recursos de alcance comunitario.<\/p>\n<p><strong>Centros para el Control y la Prevenci\u00f3n de Enfermedades<\/strong> (CDC, por sus siglas en ingl\u00e9s)<\/p>\n<p><a href=\"https:\/\/www.cdc.gov\/spanish\/\">https:\/\/www.cdc.gov\/spanish\/<\/a><\/p>\n<p>En la <strong><em>Secci\u00f3n de Temas de Salud<\/em><\/strong> encontrar\u00e1 una amplia variedad de enfermedades y condiciones, adem\u00e1s de informaci\u00f3n sobre vida saludable, lugar de trabajo seguro, salud ambiental, lesiones, violencia y seguridad, y salud global, entre otros.<\/p>\n<p><strong>Centro Nacional de Recursos sobre el Lupus<\/strong><\/p>\n<p><a href=\"https:\/\/www.lupus.org\/es\/resources\">https:\/\/www.lupus.org\/es\/resources<\/a><\/p>\n<p>Este centro presenta informaci\u00f3n actualizada sobre la mayor\u00eda de los t\u00f3picos acerca del lupus.<\/p>\n<p><strong>Fundaci\u00f3n de Vasculitis<\/strong><\/p>\n<p><a href=\"https:\/\/www.vasculitisfoundation.org\/mcm_webinar\/aprendiendo-de-vasculitis\/\">https:\/\/www.vasculitisfoundation.org\/mcm_webinar\/aprendiendo-de-vasculitis\/<\/a><\/p>\n<p>En <strong><em>Aprendiendo de Vaculitis<\/em><\/strong>, la Fundaci\u00f3n presenta una serie de videos educativos para ampliar su conocimiento sobre la vasculitis.<\/p>\n<p><strong>La Fundaci\u00f3n Puertorrique\u00f1a de Enfermedades Reum\u00e1ticas<\/strong><\/p>\n<p><a href=\"https:\/\/www.fundacionfer.org\/es\">https:\/\/www.fundacionfer.org\/es<\/a><\/p>\n<p>Esta organizaci\u00f3n tiene como misi\u00f3n la educaci\u00f3n, investigaci\u00f3n, apoyo y apoderamiento de pacientes con condiciones reum\u00e1ticas. Contiene videos informativos, art\u00edculos y las transmisiones radiales de su programa <strong><em>Hablemos de Reumatolog\u00eda<\/em><\/strong>.[\/vc_column_text][\/vc_column][\/vc_row]<\/p>\n<\/div>","protected":false},"excerpt":{"rendered":"<p>[vc_row][vc_column][vc_empty_space][\/vc_column][\/vc_row][vc_row type=&#8221;vc_default&#8221; content_placement=&#8221;middle&#8221;][vc_column][vc_column_text]Los miembros de la Facultad y los Residentes de la Secci\u00f3n de Reumatolog\u00eda colaboran con el peri\u00f3dico El Nuevo D\u00eda en su secci\u00f3n &#8220;Hablemos de Salud&#8221;, contribuyendo con art\u00edculos informativos sobre diversas condiciones reum\u00e1ticas, los cuales pueden ser encontrados en esta secci\u00f3n.[\/vc_column_text][\/vc_column][\/vc_row][vc_row][vc_column width=&#8221;1\/4&#8243;][vc_single_image image=&#8221;1550&#8243; img_size=&#8221;full&#8221; alignment=&#8221;center&#8221; onclick=&#8221;custom_link&#8221; css=&#8221;&#8221; link=&#8221;https:\/\/md.rcm.upr.edu\/rai\/wp-content\/uploads\/sites\/6\/2024\/04\/tratamientos-osteoporosis.pdf&#8221;][\/vc_column][vc_column width=&#8221;1\/4&#8243;][vc_single_image image=&#8221;1511&#8243; img_size=&#8221;full&#8221; alignment=&#8221;center&#8221;&hellip;<\/p>\n","protected":false},"author":1,"featured_media":571,"parent":63,"menu_order":0,"comment_status":"closed","ping_status":"closed","template":"","meta":{"footnotes":""},"class_list":["post-1510","page","type-page","status-publish","has-post-thumbnail","hentry","description-off"],"aioseo_notices":[],"_links":{"self":[{"href":"https:\/\/md.rcm.upr.edu\/rai\/wp-json\/wp\/v2\/pages\/1510","targetHints":{"allow":["GET"]}}],"collection":[{"href":"https:\/\/md.rcm.upr.edu\/rai\/wp-json\/wp\/v2\/pages"}],"about":[{"href":"https:\/\/md.rcm.upr.edu\/rai\/wp-json\/wp\/v2\/types\/page"}],"author":[{"embeddable":true,"href":"https:\/\/md.rcm.upr.edu\/rai\/wp-json\/wp\/v2\/users\/1"}],"replies":[{"embeddable":true,"href":"https:\/\/md.rcm.upr.edu\/rai\/wp-json\/wp\/v2\/comments?post=1510"}],"version-history":[{"count":1,"href":"https:\/\/md.rcm.upr.edu\/rai\/wp-json\/wp\/v2\/pages\/1510\/revisions"}],"predecessor-version":[{"id":1600,"href":"https:\/\/md.rcm.upr.edu\/rai\/wp-json\/wp\/v2\/pages\/1510\/revisions\/1600"}],"up":[{"embeddable":true,"href":"https:\/\/md.rcm.upr.edu\/rai\/wp-json\/wp\/v2\/pages\/63"}],"wp:featuredmedia":[{"embeddable":true,"href":"https:\/\/md.rcm.upr.edu\/rai\/wp-json\/wp\/v2\/media\/571"}],"wp:attachment":[{"href":"https:\/\/md.rcm.upr.edu\/rai\/wp-json\/wp\/v2\/media?parent=1510"}],"curies":[{"name":"wp","href":"https:\/\/api.w.org\/{rel}","templated":true}]}}