{"id":46,"date":"2014-04-22T14:43:49","date_gmt":"2014-04-22T14:43:49","guid":{"rendered":"http:\/\/md.rcm.upr.edu\/rai\/?page_id=46"},"modified":"2026-01-20T11:46:19","modified_gmt":"2026-01-20T15:46:19","slug":"peer-reviewed-publications","status":"publish","type":"page","link":"https:\/\/md.rcm.upr.edu\/rai\/allergy-immunology-section\/peer-reviewed-publications\/","title":{"rendered":"Peer-Reviewed Publications"},"content":{"rendered":"<div class=\"wpb-content-wrapper\"><p>[vc_row][vc_column][vc_column_text css=&#8221;&#8221;]<\/p>\n<h2><span style=\"color: #800000;\"><strong>2025<\/strong><\/span><\/h2>\n<ol>\n<li>Cardet JC, Bailey JM, Hurley LP, Maher NE, Staton EW, Yawn BP, Zaeh SE, Israel E; other PREPARE investigators;; Apter AJ, Bradford P, Calderon-Candelario RA, Carroll JK, Chupp GL, Cohen R, Ericson B, Fuhlbrigge AL, Kaplan BM, Kruse JM, Nazario S, Pace WD, Pasarica M, Phipatanakul W, Riley IL, Rodriguez-Louis J, Shenoy K, Stranges PM, Tapp H, Wechsler ME. Maintenance of an Asthma Intervention Post-Trial: Use of a Patient-Activated Reliever-Triggered Inhaled Corticosteroid (PARTICS) Strategy in Black and Latinx Patients. J Am Board Fam Med. 2025 Mar-Apr;38(2):378-382.<\/li>\n<li>Nazario S, Tel\u00f3n-Sosa B, Arroyo-Cruz A, Guo K. Migration, educational, and asthma mortality disparities in the United States. J Allergy Clin Immunol Pract. 2025 Jul;13(7):1852-1854.e2.<\/li>\n<\/ol>\n<p>[\/vc_column_text][vc_column_text css=&#8221;&#8221;]<\/p>\n<h2><span style=\"color: #800000;\"><strong>2024<\/strong><\/span><\/h2>\n<ol>\n<li>Nazario S, Gonz\u00e1lez-Sep\u00falveda L, Tel\u00f3n-Sosa B, Rivas-Tumanyan S. Place of death from asthma differs by age, race, and ethnicity. Ann Allergy Asthma Immunol. 2023 Aug;131(2):268-269.<\/li>\n<\/ol>\n<p>[\/vc_column_text][vc_column_text]<\/p>\n<h2><span style=\"color: #800000;\"><strong>2023<\/strong><\/span><\/h2>\n<ol>\n<li>Nazario S, Gonz\u00e1lez-Sep\u00falveda L, Tel\u00f3n-Sosa B, Rivas-Tumanyan S. Place of death from asthma differs by age, race, and ethnicity. Ann Allergy Asthma Immunol. 2023 Aug;131(2):268-269.<\/li>\n<li>Ishmael L, Apter A, Busse PJ, Calderon-Candelario R, Carroll JK, Casale T, Celed\u00f3n JC, Cohen R, Coyne-Beasley T, Cui J, Ericson B, Hernandez P, Kaelber DC, Maher N, Merriman C, Mosnaim G, Nazario S, Phipatanakul W, Pinto-Plata V, Riley I, Shenoy K, Wisnivesky J, Yawn B, Israel E, Cardet JC. Asthma morbidity measures across Black ethnic subgroups. J Allergy Clin Immunol. 2023 Nov 23:S0091-6749(23)01470-7.<\/li>\n<li>Coppola-Fasick G, Gonz\u00e1lez-Sep\u00falveda L, Arce-Ayala Y, Ramos-Romey C, Nazario S. Recommendations to Improve the Influenza Immunization Rates of Respiratory Healthcare Professionals: A Survey Conducted in Puerto Rico. P R Health Sci J. 2023 Sep;42(3):207-211.<\/li>\n<li>Ugalde IC, Ratigan A, Merriman C, Cui J, Ericson B, Busse P, Carroll JK, Casale T, Celed\u00f3n JC, Coyne-Beasley T, Fagan M, Fuhlbrigge AL, Villarreal GG, Hernandez PA, Jariwala S, Kruse J, Maher NE, Manning B, Mosnaim G, Nazario S, Pace WD, Phipatanakul W, Pinto-Plata V, Riley I, Rodriguez-Louis J, Salciccioli J, Shenoy K, Shields JB, Tarabichi Y, Sosa BT, Wechsler ME, Wisnivesky J, Yawn B, Israel E, Cardet JC. Preference for and impact of telehealth vs in-person asthma visits among Black and Latinx adults. Ann Allergy Asthma Immunol. 2023 Nov;131(5):614-627.e2.<\/li>\n<\/ol>\n<p>[\/vc_column_text][vc_column_text]<\/p>\n<h2><span style=\"color: #800000;\"><strong>2022<\/strong><\/span><\/h2>\n<ol>\n<li>Israel E, Cardet JC, Carroll JK, Fuhlbrigge AL, She L, Rockhold FW, Maher NE, Fagan M, Forth VE, Yawn BP, Arias Hernandez P, Kruse JM, Manning BK, Rodriguez-Louis J, Shields JB, Ericson B, Colon-Moya AD, Madison S, Coyne-Beasley T, Hammer GM, Kaplan BM, Rand CS, Robles J, Thompson O, Wechsler ME, Wisnivesky JP, McKee MD, Jariwala SP, Jerschow E, Busse PJ, Kaelber DC, Nazario S, Hernandez ML, Apter AJ, Chang KL, Pinto-Plata V, Stranges PM, Hurley LP, Trevor J, Casale TB, Chupp G, Riley IL, Shenoy K, Pasarica M, Calderon-Candelario RA, Tapp H, Baydur A, Pace WD. Reliever-Triggered Inhaled Glucocorticoid in Black and Latinx Adults with Asthma. N Engl J Med. 2022 Apr 21;386(16):1505-1518.<\/li>\n<li>Nazario S, Gonz\u00e1lez-Sep\u00falveda L, Tel\u00f3n-Sosa B, Su\u00e1rez-P\u00e9rez EL. Inequalities in asthma mortality by ethnicity and race in the United States and Puerto Rico. J Allergy Clin Immunol Pract. 2022 Aug;10(8):2178-2180.<\/li>\n<li>Diaz-Ramos N, Nazario S, Malinow-Maceo I. Fixed drug eruption to aripiprazole, cetirizine, and hydroxyzine hydrochloride. Ann Allergy Asthma Immunol. 2022 Dec 12:S1081-1206(22)01992-5.<\/li>\n<\/ol>\n<p>[\/vc_column_text][vc_column_text]<\/p>\n<h2><span style=\"color: #800000;\"><strong>2021<\/strong><\/span><\/h2>\n<ol>\n<li>Israel E, Cardet JC, Carroll JK, Fuhlbrigge AL, Pace WD, Maher NE, She L, Rockhold FW, Fagan M, Forth VE, Hernandez PA, Manning BK, Rodriguez-Louis J, Shields JB, Coyne-Beasley T, Kaplan BM, Rand CS, Morales-Cosme W, Wechsler ME, Wisnivesky JP, White M, Yawn BP, McKee MD, Busse PJ, Kaelber DC, Nazario S, Hernandez ML, Apter AJ, Chang KL, Pinto-Plata V, Stranges PM, Hurley LP, Trevor J, Casale TB, Chupp G, Riley IL, Shenoy K, Pasarica M, Calderon-Candelario RA, Tapp H, Baydur A. A randomized, open-label, pragmatic study to assess reliever-triggered inhaled corticosteroid in African American\/Black and Hispanic\/Latinx adults with asthma: Design and methods of the PREPARE trial. Contemp Clin Trials. 2021 Feb;101:106246.<\/li>\n<\/ol>\n<p>[\/vc_column_text][vc_column_text]<\/p>\n<h2><span style=\"color: #800000;\"><strong>2020<\/strong><\/span><\/h2>\n<ol>\n<li>Cardet JC, Busse PJ, Carroll JK, Casale TB, Coyne-Beasley T, Dixon-Williams S, Fagan M, Forth VE, Fuhlbrigge AL, Hernandez ML, Kaelber D, Kaplan B, Lorenzi M, Madison S, Maher NE, Majewski K, Manning B, McKee MD, Nazario S, Pace WD, Pencina MJ, Rand CS, Rodriguez-Louis J, She L, Shields J, Teng JE, Wechsler ME, Wisnivesky JP, Yawn BP, Israel E. Adherence to adding inhaled corticosteroids to rescue therapy in a pragmatic trial with adults with asthma: A pilot study. Ann Allergy Asthma Immunol. 2020 May;124(5):487-493<\/li>\n<li>Coppola-Fasick G, Nazario S. Recurrent otitis externa owing to allergic contact dermatitis to topical medications. Ann Allergy Asthma Immunol. 2020 Nov; 125(5):616-617.<\/li>\n<li>Ben\u00edtez-Ortiz Y, Nazario S. Tense Bullae as a Rare Skin Manifestation of Hereditary Angioedema. J Allergy Clin Immunol Practice. Nov-Dec 2020; 8(10):3586.<\/li>\n<li>Israel E, Cardet JC, Carroll JK, Fuhlbrigge AL, Pace WD, Maher NE, She L, Rockhold FW, Fagan M, Forth VE, Hernandez PA, Manning BK, Rodriguez-Louis J, Shields JB, Coyne-Beasley T, Kaplan BM, Rand CS, Morales-Cosme W, Wechsler ME, Wisnivesky JP, White M, Yawn BP, McKee MD, Busse PJ, Kaelber DC, Nazario S, Hernandez ML, Apter AJ, Chang KL, Pinto-Plata V, Stranges PM, Hurley LP, Trevor J, Casale TB, Chupp G, Riley IL, Shenoy K, Pasarica M, Calderon-Candelario RA, Tapp H, Baydur A. A randomized, open-label, pragmatic study to assess reliever-triggered inhaled corticosteroid in African American\/Black and Hispanic\/Latinx adults with asthma: Design and methods of the PREPARE trial. Contemp Clin Trials. 2020 Dec 11:106246.<\/li>\n<\/ol>\n<h2><span style=\"color: #800000;\"><strong>2019<\/strong><\/span><\/h2>\n<ol>\n<li>Arce-Ayala YM, Diaz-Algorri Y, Craig T, Cristina Ramos-Romey. Clinical profile and quality of life of Puerto Ricans with hereditary angioedema. Allergy Asthma Proc. 2019 Mar 1; 40(2):103-110.<\/li>\n<li>Watts-Oquendo ET, Coppola-Fasick G, Arroyo-Flores E, Soto-Salgado M, Nazario S. Effect of topical pramoxine hydrochloride on discomfort, wheal and flare associated with epicutaneous allergy test. Ann Allergy Asthma Immunol. 2019 Jun; 122(6):652-653.<\/li>\n<\/ol>\n<h2><span style=\"color: #800000;\"><strong>2018<\/strong><\/span><\/h2>\n<ol>\n<li>Arce-Ayala YM, Diaz-Algorri Y, Craig T, Ramos-Romey C. Clinical profile and quality of life of Puerto Ricans with hereditary angioedema. Allergy Asthma Proc. 2019 Mar 1; 40(2):103-110.<\/li>\n<li>Watts-Oquendo ET, Coppola-Fasick G, Arroyo-Flores E, Soto-Salgado M, Nazario S. Ann Allergy Asthma Immunol. Effect of topical pramoxine hydrochloride on discomfort, wheal and flare associated with epicutaneous allergy test. 2019 Jun; 122(6):652-653.<\/li>\n<\/ol>\n<h2><span style=\"color: #800000;\"><strong>2017<\/strong><\/span><\/h2>\n<ol>\n<li>Perez-Lopez CJ, Arroyo E, Rodriguez M, Ortiz D, Nazario S. Disseminated Mycobacterium avium intracellulare leading to protein-losing enteropathy in an elderly man with idiopathic CD4 lymphocytopenia. Ann Allergy Asthma Immunol. 2017 Oct; 119(4):390-391<\/li>\n<li>Cosme-Blanco W, Arroyo-Flores E, Nazario S. Zika virus infection as a trigger of atopic dermatitis. Ann Allergy Asthma Immunol. 2017 Nov; 119(5):459-460.<\/li>\n<\/ol>\n<h2><span style=\"color: #800000;\"><strong>2016<\/strong><\/span><\/h2>\n<ol>\n<li>Rodr\u00edguez-Roa M, Nazario S, Ramos C. A 47-year-old man with tongue swelling. Allergy Asthma Proc. 2016 Jul; 37(4):340-2.<\/li>\n<li>Ortiz-Mart\u00ednez MG, Fr\u00edas-Bel\u00e9n O, Nazario-Jim\u00e9nez S, L\u00f3pez-Quintero M, Rodr\u00edguez-Cotto RI, Jim\u00e9nez-V\u00e9lez BD. A case-control study of innate immunity pathway gene polymorphisms in Puerto Ricans reveals association of toll-like receptor 2\u2009+596 variant with asthma. BMC Pulm Med. 2016 Aug 5;16(1):112.<\/li>\n<\/ol>\n<h2><span style=\"color: #800000;\"><strong>2014<\/strong><\/span><\/h2>\n<ol>\n<li style=\"text-align: justify;\">Malinow I, Rivera-Santiago R, L\u00f3pez-Malpica F, Zaragoza R, Vel\u00e1zquez V, Acantilado C, Rodr\u00edguez R, Rivera A, L\u00f3pez-Almod\u00f3var C, Nazario S. <a href=\"http:\/\/136.145.90.90:2058\/pubmed\/25244881\">Association of the Asthma Control Test with peak flow measures in a population in Puerto Rico<\/a>. P R Health Sci J. 2014 Sep;33(3):122-8.<\/li>\n<\/ol>\n<h2><span style=\"color: #800000;\"><strong>2013<\/strong><\/span><\/h2>\n<ol>\n<li>Lara M, Ramos-Valencia G, Gonz\u00e1lez-Gavill\u00e1n JA, L\u00f3pez-Malpica F, Morales-Reyes B, Mar\u00edn H, Rodr\u00edguez-S\u00e1nchez MH, Mitchell H. <a href=\"http:\/\/www.ncbi.nlm.nih.gov\/pubmed\/23457147\">Reducing quality-of-care disparities in childhood asthma: La Red de Asma Infantil intervention in San Juan, Puerto Rico.<\/a> Pediatrics. 2013 Mar;131 Suppl 1:S26-37.<\/li>\n<\/ol>\n<h2><span style=\"color: #800000;\"><strong>2012<\/strong><\/span><\/h2>\n<ol>\n<li>Nazario S, Zaragoza R, Vel\u00e1zquez V, Ramos-Valencia G, Acantilado C, Rodr\u00edguez R, Rivera AM, Alvarez MM, L\u00f3pez-Almod\u00f3var C, L\u00f3pez-Malpica F. <a href=\"http:\/\/136.145.90.90:2058\/pubmed\/22432405\">Allergen sensitivity (mites, insects, and pets) in a Puerto Rican population.<\/a> P R Health Sci J. 2012 Mar;31(1):24-8.<\/li>\n<\/ol>\n<h2><span style=\"color: #800000;\"><strong>2011<\/strong><\/span><\/h2>\n<ol>\n<li><a title=\"More papers by F\u00e9lix E Rivera-Mariani\" href=\"http:\/\/pubget.com\/search?q=authors%3A%22F%C3%A9lix%20E%20Rivera-Mariani%22&amp;from=21506892\">F\u00e9lix E Rivera-Mariani<\/a> <em>,<\/em> <a title=\"More papers by Sylvette Nazario-Jim\u00e9nez\" href=\"http:\/\/pubget.com\/search?q=authors%3A%22Sylvette%20Nazario-Jim%C3%A9nez%22\">Sylvette Nazario-Jim\u00e9nez<\/a>, <a title=\"More papers by Fernando L\u00f3pez-Malpica\" href=\"http:\/\/pubget.com\/search?q=authors%3A%22Fernando%20L%C3%B3pez-Malpica%22\">Fernando L\u00f3pez-Malpica<\/a> and <a title=\"More papers by Benjam\u00edn Bola\u00f1os-Rosero\" href=\"http:\/\/pubget.com\/search?q=authors%3A%22Benjam%C3%ADn%20Bola%C3%B1os-Rosero%22\">Benjam\u00edn Bola\u00f1os-Rosero<\/a>. (2011) <a href=\"http:\/\/pubget.com\/paper\/21506892\">Skin test reactivity of allergic subjects to basidiomycetes\u2019 crude extracts in a tropical environment.<\/a> Med Mycol, e journal.<\/li>\n<li><a title=\"More papers by F\u00e9lix E Rivera-Mariani\" href=\"http:\/\/pubget.com\/search?q=authors%3A%22F%C3%A9lix%20E%20Rivera-Mariani%22&amp;from=21506892\">F\u00e9lix E Rivera-Mariani<\/a> <em>,<\/em> <a title=\"More papers by Sylvette Nazario-Jim\u00e9nez\" href=\"http:\/\/pubget.com\/search?q=authors%3A%22Sylvette%20Nazario-Jim%C3%A9nez%22\">Sylvette Nazario-Jim\u00e9nez<\/a>, <a title=\"More papers by Fernando L\u00f3pez-Malpica\" href=\"http:\/\/pubget.com\/search?q=authors%3A%22Fernando%20L%C3%B3pez-Malpica%22\">Fernando L\u00f3pez-Malpica<\/a> and <a title=\"More papers by Benjam\u00edn Bola\u00f1os-Rosero\" href=\"http:\/\/pubget.com\/search?q=authors%3A%22Benjam%C3%ADn%20Bola%C3%B1os-Rosero%22\">Benjam\u00edn Bola\u00f1os-Rosero<\/a>. (2011) <a href=\"http:\/\/pubget.com\/paper\/21346362\">Sensitization to Airborne Ascospores, Basidiospores, and Fungal Fragments in Allergic Rhinitis and Asthmatic Subjects in San Juan, Puerto Rico.<\/a> <a title=\"Get latest issue\" href=\"http:\/\/pubget.com\/search?q=latest%3AInternational+Archives+of+Allergy+and+Immunology&amp;from=21346362\">Int Arch Allergy Immunol<\/a> <a title=\"Get volume 155, issue 4\" href=\"http:\/\/pubget.com\/search?q=issn%3A1018-2438+vol%3A155+issue%3A4&amp;from=21346362\"><strong>155<\/strong>(4):322-334<\/a>.<\/li>\n<li>Sylvette Nazario, <a href=\"http:\/\/lib.bioinfo.pl\/auth:Acantilado,C\">Carmen Acantilado<\/a>, <a href=\"http:\/\/lib.bioinfo.pl\/auth:Alvarez,M\">Mar\u00eda Alvarez<\/a>, <a href=\"http:\/\/lib.bioinfo.pl\/auth:L%C3%B3pez-Almod%C3%B3var,C\">Carlos L\u00f3pez-Almod\u00f3var<\/a>, <a href=\"http:\/\/lib.bioinfo.pl\/auth:Ramos-Valencia,G\">Gilberto Ramos-Valencia<\/a>, <a href=\"http:\/\/lib.bioinfo.pl\/auth:Rivera,A\">Angel Rivera<\/a>, <a href=\"http:\/\/lib.bioinfo.pl\/auth:Rodr%C3%ADguez,R\">Ray Rodr\u00edguez<\/a>, <a href=\"http:\/\/lib.bioinfo.pl\/auth:Vel%C3%A1zquez,V\">Vylma Vel\u00e1zquez<\/a>, <a href=\"http:\/\/lib.bioinfo.pl\/auth:Zaragoza,R\">Rafael Zaragoza<\/a>, <a href=\"http:\/\/lib.bioinfo.pl\/auth:L%C3%B3pez-Malpica,F\">Fernando L\u00f3pez-Malpica<\/a>. (2011) Allergist role in asthma care in Puerto Rico. <a href=\"http:\/\/lib.bioinfo.pl\/pmid\/journal\/Bol%20Asoc%20Med%20P%20R\">Bol Asoc Med P R, 103 (1):18-21<\/a>.<\/li>\n<\/ol>\n<h2><span style=\"color: #800000;\"><strong>2009<\/strong><\/span><\/h2>\n<ol>\n<li>Vel\u00e1zquez V, Camacho C, Mercado-Qui\u00f1ones AE, Irizarry-Padilla J.<a href=\"http:\/\/www.ncbi.nlm.nih.gov\/pubmed\/19954096\">Eosinophilic esophagitis and allergies in the pediatric population of Puerto Rico.<\/a>Bol Asoc Med P R. 2009 Apr-Jun;101(2):21-2.<\/li>\n<li>Silva M, Mu\u00f1oz L, Diaz T, Mauney W, Vel\u00e1zquez V.<a href=\"http:\/\/www.ncbi.nlm.nih.gov\/pubmed\/19954095\">Epidemiological characterization of pediatric patients with status asthmaticus admitted to intensive care units.<\/a> Bol Asoc Med P R. 2009 Apr-Jun;101(2):17-20<\/li>\n<\/ol>\n<h2><span style=\"color: #800000;\"><strong>2008<\/strong><\/span><\/h2>\n<ol>\n<li>Sylvette Nazario. (2008) Asthma among Puerto Ricans. Bol Asoc Med P R., 100: 28-31.<\/li>\n<li>Ramos-Romey C, L\u00f3pez-Malpica F, Nazario S, Jim\u00e9nez-Vel\u00e1zquez IZ. (2008) <a href=\"http:\/\/www.ncbi.nlm.nih.gov\/pubmed\/19227714\">Urticaria in the elderly.<\/a> Bol Asoc Med P R, 100(3):32-5<\/li>\n<li>Galanter J, Choudhry S, Eng C, Nazario S, Rodr\u00edguez-Santana JR, Casal J, Torres-Palacios A, Salas J, Chapela R, Watson HG, Meade K, LeNoir M, Rodr\u00edguez-Cintr\u00f3n W, Avila PC, Burchard EG. (2008) <a href=\"http:\/\/www.ncbi.nlm.nih.gov\/pubmed\/18310477\">ORMDL3 gene is associated with asthma in three ethnically diverse populations.<\/a> Am J Respir Crit Care Med. , 177(11):1194-200.<\/li>\n<\/ol>\n<p>[\/vc_column_text][\/vc_column][\/vc_row]<\/p>\n<\/div>","protected":false},"excerpt":{"rendered":"<p>[vc_row][vc_column][vc_column_text css=&#8221;&#8221;] 2025 Cardet JC, Bailey JM, Hurley LP, Maher NE, Staton EW, Yawn BP, Zaeh SE, Israel E; other PREPARE investigators;; Apter AJ, Bradford P, Calderon-Candelario RA, Carroll JK, Chupp GL, Cohen R, Ericson B, Fuhlbrigge AL, Kaplan BM, Kruse JM, Nazario S, Pace WD, Pasarica M, Phipatanakul W, Riley IL, Rodriguez-Louis J, Shenoy&hellip;<\/p>\n","protected":false},"author":1,"featured_media":0,"parent":12,"menu_order":0,"comment_status":"closed","ping_status":"closed","template":"","meta":{"footnotes":""},"class_list":["post-46","page","type-page","status-publish","hentry","description-off"],"aioseo_notices":[],"_links":{"self":[{"href":"https:\/\/md.rcm.upr.edu\/rai\/wp-json\/wp\/v2\/pages\/46","targetHints":{"allow":["GET"]}}],"collection":[{"href":"https:\/\/md.rcm.upr.edu\/rai\/wp-json\/wp\/v2\/pages"}],"about":[{"href":"https:\/\/md.rcm.upr.edu\/rai\/wp-json\/wp\/v2\/types\/page"}],"author":[{"embeddable":true,"href":"https:\/\/md.rcm.upr.edu\/rai\/wp-json\/wp\/v2\/users\/1"}],"replies":[{"embeddable":true,"href":"https:\/\/md.rcm.upr.edu\/rai\/wp-json\/wp\/v2\/comments?post=46"}],"version-history":[{"count":3,"href":"https:\/\/md.rcm.upr.edu\/rai\/wp-json\/wp\/v2\/pages\/46\/revisions"}],"predecessor-version":[{"id":1602,"href":"https:\/\/md.rcm.upr.edu\/rai\/wp-json\/wp\/v2\/pages\/46\/revisions\/1602"}],"up":[{"embeddable":true,"href":"https:\/\/md.rcm.upr.edu\/rai\/wp-json\/wp\/v2\/pages\/12"}],"wp:attachment":[{"href":"https:\/\/md.rcm.upr.edu\/rai\/wp-json\/wp\/v2\/media?parent=46"}],"curies":[{"name":"wp","href":"https:\/\/api.w.org\/{rel}","templated":true}]}}