{"id":81,"date":"2014-04-22T14:54:59","date_gmt":"2014-04-22T14:54:59","guid":{"rendered":"http:\/\/md.rcm.upr.edu\/rai\/?page_id=81"},"modified":"2026-03-11T12:14:23","modified_gmt":"2026-03-11T16:14:23","slug":"welcome-to-our-web-site","status":"publish","type":"page","link":"https:\/\/md.rcm.upr.edu\/rai\/","title":{"rendered":"Division of Rheumatology, Allergy and Immunology"},"content":{"rendered":"<div class=\"wpb-content-wrapper\"><p>[vc_row][vc_column]<div id=\"ultimate-heading-281469d24dd1546f2\" class=\"uvc-heading ult-adjust-bottom-margin ultimate-heading-281469d24dd1546f2 uvc-6245  uvc-heading-default-font-sizes\" data-hspacer=\"no_spacer\"  data-halign=\"left\" style=\"text-align:left\"><div class=\"uvc-heading-spacer no_spacer\" style=\"top\"><\/div><div class=\"uvc-main-heading ult-responsive\"  data-ultimate-target='.uvc-heading.ultimate-heading-281469d24dd1546f2 h2'  data-responsive-json-new='{\"font-size\":\"\",\"line-height\":\"\"}' ><h2 style=\"--font-weight:theme;\">Division of Rheumatology, Allergy and Immunology<\/h2><\/div><\/div>[vc_empty_space][vc_column_text]<\/p>\n<div align=\"justify\">\n<p>Welcome to the Division of Rheumatology, Allergy and Immunology of the University of Puerto Rico School of Medicine. Here, you will find information about our clinical services, research activities, and medical education and training. The Division emphasizes excellence in all these components. Being the major referral medical center in Puerto Rico, the number and variety of patients seen is very ample and large. The Division provides outstanding training to medical students, medical residents and fellows and it is home to the only training programs in Rheumatology and Allergy &amp; Immunology in Puerto Rico. Both programs are fully accredited by the American Council for Graduate Medical Education (ACGME). Our Division has an outstanding core of attending physicians, all board-certified in their respective specialties and subspecialties, and active in clinical research. Please fell free to contact us if we can be of further assistance.<\/p>\n<\/div>\n<p>[\/vc_column_text][\/vc_column][\/vc_row][vc_row][vc_column][vc_row_inner][vc_column_inner]<div id=\"ultimate-heading-206269d24dd154758\" class=\"uvc-heading ult-adjust-bottom-margin ultimate-heading-206269d24dd154758 uvc-2872  uvc-heading-default-font-sizes\" data-hspacer=\"line_only\"  data-halign=\"center\" style=\"text-align:center\"><div class=\"uvc-main-heading ult-responsive\"  data-ultimate-target='.uvc-heading.ultimate-heading-206269d24dd154758 h2'  data-responsive-json-new='{\"font-size\":\"\",\"line-height\":\"\"}' ><h2 style=\"--font-weight:theme;\">N\u00famero m\u00e1s reciente de ``La Coyuntura``<\/h2><\/div><div class=\"uvc-heading-spacer line_only\" style=\"topheight:2px;\"><span class=\"uvc-headings-line\" style=\"border-style:solid;border-bottom-width:2px;border-color:#dd3333;width:700px;\"><\/span><\/div><\/div>[vc_empty_space][\/vc_column_inner][\/vc_row_inner][vc_row_inner][vc_column_inner width=&#8221;3\/5&#8243;][vc_single_image image=&#8221;1604&#8243; img_size=&#8221;large&#8221; alignment=&#8221;right&#8221; onclick=&#8221;custom_link&#8221; css=&#8221;&#8221; link=&#8221;https:\/\/md.rcm.upr.edu\/rai\/wp-content\/uploads\/sites\/6\/2026\/03\/la-coyuntura-2026.pdf&#8221;][\/vc_column_inner][vc_column_inner width=&#8221;2\/5&#8243;][vc_column_text css=&#8221;&#8221;]Es un verdadero placer presentarles la novena edici\u00f3n del bolet\u00edn La Coyuntura. Al igual que en a\u00f1os anteriores, el 2025 fue un a\u00f1o de m\u00faltiples retos para nuestra Secci\u00f3n de Reumatolog\u00eda; sin embargo, estos no impidieron que continu\u00e1ramos destac\u00e1ndonos en las \u00e1reas de servicio, docencia e investigaci\u00f3n. El 2026 se perfila como un a\u00f1o a\u00fan m\u00e1s desafiante, ya que ser\u00e1 un per\u00edodo de transici\u00f3n importante para nuestra secci\u00f3n. Durante este a\u00f1o, el Dr. Salvador Vil\u00e1, la Dra. Mar\u00eda Bidot y este servidor nos retiraremos de la instituci\u00f3n.[\/vc_column_text]<div class=\" ubtn-ctn-left \"><a class=\"ubtn-link ult-adjust-bottom-margin ubtn-left ubtn-normal \" href=\"https:\/\/md.rcm.upr.edu\/rai\/wp-content\/uploads\/sites\/6\/2026\/03\/la-coyuntura-2026.pdf\" ><button type=\"button\" id=\"ubtn-8528\"  class=\"ubtn ult-adjust-bottom-margin ult-responsive ubtn-normal ubtn-no-hover-bg  none  ubtn-sep-icon ubtn-sep-icon-right-push  ubtn-left   tooltip-69d24dd1547bb\"  data-hover=\"#ffffff\" data-border-color=\"\" data-bg=\"#000000\" data-hover-bg=\"#1e73be\" data-border-hover=\"\" data-shadow-hover=\"\" data-shadow-click=\"none\" data-shadow=\"\" data-shd-shadow=\"\"  data-ultimate-target='#ubtn-8528'  data-responsive-json-new='{\"font-size\":\"desktop:18px;\",\"line-height\":\"\"}'  style=\"text-decoration:underline;font-weight:normal;border:none;background: #000000;color: #ffffff;\"><span class=\"ubtn-data ubtn-icon\"><i class=\"far fa-file-pdf\" style=\"font-size:18px;color:;\"><\/i><\/span><span class=\"ubtn-hover\" style=\"background-color:#1e73be\"><\/span><span class=\"ubtn-data ubtn-text \" >Descargar<\/span><\/button><\/a><\/div>[\/vc_column_inner][\/vc_row_inner][\/vc_column][\/vc_row]<\/p>\n<\/div>","protected":false},"excerpt":{"rendered":"<p>[vc_row][vc_column][vc_empty_space][vc_column_text] Welcome to the Division of Rheumatology, Allergy and Immunology of the University of Puerto Rico School of Medicine. Here, you will find information about our clinical services, research activities, and medical education and training. The Division emphasizes excellence in all these components. Being the major referral medical center in Puerto Rico, the number and&hellip;<\/p>\n","protected":false},"author":1,"featured_media":0,"parent":0,"menu_order":0,"comment_status":"closed","ping_status":"closed","template":"","meta":{"footnotes":""},"class_list":["post-81","page","type-page","status-publish","hentry","description-off"],"aioseo_notices":[],"_links":{"self":[{"href":"https:\/\/md.rcm.upr.edu\/rai\/wp-json\/wp\/v2\/pages\/81","targetHints":{"allow":["GET"]}}],"collection":[{"href":"https:\/\/md.rcm.upr.edu\/rai\/wp-json\/wp\/v2\/pages"}],"about":[{"href":"https:\/\/md.rcm.upr.edu\/rai\/wp-json\/wp\/v2\/types\/page"}],"author":[{"embeddable":true,"href":"https:\/\/md.rcm.upr.edu\/rai\/wp-json\/wp\/v2\/users\/1"}],"replies":[{"embeddable":true,"href":"https:\/\/md.rcm.upr.edu\/rai\/wp-json\/wp\/v2\/comments?post=81"}],"version-history":[{"count":3,"href":"https:\/\/md.rcm.upr.edu\/rai\/wp-json\/wp\/v2\/pages\/81\/revisions"}],"predecessor-version":[{"id":1605,"href":"https:\/\/md.rcm.upr.edu\/rai\/wp-json\/wp\/v2\/pages\/81\/revisions\/1605"}],"wp:attachment":[{"href":"https:\/\/md.rcm.upr.edu\/rai\/wp-json\/wp\/v2\/media?parent=81"}],"curies":[{"name":"wp","href":"https:\/\/api.w.org\/{rel}","templated":true}]}}