{"id":1134,"date":"2021-06-17T09:10:51","date_gmt":"2021-06-17T13:10:51","guid":{"rendered":"https:\/\/md.rcm.upr.edu\/smg\/?page_id=1134"},"modified":"2021-06-17T09:10:51","modified_gmt":"2021-06-17T13:10:51","slug":"benefactors","status":"publish","type":"page","link":"https:\/\/md.rcm.upr.edu\/smg\/benefactors\/","title":{"rendered":"Benefactors"},"content":{"rendered":"<div class=\"wpb-content-wrapper\"><p>[vc_row][vc_column][vc_column_text]<\/p>\n<table width=\"100%\" cellspacing=\"0\" cellpadding=\"0\">\n<tbody>\n<tr>\n<td width=\"25%\"><strong>Gold<\/strong><\/td>\n<td width=\"64\"><strong>Class of<\/strong><\/td>\n<\/tr>\n<tr>\n<td width=\"25%\">Nora S. de Salvador Brau<\/td>\n<td align=\"left\">1971<\/td>\n<\/tr>\n<tr>\n<td width=\"25%\">Rosa Ileana Cruz Burgos<\/td>\n<td align=\"left\">1980<\/td>\n<\/tr>\n<tr>\n<td width=\"25%\">Steve Kraman<\/td>\n<td align=\"left\">1973<\/td>\n<\/tr>\n<tr>\n<td width=\"25%\">Gregoria Marrero<\/td>\n<td align=\"left\">1972<\/td>\n<\/tr>\n<tr>\n<td width=\"25%\">Humberto Guiot Mart\u00ednez<\/td>\n<td align=\"left\">2001<\/td>\n<\/tr>\n<tr>\n<td width=\"25%\">Jos\u00e9 Ra\u00fal Montes<\/td>\n<td align=\"left\">1989<\/td>\n<\/tr>\n<tr>\n<td width=\"25%\">Diana Hern\u00e1ndez<\/td>\n<td align=\"left\">1982<\/td>\n<\/tr>\n<tr>\n<td width=\"25%\">Dianolis Trinidad Soto<\/td>\n<td align=\"left\">2001<\/td>\n<\/tr>\n<tr>\n<td width=\"25%\">Onelia Crespo Cruz<\/td>\n<td align=\"left\">1973<\/td>\n<\/tr>\n<tr>\n<td width=\"25%\">Carlos Barreto Miranda<\/td>\n<td align=\"left\">1994<\/td>\n<\/tr>\n<tr>\n<td width=\"25%\">Jos\u00e9 Maym\u00ed<\/td>\n<td align=\"left\">1980<\/td>\n<\/tr>\n<tr>\n<td width=\"25%\">Ing. Carlos Preston Maldonado<\/td>\n<td align=\"left\"><\/td>\n<\/tr>\n<\/tbody>\n<\/table>\n<p>[\/vc_column_text][vc_empty_space][vc_column_text]<\/p>\n<table width=\"100%\" cellspacing=\"0\" cellpadding=\"0\">\n<tbody>\n<tr>\n<td width=\"25%\"><strong>Silver<\/strong><\/td>\n<td align=\"left\" width=\"64\"><strong>Class of<\/strong><\/td>\n<\/tr>\n<tr>\n<td width=\"25%\">Nancy Mar\u00edn Rodr\u00edguez<\/td>\n<td align=\"left\">1957<\/td>\n<\/tr>\n<tr>\n<td width=\"25%\">Heriberto Pag\u00e1n S\u00e1ez<\/td>\n<td align=\"left\">1959<\/td>\n<\/tr>\n<tr>\n<td width=\"25%\">Rafael E. Vicens Rodr\u00edguez<\/td>\n<td align=\"left\">1973<\/td>\n<\/tr>\n<tr>\n<td width=\"25%\">Julio C. Rivera Ilarraza<\/td>\n<td align=\"left\">1958<\/td>\n<\/tr>\n<tr>\n<td width=\"25%\">Melba Col\u00f3n Quintana<\/td>\n<td align=\"left\">1980<\/td>\n<\/tr>\n<tr>\n<td width=\"25%\">Gerardo S. Lanes<\/td>\n<td align=\"left\">1978<\/td>\n<\/tr>\n<tr>\n<td width=\"25%\">Enrique Hern\u00e1ndez<\/td>\n<td align=\"left\">1977<\/td>\n<\/tr>\n<\/tbody>\n<\/table>\n<p>[\/vc_column_text][vc_empty_space][vc_column_text]<\/p>\n<table width=\"100%\" cellspacing=\"0\" cellpadding=\"0\">\n<tbody>\n<tr>\n<td width=\"25%\"><strong>Bronze<\/strong><\/td>\n<td align=\"left\" width=\"64\"><strong>Class of<\/strong><\/td>\n<\/tr>\n<tr>\n<td width=\"25%\">Jos\u00e9 R. Alvarez Montes<\/td>\n<td align=\"left\">1982<\/td>\n<\/tr>\n<tr>\n<td width=\"25%\">Ethel C. Lamela Cardona<\/td>\n<td align=\"left\">1982<\/td>\n<\/tr>\n<tr>\n<td width=\"25%\">Esther A. Torres Rodr\u00edguez<\/td>\n<td align=\"left\">1972<\/td>\n<\/tr>\n<tr>\n<td width=\"25%\">Ibis de Sigas<\/td>\n<td align=\"left\">1966<\/td>\n<\/tr>\n<\/tbody>\n<\/table>\n<p>[\/vc_column_text][\/vc_column][\/vc_row]<\/p>\n<\/div>","protected":false},"excerpt":{"rendered":"<p>[vc_row][vc_column][vc_column_text] Gold Class of Nora S. de Salvador Brau 1971 Rosa Ileana Cruz Burgos 1980 Steve Kraman 1973 Gregoria Marrero 1972 Humberto Guiot Mart\u00ednez 2001 Jos\u00e9 Ra\u00fal Montes 1989 Diana Hern\u00e1ndez 1982 Dianolis Trinidad Soto 2001 Onelia Crespo Cruz 1973 Carlos Barreto Miranda 1994 Jos\u00e9 Maym\u00ed 1980 Ing. Carlos Preston Maldonado [\/vc_column_text][vc_empty_space][vc_column_text] Silver Class of&hellip;<\/p>\n","protected":false},"author":1,"featured_media":0,"parent":0,"menu_order":0,"comment_status":"closed","ping_status":"closed","template":"","meta":{"footnotes":""},"class_list":["post-1134","page","type-page","status-publish","hentry","description-off"],"aioseo_notices":[],"_links":{"self":[{"href":"https:\/\/md.rcm.upr.edu\/smg\/wp-json\/wp\/v2\/pages\/1134","targetHints":{"allow":["GET"]}}],"collection":[{"href":"https:\/\/md.rcm.upr.edu\/smg\/wp-json\/wp\/v2\/pages"}],"about":[{"href":"https:\/\/md.rcm.upr.edu\/smg\/wp-json\/wp\/v2\/types\/page"}],"author":[{"embeddable":true,"href":"https:\/\/md.rcm.upr.edu\/smg\/wp-json\/wp\/v2\/users\/1"}],"replies":[{"embeddable":true,"href":"https:\/\/md.rcm.upr.edu\/smg\/wp-json\/wp\/v2\/comments?post=1134"}],"version-history":[{"count":0,"href":"https:\/\/md.rcm.upr.edu\/smg\/wp-json\/wp\/v2\/pages\/1134\/revisions"}],"wp:attachment":[{"href":"https:\/\/md.rcm.upr.edu\/smg\/wp-json\/wp\/v2\/media?parent=1134"}],"curies":[{"name":"wp","href":"https:\/\/api.w.org\/{rel}","templated":true}]}}