{"id":1141,"date":"2021-06-17T09:23:48","date_gmt":"2021-06-17T13:23:48","guid":{"rendered":"https:\/\/md.rcm.upr.edu\/smg\/?page_id=1141"},"modified":"2021-06-17T09:23:48","modified_gmt":"2021-06-17T13:23:48","slug":"estudiantes","status":"publish","type":"page","link":"https:\/\/md.rcm.upr.edu\/smg\/estudiantes\/","title":{"rendered":"Estudiantes"},"content":{"rendered":"<div class=\"wpb-content-wrapper\"><p>[vc_row][vc_column][vc_column_text]<strong>Estudiantes Becados<\/strong>[\/vc_column_text][vc_column_text]<\/p>\n<table width=\"100%\" cellspacing=\"0\" cellpadding=\"0\">\n<tbody>\n<tr>\n<td width=\"25%\"><\/td>\n<td width=\"133\"><strong>Class of<\/strong><\/td>\n<\/tr>\n<tr>\n<td width=\"25%\">Mario Rivera Bonilla<\/td>\n<td align=\"left\">2021<\/td>\n<\/tr>\n<tr>\n<td width=\"25%\">Shirley Collado Justiniano<\/td>\n<td align=\"left\">2024<\/td>\n<\/tr>\n<tr>\n<td width=\"25%\">Otoniel M\u00e9ndez Nieves<\/td>\n<td align=\"left\">2024<\/td>\n<\/tr>\n<tr>\n<td width=\"25%\">V\u00edctor Morales Garc\u00eda<\/td>\n<td align=\"left\">2023<\/td>\n<\/tr>\n<tr>\n<td width=\"25%\">Alexandra Alfonso Castro<\/td>\n<td align=\"left\">2022<\/td>\n<\/tr>\n<tr>\n<td width=\"25%\">Manuel Men\u00e9ndez Santos<\/td>\n<td align=\"left\">2020<\/td>\n<\/tr>\n<\/tbody>\n<\/table>\n<p>[\/vc_column_text][vc_empty_space][vc_column_text]<strong>Estudiantes Recipientes de Donaci\u00f3n de Computadores<\/strong>[\/vc_column_text][vc_column_text]<\/p>\n<table width=\"100%\" cellspacing=\"0\" cellpadding=\"0\">\n<tbody>\n<tr>\n<td width=\"25%\"><\/td>\n<td width=\"133\"><strong>Class of<\/strong><\/td>\n<\/tr>\n<tr>\n<td width=\"25%\">Gabriel N. Frattalone<\/td>\n<td align=\"left\">2022<\/td>\n<\/tr>\n<tr>\n<td width=\"25%\">Rafael Cummings L\u00f3pez<\/td>\n<td align=\"left\">2024<\/td>\n<\/tr>\n<tr>\n<td width=\"25%\">Daniel Rivera Rivera<\/td>\n<td align=\"left\">2023<\/td>\n<\/tr>\n<tr>\n<td width=\"25%\">Alexandra Alfonso Castro<\/td>\n<td align=\"left\">2022<\/td>\n<\/tr>\n<\/tbody>\n<\/table>\n<p>[\/vc_column_text][\/vc_column][\/vc_row]<\/p>\n<\/div>","protected":false},"excerpt":{"rendered":"<p>[vc_row][vc_column][vc_column_text]Estudiantes Becados[\/vc_column_text][vc_column_text] Class of Mario Rivera Bonilla 2021 Shirley Collado Justiniano 2024 Otoniel M\u00e9ndez Nieves 2024 V\u00edctor Morales Garc\u00eda 2023 Alexandra Alfonso Castro 2022 Manuel Men\u00e9ndez Santos 2020 [\/vc_column_text][vc_empty_space][vc_column_text]Estudiantes Recipientes de Donaci\u00f3n de Computadores[\/vc_column_text][vc_column_text] Class of Gabriel N. Frattalone 2022 Rafael Cummings L\u00f3pez 2024 Daniel Rivera Rivera 2023 Alexandra Alfonso Castro 2022 [\/vc_column_text][\/vc_column][\/vc_row]<\/p>\n","protected":false},"author":1,"featured_media":0,"parent":0,"menu_order":0,"comment_status":"closed","ping_status":"closed","template":"","meta":{"footnotes":""},"class_list":["post-1141","page","type-page","status-publish","hentry","description-off"],"aioseo_notices":[],"_links":{"self":[{"href":"https:\/\/md.rcm.upr.edu\/smg\/wp-json\/wp\/v2\/pages\/1141","targetHints":{"allow":["GET"]}}],"collection":[{"href":"https:\/\/md.rcm.upr.edu\/smg\/wp-json\/wp\/v2\/pages"}],"about":[{"href":"https:\/\/md.rcm.upr.edu\/smg\/wp-json\/wp\/v2\/types\/page"}],"author":[{"embeddable":true,"href":"https:\/\/md.rcm.upr.edu\/smg\/wp-json\/wp\/v2\/users\/1"}],"replies":[{"embeddable":true,"href":"https:\/\/md.rcm.upr.edu\/smg\/wp-json\/wp\/v2\/comments?post=1141"}],"version-history":[{"count":0,"href":"https:\/\/md.rcm.upr.edu\/smg\/wp-json\/wp\/v2\/pages\/1141\/revisions"}],"wp:attachment":[{"href":"https:\/\/md.rcm.upr.edu\/smg\/wp-json\/wp\/v2\/media?parent=1141"}],"curies":[{"name":"wp","href":"https:\/\/api.w.org\/{rel}","templated":true}]}}