{"id":305,"date":"2014-12-09T18:26:14","date_gmt":"2014-12-09T18:26:14","guid":{"rendered":"http:\/\/md.rcm.upr.edu\/smg\/?page_id=305"},"modified":"2023-11-17T14:23:15","modified_gmt":"2023-11-17T18:23:15","slug":"pasados-presidentes","status":"publish","type":"page","link":"https:\/\/md.rcm.upr.edu\/smg\/pasados-presidentes\/","title":{"rendered":"Pasados Presidentes"},"content":{"rendered":"<div class=\"wpb-content-wrapper\"><p>[vc_row][vc_column]<div class=\"ult_pricing_table_wrap ult_info_table ult_design_6  ult-cs-custom  \">\n\t\t\t\t\t<div class=\"ult_pricing_table \" style=\"background:#ffffff;color:#000000; \"><div id=\"Info-table-wrap-8798\" class=\"ult_pricing_heading\" style=\"background:#ffffff;color:#000000;\">\n\t\t\t\t\t\t\t<h3 class=\"ult-responsive\"  data-ultimate-target='#Info-table-wrap-8798 h3'  data-responsive-json-new='{\"font-size\":\"\",\"line-height\":\"\"}'  style=\"font-weight:normal;\">Pasados Presidentes<\/h3><\/div><!--ult_pricing_heading--><div id=\"info_table_features_wrap-2210\"  data-ultimate-target='#info_table_features_wrap-2210.ult_price_features'  data-responsive-json-new='{\"font-size\":\"\",\"line-height\":\"\"}'  class=\"ult-responsive ult_price_features\" style=\"font-weight:normal;\">\n\t\t\t\t\t\t\t<table border=\"0\" width=\"100%\" cellspacing=\"5\" cellpadding=\"5\">\n<tbody>\n<tr>\n<td>2017-2018<\/td>\n<td>Dra. Rosa Ileana Cruz Burgos &#8217;80<\/td>\n<\/tr>\n<tr>\n<td>2016-2017<\/td>\n<td>Dr. William Rodr\u00edguez Cintr\u00f3n &#8217;83<\/td>\n<\/tr>\n<tr>\n<td>2015-2016<\/td>\n<td>Dr. Luis J. Ortiz Espinosa &#8217;86<\/td>\n<\/tr>\n<tr>\n<td>2014-2015<\/td>\n<td>Carlos Gonz\u00e1lez Oppenheimer, MD \u201879<\/td>\n<\/tr>\n<tr>\n<td>2013 -2014<\/td>\n<td>Carlos Gonz\u00e1lez Oppenheimer, MD \u201879<\/td>\n<\/tr>\n<tr>\n<td>2012 &#8211;\u00a0 201<\/td>\n<td>Marian de Jes\u00fas, MD \u201879<\/td>\n<\/tr>\n<tr>\n<td>2011 \u2013 2012<\/td>\n<td>Marianela Cuadrado, MD \u201899<\/td>\n<\/tr>\n<tr>\n<td>2010 \u2013 2011<\/td>\n<td>Ignacio Pita, MD \u201801<\/td>\n<\/tr>\n<tr>\n<td>2009 \u2013 2010<\/td>\n<td>Humberto M Guiot, MD \u201801<\/td>\n<\/tr>\n<tr>\n<td>2008 \u2013 2009<\/td>\n<td>Lillian J. Borrego Conde, MD \u201897<\/td>\n<\/tr>\n<tr>\n<td>2007 \u2013 2008<\/td>\n<td>Vilma McCarthy Nazario, MD \u201895<\/td>\n<\/tr>\n<tr>\n<td>2006 \u2013 2007<\/td>\n<td>Carmen Gonz\u00e1lez Keelan, MD \u201879<\/td>\n<\/tr>\n<tr>\n<td>2005 \u2013 2006<\/td>\n<td>Myrna L. Qui\u00f1ones Feliciano, MD \u201880<\/td>\n<\/tr>\n<tr>\n<td>2004 \u2013 2005<\/td>\n<td>Myrna L. Qui\u00f1ones Feliciano, MD \u201880<\/td>\n<\/tr>\n<tr>\n<td>2003 \u2013 2004<\/td>\n<td>Francisco Nieves Rivera, MD \u201885<\/td>\n<\/tr>\n<tr>\n<td>2002 \u2013 2003<\/td>\n<td>Armando L\u00f3pez Tristani, MD \u201885<\/td>\n<\/tr>\n<tr>\n<td>2001 \u2013 2002<\/td>\n<td>Rafael Ruiz Quijano, MD \u201874<\/td>\n<\/tr>\n<tr>\n<td>2000 \u2013 2001<\/td>\n<td>Adalberto Mendoza, MD, \u201874<\/td>\n<\/tr>\n<tr>\n<td>1999 \u2013 2000<\/td>\n<td>Heriberto Pag\u00e1n Saez, MD \u201859<\/td>\n<\/tr>\n<tr>\n<td>1998 \u2013 1999<\/td>\n<td>Edwin Lugo Lugo, MD \u201884<\/td>\n<\/tr>\n<tr>\n<td>1997 \u2013 1998<\/td>\n<td>Ra\u00fal Garc\u00eda Rinaldi, MD \u201866<\/td>\n<\/tr>\n<tr>\n<td>1996 \u2013 1997<\/td>\n<td>Roberto Ruiz L\u00f3pez, MD \u201884<\/td>\n<\/tr>\n<tr>\n<td>1995 \u2013 1996<\/td>\n<td>Francisco Torres Santos, MD \u201869<\/td>\n<\/tr>\n<tr>\n<td>1994 \u2013 1995<\/td>\n<td>Gilberto Rodr\u00edguez Morales, MD \u201875<\/td>\n<\/tr>\n<tr>\n<td>1993 \u2013 1994<\/td>\n<td>Valeriano Alicea, MD \u201869<\/td>\n<\/tr>\n<tr>\n<td>1992 \u2013 1993<\/td>\n<td>Jorge E. Lugo Rodr\u00edguez, MD \u201855<\/td>\n<\/tr>\n<tr>\n<td>1991 \u2013 1992<\/td>\n<td>Jos\u00e9 Berm\u00fadez P\u00e9rez, MD \u201863<\/td>\n<\/tr>\n<tr>\n<td>1990 \u2013 1991<\/td>\n<td>Juan J. Santiago Plaza, MD \u201859<\/td>\n<\/tr>\n<tr>\n<td>1989 \u2013 1990<\/td>\n<td>Angel L. Rodr\u00edguez Rosado, MD \u201857<\/td>\n<\/tr>\n<tr>\n<td>1988 \u2013 1989<\/td>\n<td>Felipe de Jes\u00fas, MD \u201857<\/td>\n<\/tr>\n<tr>\n<td>1987 \u2013 1988<\/td>\n<td>Br\u00edgido Berr\u00edos Pag\u00e1n, MD \u201861<\/td>\n<\/tr>\n<tr>\n<td>1986 \u2013 1987<\/td>\n<td>Enrique V\u00e1zquez Quintana, MD \u201862<\/td>\n<\/tr>\n<tr>\n<td>1985 \u2013 1986<\/td>\n<td>Wilfredo Souffront, MD\u201963<\/td>\n<\/tr>\n<tr>\n<td>1984 \u2013 1985<\/td>\n<td>Elizabeth Noriega, MD \u201857<\/td>\n<\/tr>\n<tr>\n<td>1983 \u2013 1984<\/td>\n<td>H\u00e9ctor L. Cotto, MD \u201867<\/td>\n<\/tr>\n<tr>\n<td>1982 \u2013 1983<\/td>\n<td>Roberto Rodr\u00edguez Mart\u00ednez, MD \u201863<\/td>\n<\/tr>\n<tr>\n<td>1981 \u2013 1982<\/td>\n<td>Arturo Medina Ruiz, MD \u201867<\/td>\n<\/tr>\n<tr>\n<td>1980 \u2013 1981<\/td>\n<td>Leonardo Collazo, MD \u201864<\/td>\n<\/tr>\n<tr>\n<td>1979 \u2013 1980<\/td>\n<td>Carlos Lao, MD \u201871<\/td>\n<\/tr>\n<tr>\n<td>1978 \u2013 1979<\/td>\n<td>David Caiseda, MD \u201861<\/td>\n<\/tr>\n<tr>\n<td>1977 \u2013 1978<\/td>\n<td>Julio Mulero, MD \u201863<\/td>\n<\/tr>\n<tr>\n<td>1976 \u2013 1977<\/td>\n<td>Francisco Carballo, MD \u201862<\/td>\n<\/tr>\n<tr>\n<td>1975 \u2013 1976<\/td>\n<td>Filiberto Col\u00f3n Rodr\u00edguez, MD \u201864<\/td>\n<\/tr>\n<tr>\n<td>1974 \u2013 1975<\/td>\n<td>Rafael Fern\u00e1ndez Feliberti, MD \u201857<\/td>\n<\/tr>\n<tr>\n<td>1973 \u2013 1974<\/td>\n<td>Rafael Burgos Calder\u00f3n, MD \u201865<\/td>\n<\/tr>\n<tr>\n<td>1972 \u2013 1973<\/td>\n<td>Angel Rodr\u00edguez Rodr\u00edguez, MD \u201864<\/td>\n<\/tr>\n<tr>\n<td>1971 \u2013 1972<\/td>\n<td>Jos\u00e9 Domingo Pag\u00e1n Pag\u00e1n, MD \u201858<\/td>\n<\/tr>\n<tr>\n<td>1970 \u2013 1971<\/td>\n<td>Manuel Marina, MD \u201857<\/td>\n<\/tr>\n<tr>\n<td>1969 \u2013 1970<\/td>\n<td>Rafael Berr\u00edos Mart\u00ednez, MD \u201856<\/td>\n<\/tr>\n<tr>\n<td>1968 \u2013 1969<\/td>\n<td>Jaime Rivera Due\u00f1o, MD \u201860<\/td>\n<\/tr>\n<tr>\n<td>1967 \u2013 1968<\/td>\n<td>Luis Izquierdo Mora, MD \u201856<\/td>\n<\/tr>\n<tr>\n<td>1966 \u2013 1967<\/td>\n<td>Jos\u00e9 Eugenio L\u00f3pez, MD \u201854<\/td>\n<\/tr>\n<tr>\n<td>1965 \u2013 1966<\/td>\n<td>Heriberto Pag\u00e1n Saez, MD \u201859<\/td>\n<\/tr>\n<tr>\n<td>1964 \u2013 1965<\/td>\n<td>Frankie Alvarado Norat, 56<\/td>\n<\/tr>\n<tr>\n<td>1963 \u2013 1964<\/td>\n<td>Ovidio Rodr\u00edguez Malav\u00e9, MD \u201861<\/td>\n<\/tr>\n<tr>\n<td>1962 \u2013 1963<\/td>\n<td>Pedro H. Garc\u00eda Pont, MD \u201855<\/td>\n<\/tr>\n<tr>\n<td>1961 \u2013 1962<\/td>\n<td>Walter Stiehl, MD \u201855<\/td>\n<\/tr>\n<tr>\n<td>1960 \u2013 1961<\/td>\n<td>Luis Tur Rodr\u00edguez, MD \u201854<\/td>\n<\/tr>\n<tr>\n<td>1959 \u2013 1960<\/td>\n<td>Marino Blasini, MD \u201854<\/td>\n<\/tr>\n<\/tbody>\n<\/table>\n\n\t\t\t\t\t\t<\/div><!--ult_price_features--><div class=\"ult_clr\"><\/div>\n\t\t\t<\/div><!--pricing_table-->\n\t\t<\/div><!--pricing_table_wrap-->[\/vc_column][\/vc_row]<\/p>\n<\/div>","protected":false},"excerpt":{"rendered":"<p>[vc_row][vc_column][\/vc_column][\/vc_row]<\/p>\n","protected":false},"author":1,"featured_media":0,"parent":0,"menu_order":0,"comment_status":"closed","ping_status":"closed","template":"","meta":{"footnotes":""},"class_list":["post-305","page","type-page","status-publish","hentry","description-off"],"_links":{"self":[{"href":"https:\/\/md.rcm.upr.edu\/smg\/wp-json\/wp\/v2\/pages\/305","targetHints":{"allow":["GET"]}}],"collection":[{"href":"https:\/\/md.rcm.upr.edu\/smg\/wp-json\/wp\/v2\/pages"}],"about":[{"href":"https:\/\/md.rcm.upr.edu\/smg\/wp-json\/wp\/v2\/types\/page"}],"author":[{"embeddable":true,"href":"https:\/\/md.rcm.upr.edu\/smg\/wp-json\/wp\/v2\/users\/1"}],"replies":[{"embeddable":true,"href":"https:\/\/md.rcm.upr.edu\/smg\/wp-json\/wp\/v2\/comments?post=305"}],"version-history":[{"count":0,"href":"https:\/\/md.rcm.upr.edu\/smg\/wp-json\/wp\/v2\/pages\/305\/revisions"}],"wp:attachment":[{"href":"https:\/\/md.rcm.upr.edu\/smg\/wp-json\/wp\/v2\/media?parent=305"}],"curies":[{"name":"wp","href":"https:\/\/api.w.org\/{rel}","templated":true}]}}