{"id":68,"date":"2014-10-17T23:55:33","date_gmt":"2014-10-17T23:55:33","guid":{"rendered":"http:\/\/md.rcm.upr.edu\/smg\/?page_id=68"},"modified":"2014-10-17T23:55:33","modified_gmt":"2014-10-17T23:55:33","slug":"mausoleo-jaime-benitez","status":"publish","type":"page","link":"https:\/\/md.rcm.upr.edu\/smg\/mausoleo-jaime-benitez\/","title":{"rendered":"Mausoleo Jaime Benitez"},"content":{"rendered":"<p>La Sociedad De Medicos Graduados Rinde Tributo a Don Jaime<\/p>\n<p><a href=\"http:\/\/md.rcm.upr.edu\/smg\/wp-content\/uploads\/sites\/32\/2014\/10\/mausoleo_jaime_benitez.jpg\"><img loading=\"lazy\" decoding=\"async\" width=\"400\" height=\"533\" class=\"aligncenter size-full wp-image-69\" src=\"http:\/\/md.rcm.upr.edu\/smg\/wp-content\/uploads\/sites\/32\/2014\/10\/mausoleo_jaime_benitez.jpg\" alt=\"mausoleo_jaime_benitez\" srcset=\"https:\/\/md.rcm.upr.edu\/smg\/wp-content\/uploads\/sites\/32\/2014\/10\/mausoleo_jaime_benitez.jpg 400w, https:\/\/md.rcm.upr.edu\/smg\/wp-content\/uploads\/sites\/32\/2014\/10\/mausoleo_jaime_benitez-225x300.jpg 225w, https:\/\/md.rcm.upr.edu\/smg\/wp-content\/uploads\/sites\/32\/2014\/10\/mausoleo_jaime_benitez-75x100.jpg 75w\" sizes=\"auto, (max-width: 400px) 100vw, 400px\" \/><\/a><\/p>\n<p>Adan Nigaglioni<br \/>\nAiled Gonz\u00e1lez Recio<br \/>\nAlfonso Zerbi Ort\u00edz<br \/>\nAna Maria Saavedra-Delgado<br \/>\nAnarda Gonz\u00e1lez<br \/>\nAngel Col\u00f3n \/ Ana M. Su\u00e1rez<br \/>\nAngel L. Lia\u00f1o<br \/>\nAngel Rivera\/Deniz Garcia<br \/>\nAngel Rom\u00e1n Franco<br \/>\nAng\u00e9lica Guzm\u00e1n<br \/>\nBenjam\u00edn Qui\u00f1ones Nieves, MD<br \/>\nBernardo J. Marques<br \/>\nCaleb Gonz\u00e1lez<br \/>\nCarlos Girod<br \/>\nCarlos N\u00e1ter<br \/>\nCarluis Torres Torres<br \/>\nCarmen Gonz\u00e1lez Keelan\/ Jos\u00e9 Arab\u00eda<br \/>\nClaudino Arias<br \/>\nConrado W. Asenjo<br \/>\nDiana Fern\u00e1ndez<br \/>\nDiana P. Mart\u00ednez, MD<br \/>\nDoris N. Molina<br \/>\nEduardo Hern\u00e1ndez<br \/>\nEduardo Santiago Delp\u00edn<br \/>\nEdward Col\u00f3n Quetglass, MD<br \/>\nEfr\u00e9n Ram\u00edrez<br \/>\nEnrique Hern\u00e1ndez<br \/>\nEnrique M\u00e1rquez<br \/>\nEnrique V\u00e1zquez Quintana<br \/>\nEsther A. Torres, MD<br \/>\nFerm\u00edn C. Miranda Hern\u00e1ndez<br \/>\nFrancisco Joglar<br \/>\nFrank Kolodziej \/ Somascan<br \/>\nFreya Rivera Rodr\u00edguez<br \/>\nGaspar Encarnaci\u00f3n<br \/>\nGaspar Garc\u00eda<br \/>\nGerardo Lanes<br \/>\nGladys Gald\u00f3n<br \/>\nGloria Santaella de Figueroa<br \/>\nGuillermo Gonz\u00e1lez<br \/>\nGuillermo Mart\u00ednez R\u00edos, MD<br \/>\nH\u00e9ctor Hern\u00e1ndez L\u00f3pez<br \/>\nHeriberto Pag\u00e1n \/ Nancy Mar\u00edn<br \/>\nHoracio R. Col\u00f3n<br \/>\nIsabel Ram\u00edrez de Arellano<br \/>\nJes\u00fas Isern Amaral<br \/>\nJorge L. S\u00e1nchez<br \/>\nJos\u00e9 A. Rodr\u00edguez Franco<br \/>\nJos\u00e9 Cerra<br \/>\nJosu\u00e9 Rivera Morales<br \/>\nJuan Herr\u00e1n Garc\u00eda<br \/>\nJuana Rivera Vi\u00f1as<br \/>\nJuli\u00e1n V\u00e1zquez Plard<br \/>\nJulio A. Calca\u00f1o<br \/>\nJulio E. Benabe<br \/>\nJulio Rivera Ilarraza<br \/>\nJulio S. Simons Garc\u00eda<br \/>\nKatiuska Pag\u00e1n Mir<br \/>\nLeonardo Vel\u00e1zquez<br \/>\nLillian Conde<br \/>\nLillian Haddock<br \/>\nLillian J Borrego Conde<br \/>\nLisandro Montalvo S\u00e1nchez<br \/>\nLuis A. Serrano Torres<br \/>\nLuis Cummings, Jr.<br \/>\nLuis F. Montaner<br \/>\nLuis G. de Jes\u00fas P\u00e9rez. MD<br \/>\nLuis Izquierdo Mora<br \/>\nLuis N\u00fa\u00f1ez Fern\u00e1ndez<br \/>\nLuis Suau<br \/>\nManuel Urbistondo<br \/>\nManuel Espinosa<br \/>\nManuel Mas Irizarry<br \/>\nMargarita Rivera Barbosa<br \/>\nMar\u00eda Gonz\u00e1lez Keelan<br \/>\nMar\u00eda I. V\u00e1zquez Roque<br \/>\nMar\u00eda Teresa Arrar\u00e1s Mir<br \/>\nMariam\u00e9 Cofres\u00ed Capestrany<br \/>\nMarisol Rodr\u00edguez<br \/>\nMarta Valcarcel<br \/>\nMiguel Angel Echevarr\u00eda<br \/>\nMillan Garc\u00eda<br \/>\nOlga Joglar<br \/>\nOscar Ben\u00edtez Rodr\u00edguez<br \/>\nPablo Prietto<br \/>\nPedro Cruz Mart\u00ednez<br \/>\nPedro Rivera Guerrero, MD<br \/>\nQuint\u00edn Gonz\u00e1lez Keelan<br \/>\nRafael Calabria<br \/>\nRafael Rivera Casta\u00f1o<br \/>\nRafael Rodr\u00edguez Mercado<br \/>\nRene Dietrich<br \/>\nRichard M. de Andino<br \/>\nRita Laracuente<br \/>\nRoberto L\u00f3pez Busquets<br \/>\nSamuel Corchado Ortega<br \/>\nSonia Santini-Olivieri<br \/>\nThomas E. Clayton<br \/>\nVer\u00f3nica Rodr\u00edguez<br \/>\nV\u00edctor Carlo Ch\u00e9vere<br \/>\nVilma McCarthy<br \/>\nWassilly Vicenty-S\u00e1nchez<br \/>\nWilliam M\u00e9ndez Lattaladi<\/p>\n<p>&nbsp;<\/p>\n<div id=\"attachment_70\" style=\"width: 610px\" class=\"wp-caption aligncenter\"><a href=\"http:\/\/md.rcm.upr.edu\/smg\/wp-content\/uploads\/sites\/32\/2014\/10\/DSC_2682.jpg\"><img loading=\"lazy\" decoding=\"async\" aria-describedby=\"caption-attachment-70\" class=\"wp-image-70 size-full\" src=\"http:\/\/md.rcm.upr.edu\/smg\/wp-content\/uploads\/sites\/32\/2014\/10\/DSC_2682.jpg\" alt=\"DSC_2682\" width=\"600\" height=\"399\" srcset=\"https:\/\/md.rcm.upr.edu\/smg\/wp-content\/uploads\/sites\/32\/2014\/10\/DSC_2682.jpg 600w, https:\/\/md.rcm.upr.edu\/smg\/wp-content\/uploads\/sites\/32\/2014\/10\/DSC_2682-300x199.jpg 300w, https:\/\/md.rcm.upr.edu\/smg\/wp-content\/uploads\/sites\/32\/2014\/10\/DSC_2682-100x66.jpg 100w, https:\/\/md.rcm.upr.edu\/smg\/wp-content\/uploads\/sites\/32\/2014\/10\/DSC_2682-330x220.jpg 330w, https:\/\/md.rcm.upr.edu\/smg\/wp-content\/uploads\/sites\/32\/2014\/10\/DSC_2682-450x300.jpg 450w\" sizes=\"auto, (max-width: 600px) 100vw, 600px\" \/><\/a><p id=\"caption-attachment-70\" class=\"wp-caption-text\">Mausoleo Jaime Ben\u00edtez<\/p><\/div>\n<div id=\"attachment_71\" style=\"width: 610px\" class=\"wp-caption aligncenter\"><a href=\"http:\/\/md.rcm.upr.edu\/smg\/wp-content\/uploads\/sites\/32\/2014\/10\/JBenitez.jpg\"><img loading=\"lazy\" decoding=\"async\" aria-describedby=\"caption-attachment-71\" class=\"wp-image-71 size-full\" src=\"http:\/\/md.rcm.upr.edu\/smg\/wp-content\/uploads\/sites\/32\/2014\/10\/JBenitez.jpg\" alt=\"JBenitez\" width=\"600\" height=\"401\" srcset=\"https:\/\/md.rcm.upr.edu\/smg\/wp-content\/uploads\/sites\/32\/2014\/10\/JBenitez.jpg 600w, https:\/\/md.rcm.upr.edu\/smg\/wp-content\/uploads\/sites\/32\/2014\/10\/JBenitez-300x200.jpg 300w, https:\/\/md.rcm.upr.edu\/smg\/wp-content\/uploads\/sites\/32\/2014\/10\/JBenitez-100x66.jpg 100w, https:\/\/md.rcm.upr.edu\/smg\/wp-content\/uploads\/sites\/32\/2014\/10\/JBenitez-330x220.jpg 330w, https:\/\/md.rcm.upr.edu\/smg\/wp-content\/uploads\/sites\/32\/2014\/10\/JBenitez-450x300.jpg 450w\" sizes=\"auto, (max-width: 600px) 100vw, 600px\" \/><\/a><p id=\"caption-attachment-71\" class=\"wp-caption-text\">Entrega cheque para restauraci\u00f3n mausoleo<\/p><\/div>\n<div id=\"attachment_72\" style=\"width: 610px\" class=\"wp-caption aligncenter\"><a href=\"http:\/\/md.rcm.upr.edu\/smg\/wp-content\/uploads\/sites\/32\/2014\/10\/IMG_1025.jpg\"><img loading=\"lazy\" decoding=\"async\" aria-describedby=\"caption-attachment-72\" class=\"wp-image-72 size-full\" src=\"http:\/\/md.rcm.upr.edu\/smg\/wp-content\/uploads\/sites\/32\/2014\/10\/IMG_1025.jpg\" alt=\"IMG_1025\" width=\"600\" height=\"337\" srcset=\"https:\/\/md.rcm.upr.edu\/smg\/wp-content\/uploads\/sites\/32\/2014\/10\/IMG_1025.jpg 600w, https:\/\/md.rcm.upr.edu\/smg\/wp-content\/uploads\/sites\/32\/2014\/10\/IMG_1025-300x168.jpg 300w, https:\/\/md.rcm.upr.edu\/smg\/wp-content\/uploads\/sites\/32\/2014\/10\/IMG_1025-100x56.jpg 100w\" sizes=\"auto, (max-width: 600px) 100vw, 600px\" \/><\/a><p id=\"caption-attachment-72\" class=\"wp-caption-text\">Entrega Cheque para Sal\u00f3n conferencias Consejo de Estudiantes<\/p><\/div>\n<div id=\"attachment_73\" style=\"width: 610px\" class=\"wp-caption aligncenter\"><a href=\"http:\/\/md.rcm.upr.edu\/smg\/wp-content\/uploads\/sites\/32\/2014\/10\/DSC_2605.jpg\"><img loading=\"lazy\" decoding=\"async\" aria-describedby=\"caption-attachment-73\" class=\"wp-image-73 size-full\" src=\"http:\/\/md.rcm.upr.edu\/smg\/wp-content\/uploads\/sites\/32\/2014\/10\/DSC_2605.jpg\" alt=\"DSC_2605\" width=\"600\" height=\"453\" srcset=\"https:\/\/md.rcm.upr.edu\/smg\/wp-content\/uploads\/sites\/32\/2014\/10\/DSC_2605.jpg 600w, https:\/\/md.rcm.upr.edu\/smg\/wp-content\/uploads\/sites\/32\/2014\/10\/DSC_2605-300x226.jpg 300w, https:\/\/md.rcm.upr.edu\/smg\/wp-content\/uploads\/sites\/32\/2014\/10\/DSC_2605-100x75.jpg 100w\" sizes=\"auto, (max-width: 600px) 100vw, 600px\" \/><\/a><p id=\"caption-attachment-73\" class=\"wp-caption-text\">Mausoleo Jaime Ben\u00edtez<\/p><\/div>\n","protected":false},"excerpt":{"rendered":"<p>La Sociedad De Medicos Graduados Rinde Tributo a Don Jaime Adan Nigaglioni Ailed Gonz\u00e1lez Recio Alfonso Zerbi Ort\u00edz Ana Maria Saavedra-Delgado Anarda Gonz\u00e1lez Angel Col\u00f3n \/ Ana M. Su\u00e1rez Angel L. Lia\u00f1o Angel Rivera\/Deniz Garcia Angel Rom\u00e1n Franco Ang\u00e9lica Guzm\u00e1n Benjam\u00edn Qui\u00f1ones Nieves, MD Bernardo J. Marques Caleb Gonz\u00e1lez Carlos Girod Carlos N\u00e1ter Carluis Torres&hellip;<\/p>\n","protected":false},"author":1,"featured_media":0,"parent":0,"menu_order":0,"comment_status":"closed","ping_status":"closed","template":"","meta":{"footnotes":""},"class_list":["post-68","page","type-page","status-publish","hentry","description-off"],"aioseo_notices":[],"_links":{"self":[{"href":"https:\/\/md.rcm.upr.edu\/smg\/wp-json\/wp\/v2\/pages\/68","targetHints":{"allow":["GET"]}}],"collection":[{"href":"https:\/\/md.rcm.upr.edu\/smg\/wp-json\/wp\/v2\/pages"}],"about":[{"href":"https:\/\/md.rcm.upr.edu\/smg\/wp-json\/wp\/v2\/types\/page"}],"author":[{"embeddable":true,"href":"https:\/\/md.rcm.upr.edu\/smg\/wp-json\/wp\/v2\/users\/1"}],"replies":[{"embeddable":true,"href":"https:\/\/md.rcm.upr.edu\/smg\/wp-json\/wp\/v2\/comments?post=68"}],"version-history":[{"count":0,"href":"https:\/\/md.rcm.upr.edu\/smg\/wp-json\/wp\/v2\/pages\/68\/revisions"}],"wp:attachment":[{"href":"https:\/\/md.rcm.upr.edu\/smg\/wp-json\/wp\/v2\/media?parent=68"}],"curies":[{"name":"wp","href":"https:\/\/api.w.org\/{rel}","templated":true}]}}