{"id":824,"date":"2016-08-12T18:50:18","date_gmt":"2016-08-12T18:50:18","guid":{"rendered":"http:\/\/md.rcm.upr.edu\/smg\/?page_id=824"},"modified":"2021-06-17T09:45:22","modified_gmt":"2021-06-17T13:45:22","slug":"socios-activos","status":"publish","type":"page","link":"https:\/\/md.rcm.upr.edu\/smg\/socios-activos\/","title":{"rendered":"Socios Activos"},"content":{"rendered":"<div class=\"wpb-content-wrapper\"><p>[vc_row][vc_column][vc_column_text]<\/p>\n<h3><strong>Socios Activos 2021<\/strong><\/h3>\n<p>[\/vc_column_text][vc_column_text]<\/p>\n<table width=\"100%\" cellspacing=\"0\" cellpadding=\"0\">\n<tbody>\n<tr>\n<td width=\"25%\">Zoraida Fiol Silva<\/td>\n<td align=\"left\" width=\"64\">1978<\/td>\n<\/tr>\n<tr>\n<td width=\"25%\">Witiza P\u00e9rez<\/td>\n<td align=\"left\">1973<\/td>\n<\/tr>\n<tr>\n<td width=\"25%\">Walter Frontera Roura<\/td>\n<td align=\"left\">1979<\/td>\n<\/tr>\n<tr>\n<td width=\"25%\">Victoria Bartolomei Aguillera<\/td>\n<td align=\"left\">1978<\/td>\n<\/tr>\n<tr>\n<td width=\"25%\">Tom\u00e1s Jim\u00e9nez Robinson<\/td>\n<td align=\"left\">1976<\/td>\n<\/tr>\n<tr>\n<td width=\"25%\">Solisis Deynes<\/td>\n<td align=\"left\">2003<\/td>\n<\/tr>\n<tr>\n<td width=\"25%\">Sof\u00eda Ramos Bartolomei<\/td>\n<td align=\"left\">2022<\/td>\n<\/tr>\n<tr>\n<td width=\"25%\">Rub\u00e9n L. V\u00e9lez<\/td>\n<td align=\"left\">1978<\/td>\n<\/tr>\n<tr>\n<td width=\"25%\">Roberto Marchan Matta<\/td>\n<td align=\"left\">1974<\/td>\n<\/tr>\n<tr>\n<td width=\"25%\">Rita Amadeo<\/td>\n<td align=\"left\">1970<\/td>\n<\/tr>\n<tr>\n<td width=\"25%\">Rafael P\u00e9rez Figaredo<\/td>\n<td align=\"left\">1969<\/td>\n<\/tr>\n<tr>\n<td width=\"25%\">Nilda Soto<\/td>\n<td align=\"left\">1976<\/td>\n<\/tr>\n<tr>\n<td width=\"25%\">Natalio Debs El\u00edas<\/td>\n<td align=\"left\">1981<\/td>\n<\/tr>\n<tr>\n<td width=\"25%\">Milagros Martin Jim\u00e9nez<\/td>\n<td align=\"left\">1978<\/td>\n<\/tr>\n<tr>\n<td width=\"25%\">Mercedes Carri\u00f3n Castro<\/td>\n<td align=\"left\">1978<\/td>\n<\/tr>\n<tr>\n<td width=\"25%\">Melba I. Col\u00f3n Quintana<\/td>\n<td align=\"left\">1980<\/td>\n<\/tr>\n<tr>\n<td width=\"25%\">Marini Blasini Torres<\/td>\n<td align=\"left\">1984<\/td>\n<\/tr>\n<tr>\n<td width=\"25%\">Mar\u00eda M. Rom\u00e1n L\u00f3pez<\/td>\n<td align=\"left\">1977<\/td>\n<\/tr>\n<tr>\n<td width=\"25%\">Manuel Men\u00e9ndez<\/td>\n<td align=\"left\">2022<\/td>\n<\/tr>\n<tr>\n<td width=\"25%\">Manuel C. Morales Cabranes<\/td>\n<td align=\"left\">1962<\/td>\n<\/tr>\n<tr>\n<td width=\"25%\">Luis J. Suau<\/td>\n<td align=\"left\">1970<\/td>\n<\/tr>\n<tr>\n<td width=\"25%\">Luis J. Ortiz Espinosa<\/td>\n<td align=\"left\">1986<\/td>\n<\/tr>\n<tr>\n<td width=\"25%\">Luis A. De Jes\u00fas Vargas<\/td>\n<td align=\"left\">1978<\/td>\n<\/tr>\n<tr>\n<td width=\"25%\">Luis A. Cummings Carrero<\/td>\n<td align=\"left\">1979<\/td>\n<\/tr>\n<tr>\n<td width=\"25%\">Laura Hern\u00e1ndez D\u00edaz<\/td>\n<td align=\"left\">2023<\/td>\n<\/tr>\n<tr>\n<td width=\"25%\">Karla Rodr\u00edguez Peniston<\/td>\n<td align=\"left\">2022<\/td>\n<\/tr>\n<tr>\n<td width=\"25%\">Julio E. Dieppa Garc\u00eda<\/td>\n<td align=\"left\">1978<\/td>\n<\/tr>\n<tr>\n<td width=\"25%\">Julio C. Rivera Ilarraza<\/td>\n<td align=\"left\">1958<\/td>\n<\/tr>\n<tr>\n<td width=\"25%\">Julie Rose Rodr\u00edguez Poventud<\/td>\n<td align=\"left\">1977<\/td>\n<\/tr>\n<tr>\n<td width=\"25%\">Juan C. Portella Arraiza<\/td>\n<td align=\"left\">1996<\/td>\n<\/tr>\n<tr>\n<td width=\"25%\">Jos\u00e9 R. Alvarez Montes<\/td>\n<td align=\"left\">1982<\/td>\n<\/tr>\n<tr>\n<td width=\"25%\">Jos\u00e9 M. Castro Rodr\u00edguez<\/td>\n<td align=\"left\">1972<\/td>\n<\/tr>\n<tr>\n<td width=\"25%\">Jos\u00e9 E. Lozada Serrano<\/td>\n<td align=\"left\">1976<\/td>\n<\/tr>\n<tr>\n<td width=\"25%\">Jan Pierre Zegarra Silva<\/td>\n<td align=\"left\">1974<\/td>\n<\/tr>\n<tr>\n<td width=\"25%\">Ivette Pratts<\/td>\n<td align=\"left\">1970<\/td>\n<\/tr>\n<tr>\n<td width=\"25%\">Ignacio Hern\u00e1ndez Fragoso<\/td>\n<td align=\"left\">1957<\/td>\n<\/tr>\n<tr>\n<td width=\"25%\">Ibis D. Sigas<\/td>\n<td align=\"left\">1966<\/td>\n<\/tr>\n<tr>\n<td width=\"25%\">Humberto (Tito) Lugo Vicente<\/td>\n<td align=\"left\">1979<\/td>\n<\/tr>\n<tr>\n<td width=\"25%\">Henry A. Rodr\u00edguez Ginorio<\/td>\n<td align=\"left\">1980<\/td>\n<\/tr>\n<tr>\n<td width=\"25%\">H\u00e9ctor M. Rosario Reyes<\/td>\n<td align=\"left\">1979<\/td>\n<\/tr>\n<tr>\n<td width=\"25%\">Gregoria Marrero<\/td>\n<td align=\"left\">1972<\/td>\n<\/tr>\n<tr>\n<td width=\"25%\">Gerardo Lanes<\/td>\n<td align=\"left\">1978<\/td>\n<\/tr>\n<tr>\n<td width=\"25%\">Fernando L. Joglar Irizarry<\/td>\n<td align=\"left\">1998<\/td>\n<\/tr>\n<tr>\n<td width=\"25%\">Ethel C. Lamela Cardona<\/td>\n<td align=\"left\">1982<\/td>\n<\/tr>\n<tr>\n<td width=\"25%\">Esther A. Torres Rodr\u00edguez<\/td>\n<td align=\"left\">1972<\/td>\n<\/tr>\n<tr>\n<td width=\"25%\">Enrique Hern\u00e1ndez<\/td>\n<td align=\"left\">1977<\/td>\n<\/tr>\n<tr>\n<td width=\"25%\">Enrique Carri\u00f3n Vargas<\/td>\n<td align=\"left\">1993<\/td>\n<\/tr>\n<tr>\n<td width=\"25%\">Eduardo I. Marichal<\/td>\n<td align=\"left\">1986<\/td>\n<\/tr>\n<tr>\n<td width=\"25%\">Eduardo A. Irizarry Rivera<\/td>\n<td align=\"left\">2021<\/td>\n<\/tr>\n<tr>\n<td width=\"25%\">Edgardo Mart\u00ednez Berdecia<\/td>\n<td align=\"left\">2017<\/td>\n<\/tr>\n<tr>\n<td width=\"25%\">Diana P. Mart\u00ednez Rodr\u00edguez<\/td>\n<td align=\"left\">1982<\/td>\n<\/tr>\n<tr>\n<td width=\"25%\">Deogracia Qui\u00f1ones R\u00edos<\/td>\n<td align=\"left\">1982<\/td>\n<\/tr>\n<tr>\n<td width=\"25%\">Delia Mar\u00eda Rivera Hern\u00e1ndez<\/td>\n<td align=\"left\">1984<\/td>\n<\/tr>\n<tr>\n<td width=\"25%\">Conrado W. Asenjo Mayoral<\/td>\n<td align=\"left\">1991<\/td>\n<\/tr>\n<tr>\n<td width=\"25%\">Carmen D. Zorrilla<\/td>\n<td align=\"left\">1978<\/td>\n<\/tr>\n<tr>\n<td width=\"25%\">C. Febo San Miguel<\/td>\n<td align=\"left\">1973<\/td>\n<\/tr>\n<tr>\n<td width=\"25%\">Awilda Maldonado Mercado<\/td>\n<td align=\"left\">1982<\/td>\n<\/tr>\n<tr>\n<td width=\"25%\">Arlene Irizarry Badea<\/td>\n<td align=\"left\">1995<\/td>\n<\/tr>\n<tr>\n<td width=\"25%\">Antonio Pou Mart\u00ednez<\/td>\n<td align=\"left\">1978<\/td>\n<\/tr>\n<tr>\n<td width=\"25%\">Ana M. Saavedra Delgado<\/td>\n<td align=\"left\">1975<\/td>\n<\/tr>\n<tr>\n<td width=\"25%\">Ana M. Negr\u00f3n Gelabert<\/td>\n<td align=\"left\">1972<\/td>\n<\/tr>\n<tr>\n<td width=\"25%\">Ana Bartolomei Aguilera<\/td>\n<td align=\"left\">1987<\/td>\n<\/tr>\n<tr>\n<td width=\"25%\">Alexandra Saavedra Garc\u00eda<\/td>\n<td align=\"left\">2016<\/td>\n<\/tr>\n<tr>\n<td width=\"25%\">Alexandra Alfonso Castro<\/td>\n<td align=\"left\">2022<\/td>\n<\/tr>\n<tr>\n<td width=\"25%\">Alejandro Garc\u00eda<\/td>\n<td align=\"left\">2007<\/td>\n<\/tr>\n<tr>\n<td width=\"25%\">Ailed Gonz\u00e1lez Recio<\/td>\n<td align=\"left\">1979<\/td>\n<\/tr>\n<tr>\n<td width=\"25%\">Ver\u00f3nica Rodr\u00edguez de la Cruz<\/td>\n<td align=\"left\">1978<\/td>\n<\/tr>\n<tr>\n<td width=\"25%\">Rafael Igartua De La Rosa<\/td>\n<td align=\"left\">1968<\/td>\n<\/tr>\n<\/tbody>\n<\/table>\n<p>[\/vc_column_text][\/vc_column][\/vc_row]<\/p>\n<\/div>","protected":false},"excerpt":{"rendered":"<p>[vc_row][vc_column][vc_column_text] Socios Activos 2021 [\/vc_column_text][vc_column_text] Zoraida Fiol Silva 1978 Witiza P\u00e9rez 1973 Walter Frontera Roura 1979 Victoria Bartolomei Aguillera 1978 Tom\u00e1s Jim\u00e9nez Robinson 1976 Solisis Deynes 2003 Sof\u00eda Ramos Bartolomei 2022 Rub\u00e9n L. V\u00e9lez 1978 Roberto Marchan Matta 1974 Rita Amadeo 1970 Rafael P\u00e9rez Figaredo 1969 Nilda Soto 1976 Natalio Debs El\u00edas 1981 Milagros Martin&hellip;<\/p>\n","protected":false},"author":1,"featured_media":0,"parent":0,"menu_order":0,"comment_status":"closed","ping_status":"closed","template":"","meta":{"footnotes":""},"class_list":["post-824","page","type-page","status-publish","hentry","description-off"],"aioseo_notices":[],"_links":{"self":[{"href":"https:\/\/md.rcm.upr.edu\/smg\/wp-json\/wp\/v2\/pages\/824","targetHints":{"allow":["GET"]}}],"collection":[{"href":"https:\/\/md.rcm.upr.edu\/smg\/wp-json\/wp\/v2\/pages"}],"about":[{"href":"https:\/\/md.rcm.upr.edu\/smg\/wp-json\/wp\/v2\/types\/page"}],"author":[{"embeddable":true,"href":"https:\/\/md.rcm.upr.edu\/smg\/wp-json\/wp\/v2\/users\/1"}],"replies":[{"embeddable":true,"href":"https:\/\/md.rcm.upr.edu\/smg\/wp-json\/wp\/v2\/comments?post=824"}],"version-history":[{"count":0,"href":"https:\/\/md.rcm.upr.edu\/smg\/wp-json\/wp\/v2\/pages\/824\/revisions"}],"wp:attachment":[{"href":"https:\/\/md.rcm.upr.edu\/smg\/wp-json\/wp\/v2\/media?parent=824"}],"curies":[{"name":"wp","href":"https:\/\/api.w.org\/{rel}","templated":true}]}}