{"id":275,"date":"2024-05-07T12:48:56","date_gmt":"2024-05-07T12:48:56","guid":{"rendered":"https:\/\/md.rcm.upr.edu\/surgery-tmp\/?page_id=275"},"modified":"2024-05-07T12:48:56","modified_gmt":"2024-05-07T12:48:56","slug":"clinicas-de-la-escuela-de-medicina","status":"publish","type":"page","link":"https:\/\/md.rcm.upr.edu\/surgery-tmp\/clinicas-de-la-escuela-de-medicina\/","title":{"rendered":"Cl\u00ednicas de la Escuela de Medicina"},"content":{"rendered":"<p style=\"text-align: center;\"><strong>DEPARTAMENTO DE CIRUG\u00cdA<\/strong><br \/>\n<strong>HORARIO E INFORMACI\u00d3N DE LAS CL\u00cdNICAS<\/strong><\/p>\n<table width=\"100%\">\n<tbody>\n<tr>\n<td colspan=\"4\" width=\"762\"><strong>CL\u00cdNICAS DE LA ESCUELA DE MEDICINA<\/strong><\/td>\n<\/tr>\n<tr>\n<td width=\"198\"><strong>Cl\u00ednica<\/strong><\/td>\n<td width=\"156\"><strong>D\u00eda<\/strong><\/td>\n<td width=\"114\"><strong>Horas<\/strong><\/td>\n<td width=\"294\"><strong>Tel\u00e9fono para coordinar cita<\/strong><\/td>\n<\/tr>\n<tr>\n<td width=\"198\">&nbsp;<\/p>\n<p><em>Cirug\u00eda General:<\/em><\/p>\n<p>Dr. Adel Gonz\u00e1lez<\/p>\n<p>Dr. Juan C. L\u00f3pez de Victoria<\/p>\n<p>Dr. Antonio Pav\u00eda<\/p>\n<p>Dr. Gilberto Rodr\u00edguez Morales<\/td>\n<td width=\"156\">&nbsp;<\/p>\n<p>jueves<\/td>\n<td width=\"114\">&nbsp;<\/p>\n<p>1:00 pm<\/td>\n<td width=\"294\">&nbsp;<\/p>\n<p>787-331-6268<\/td>\n<\/tr>\n<tr>\n<td width=\"198\">&nbsp;<\/p>\n<p><em>Cirug\u00eda Endocrina:<\/em><\/p>\n<p>Dr. William M\u00e9ndez Latalladi<\/td>\n<td width=\"156\">&nbsp;<\/p>\n<p>martes<\/td>\n<td width=\"114\">&nbsp;<\/p>\n<p>8:00-4:00 pm<\/p>\n<p>&nbsp;<\/td>\n<td width=\"294\">&nbsp;<\/p>\n<p>787-331-6269<\/td>\n<\/tr>\n<tr>\n<td width=\"198\">&nbsp;<\/p>\n<p><em>Cirug\u00eda Vascular:<\/em><\/p>\n<p>Dr. Fernando Joglar<\/p>\n<p>Dr. Agust\u00edn Rodr\u00edguez<\/td>\n<td width=\"156\">&nbsp;<\/p>\n<p>jueves<\/td>\n<td width=\"114\">&nbsp;<\/p>\n<p>1:00 pm<\/td>\n<td width=\"294\">&nbsp;<\/p>\n<p>787-331-6267<\/p>\n<p>&nbsp;<\/p>\n<p>&nbsp;<\/td>\n<\/tr>\n<tr>\n<td width=\"198\">&nbsp;<\/p>\n<p><em>Cirug\u00eda Colorrectal:<\/em><\/p>\n<p>Dra. Aura Delgado Cifuentes<\/td>\n<td width=\"156\">&nbsp;<\/p>\n<p>2<sup>do<\/sup> y 4<sup>to<\/sup> viernes del mes<\/td>\n<td width=\"114\">&nbsp;<\/p>\n<p>7:00 am -3:00 pm<\/td>\n<td width=\"294\">&nbsp;<\/p>\n<p>787-758-7908<\/td>\n<\/tr>\n<tr>\n<td colspan=\"4\" width=\"762\"><strong>CLINICAS CENTRO MEDICO DE PUERTO RICO (ASEM)<\/strong><\/td>\n<\/tr>\n<tr>\n<td width=\"198\">&nbsp;<\/p>\n<p><em>Cirug\u00eda Colorrectal:<\/em><\/p>\n<p>Dr. Segundo Rodr\u00edguez Quilichini<\/td>\n<td width=\"156\">&nbsp;<\/p>\n<p>martes<\/td>\n<td width=\"114\">&nbsp;<\/p>\n<p>8:00 am<\/td>\n<td width=\"294\">&nbsp;<\/p>\n<p>787-777-3535 ext. 2104\/2107 \u00f3<\/p>\n<p>Email:<\/p>\n<p><a href=\"mailto:faxcitas@asem.pr.gov\">faxcitas@asem.pr.gov<\/a><\/p>\n<p>Incluir n\u00famero de r\u00e9cord del paciente (MR) \u00f3 nombre y dos apellidos, fecha de nacimiento, direcci\u00f3n postal y n\u00famero de tel\u00e9fono.<\/td>\n<\/tr>\n<tr>\n<td width=\"198\">&nbsp;<\/p>\n<p><em>Cirug\u00eda Trauma:<\/em><\/p>\n<p>Dr. Pablo Rodr\u00edguez<\/p>\n<p>Dra. Cristina Joy<\/p>\n<p>Dra. Nydia de Soto<\/p>\n<p>Dra. Natalia V\u00e9lez<\/p>\n<p>Dr. Marcos Salgado<\/td>\n<td width=\"156\">&nbsp;<\/p>\n<p>martes<\/td>\n<td width=\"114\">&nbsp;<\/p>\n<p>1:00 pm<\/p>\n<p>&nbsp;<\/td>\n<td width=\"294\">&nbsp;<\/p>\n<p>787-777-3535 ext. 2104\/2107 \u00f3<\/p>\n<p>Email:<\/p>\n<p><a href=\"mailto:faxcitas@asem.pr.gov\">faxcitas@asem.pr.gov<\/a><\/p>\n<p>Incluir n\u00famero de r\u00e9cord del paciente (MR) \u00f3 nombre y dos apellidos, fecha de nacimiento, direcci\u00f3n postal y n\u00famero de tel\u00e9fono.<\/td>\n<\/tr>\n<tr>\n<td width=\"198\">&nbsp;<\/p>\n<p><em>Cirug\u00eda Pl\u00e1stica:<\/em><\/p>\n<p>Dr. \u00c1ngel Rivera Barrios<\/td>\n<td width=\"156\">&nbsp;<\/p>\n<p>mi\u00e9rcoles<\/td>\n<td width=\"114\">&nbsp;<\/p>\n<p>7:30-10:00am<\/td>\n<td width=\"294\">&nbsp;<\/p>\n<p>787-998-8539<\/td>\n<\/tr>\n<tr>\n<td colspan=\"4\" width=\"762\"><strong>CLINICAS HOSPITAL ONCOLOGICO<\/strong><\/td>\n<\/tr>\n<tr>\n<td width=\"198\">&nbsp;<\/p>\n<p><em>Cirug\u00eda Oncol\u00f3gica:<\/em><\/p>\n<p>Dr. Jos\u00e9 Mar\u00edn<\/p>\n<p>&nbsp;<\/p>\n<p>Dr. Reynold L\u00f3pez<\/p>\n<p>&nbsp;<\/p>\n<p>Dra. Edna Mora<\/td>\n<td width=\"156\">&nbsp;<\/p>\n<p>&nbsp;<\/p>\n<p>martes y mi\u00e9rcoles<\/p>\n<p>&nbsp;<\/p>\n<p>jueves<\/p>\n<p>&nbsp;<\/p>\n<p>mi\u00e9rcoles<\/td>\n<td width=\"114\">&nbsp;<\/p>\n<p>&nbsp;<\/p>\n<p>8:00 am-12:00 pm<\/p>\n<p>&nbsp;<\/p>\n<p>8:00-12:00pm<\/p>\n<p>&nbsp;<\/p>\n<p>8:00am-3:00pm<\/p>\n<p>&nbsp;<\/td>\n<td width=\"294\">&nbsp;<\/p>\n<p>&nbsp;<\/p>\n<p>787-763-4149 ext. 3202<\/p>\n<p>787-403-1403<\/td>\n<\/tr>\n<tr>\n<td width=\"198\">&nbsp;<\/p>\n<p><em>Cirug\u00eda Pl\u00e1stica:<\/em><\/p>\n<p>Dr. \u00c1ngel Rivera Barrios<\/p>\n<p>&nbsp;<\/p>\n<p>Dr. Ricardo Jim\u00e9nez Lee<\/p>\n<p>&nbsp;<\/td>\n<td width=\"156\">&nbsp;<\/p>\n<p>&nbsp;<\/p>\n<p>martes alternos y<\/p>\n<p>mi\u00e9rcoles<\/p>\n<p>viernes<\/p>\n<p>&nbsp;<\/td>\n<td width=\"114\">&nbsp;<\/p>\n<p>&nbsp;<\/p>\n<p>8:00-3:00pm<\/p>\n<p>10:00am -3:00 pm<\/p>\n<p>8:00am-3:00pm<\/td>\n<td width=\"294\">&nbsp;<\/p>\n<p>&nbsp;<\/p>\n<p>787-998-8539<\/p>\n<p>&nbsp;<\/p>\n<p>787-763-4143 ext. 3202<\/p>\n<p>787-403-1403<\/td>\n<\/tr>\n<tr>\n<td colspan=\"4\" width=\"762\"><strong>CLINICAS HOSPITAL PEDIATRICO<\/strong><\/td>\n<\/tr>\n<tr>\n<td width=\"198\"><em>\u00a0<\/em><\/p>\n<p><em>Cirug\u00eda Pedi\u00e1trica:<\/em><\/p>\n<p>Dr. Humberto Lugo<\/p>\n<p>Dr. V\u00edctor Ortiz<\/p>\n<p>Dr. Aurelio Segundo<\/p>\n<p>Dr. Jorge Zequeira<\/p>\n<p>Dr. Anwar Abul-Hadi Mart\u00ednez<\/td>\n<td width=\"156\">&nbsp;<\/p>\n<p>&nbsp;<\/p>\n<p>martes<\/p>\n<p>martes<\/p>\n<p>lunes<\/p>\n<p>mi\u00e9rcoles<\/p>\n<p>1<sup>ros<\/sup> mi\u00e9rcoles<\/td>\n<td width=\"114\">&nbsp;<\/p>\n<p>&nbsp;<\/p>\n<p>7:00am<\/p>\n<p>12:00-3:00pm<\/p>\n<p>11:00am<\/p>\n<p>12:00-3:00pm<\/p>\n<p>7:00am-12:00pm<\/td>\n<td width=\"294\">&nbsp;<\/p>\n<p>&nbsp;<\/p>\n<p>&nbsp;<\/p>\n<p>&nbsp;<\/p>\n<p>&nbsp;<\/p>\n<p>787-474-0333 ext. 7240<\/td>\n<\/tr>\n<tr>\n<td colspan=\"4\" width=\"762\"><strong>CLINICAS HOSPITAL MUNICIPAL DE SAN JUAN<\/strong><\/td>\n<\/tr>\n<tr>\n<td width=\"198\"><em>Cirug\u00eda General:<\/em><\/p>\n<p>Dra. Marcos Salgado<\/p>\n<p>Dr. Cristina Joy<\/p>\n<p>Dra. Natalia V\u00e9lez<\/p>\n<p>&nbsp;<\/p>\n<p><em>Cirug\u00eda Endocrino:<\/em><\/p>\n<p>Dr. William M\u00e9ndez Latalladi<\/p>\n<p>Dr. Adel Gonz\u00e1lez<\/td>\n<td width=\"156\">&nbsp;<\/p>\n<p>lunes y jueves<\/p>\n<p>&nbsp;<\/p>\n<p>&nbsp;<\/p>\n<p>&nbsp;<\/p>\n<p>viernes 1<sup>ro <\/sup>y 3<sup>ro<\/sup><\/td>\n<td width=\"114\">&nbsp;<\/p>\n<p>1:00-3:00pm<\/p>\n<p>&nbsp;<\/p>\n<p>&nbsp;<\/p>\n<p>&nbsp;<\/p>\n<p>10:00am-12:00pm<\/td>\n<td width=\"294\">&nbsp;<\/p>\n<p>787-480-2805<\/p>\n<p>&nbsp;<\/p>\n<p>&nbsp;<\/p>\n<p>&nbsp;<\/p>\n<p>787-480-2762<\/td>\n<\/tr>\n<tr>\n<td colspan=\"4\" width=\"762\"><strong>CLINICAS CENTRO COMPRENSIVO DE CANCER<\/strong><\/td>\n<\/tr>\n<tr>\n<td width=\"198\"><em>Cirug\u00eda Endocrino:<\/em><\/p>\n<p>Dr. William M\u00e9ndez Latalladi<\/p>\n<p>&nbsp;<\/p>\n<p><em>Cirug\u00eda General:<\/em><\/p>\n<p>Dr. Adel Gonz\u00e1lez Montalvo<\/p>\n<p>Dr. Juan C. L\u00f3pez de Victoria<\/td>\n<td width=\"156\">&nbsp;<\/p>\n<p>lunes<\/p>\n<p>&nbsp;<\/p>\n<p>&nbsp;<\/p>\n<p>lunes alternos<\/p>\n<p>martes<\/td>\n<td width=\"114\">&nbsp;<\/p>\n<p>8:00am-12:00pm<\/p>\n<p>&nbsp;<\/p>\n<p>&nbsp;<\/p>\n<p>8:00am-12:00pm<\/p>\n<p>2<sup>do<\/sup> y 4<sup>to<\/sup><\/td>\n<td width=\"294\">&nbsp;<\/p>\n<p>787-936-1477 ext: 5264, 6006<\/p>\n<p>\u00f3 <a href=\"mailto:citas@cccupr.org\">citas@cccupr.org<\/a><\/p>\n<p>&nbsp;<\/p>\n<p>787-936-1477 exts: 6002,6003, 6006<\/p>\n<p>\u00f3 <a href=\"mailto:citas@cccupr.org\">citas@cccupr.org<\/a><\/td>\n<\/tr>\n<tr>\n<td colspan=\"4\" width=\"762\"><strong>CLINICAS HOSPITAL DE LA UPR<\/strong><\/td>\n<\/tr>\n<tr>\n<td width=\"198\"><em>Cirug\u00eda General:<\/em><\/p>\n<p>Dr. Jos\u00e9 Garc\u00eda Garc\u00eda<\/p>\n<p>Dr. Adel Gonz\u00e1lez Montalvo<\/p>\n<p>Dr. Mauro Iranzo<\/p>\n<p><em>Cirug\u00eda\/Oncolog\u00eda Seno<\/em><\/p>\n<p>Dra. Viviana Negr\u00f3n<\/p>\n<p><em>Cirugia (Bari\u00e1trica)<\/em><\/p>\n<p>Dr. Albert Su\u00e1rez Dom\u00ednguez \/<\/p>\n<p>Dra. Krystal D. Ortiz<\/p>\n<p>Cirug\u00eda Pl\u00e1stica<\/p>\n<p>Dr. \u00c1ngel Rivera Barrios<\/td>\n<td width=\"156\">&nbsp;<\/p>\n<p>mi\u00e9rcoles<\/p>\n<p>jueves am<\/p>\n<p>martes (alternos)<\/p>\n<p>&nbsp;<\/p>\n<p>mi\u00e9rcoles<\/p>\n<p>&nbsp;<\/p>\n<p>viernes pm<\/p>\n<p>&nbsp;<\/p>\n<p>&nbsp;<\/td>\n<td width=\"114\">&nbsp;<\/p>\n<p>7:30am<\/p>\n<p>7:30 am<\/p>\n<p>1:00pm<\/p>\n<p>&nbsp;<\/p>\n<p>8:00 am<\/td>\n<td width=\"294\">&nbsp;<\/p>\n<p>&nbsp;<\/p>\n<p>&nbsp;<\/p>\n<p>787-476-4135<\/p>\n<p>&nbsp;<\/p>\n<p>787-757-1800<\/p>\n<p>X &#8211; 3009\/3011<\/td>\n<\/tr>\n<\/tbody>\n<\/table>\n","protected":false},"excerpt":{"rendered":"<p>DEPARTAMENTO DE CIRUG\u00cdA HORARIO E INFORMACI\u00d3N DE LAS CL\u00cdNICAS CL\u00cdNICAS DE LA ESCUELA DE MEDICINA Cl\u00ednica D\u00eda Horas Tel\u00e9fono para coordinar cita &nbsp; Cirug\u00eda General: Dr. Adel Gonz\u00e1lez Dr. Juan C. L\u00f3pez de Victoria Dr. Antonio Pav\u00eda Dr. Gilberto Rodr\u00edguez Morales &nbsp; jueves &nbsp; 1:00 pm &nbsp; 787-331-6268 &nbsp; Cirug\u00eda Endocrina: Dr. William M\u00e9ndez Latalladi&hellip;<\/p>\n","protected":false},"author":1,"featured_media":0,"parent":0,"menu_order":0,"comment_status":"closed","ping_status":"closed","template":"","meta":{"footnotes":""},"class_list":["post-275","page","type-page","status-publish","hentry","description-off"],"aioseo_notices":[],"_links":{"self":[{"href":"https:\/\/md.rcm.upr.edu\/surgery-tmp\/wp-json\/wp\/v2\/pages\/275","targetHints":{"allow":["GET"]}}],"collection":[{"href":"https:\/\/md.rcm.upr.edu\/surgery-tmp\/wp-json\/wp\/v2\/pages"}],"about":[{"href":"https:\/\/md.rcm.upr.edu\/surgery-tmp\/wp-json\/wp\/v2\/types\/page"}],"author":[{"embeddable":true,"href":"https:\/\/md.rcm.upr.edu\/surgery-tmp\/wp-json\/wp\/v2\/users\/1"}],"replies":[{"embeddable":true,"href":"https:\/\/md.rcm.upr.edu\/surgery-tmp\/wp-json\/wp\/v2\/comments?post=275"}],"version-history":[{"count":0,"href":"https:\/\/md.rcm.upr.edu\/surgery-tmp\/wp-json\/wp\/v2\/pages\/275\/revisions"}],"wp:attachment":[{"href":"https:\/\/md.rcm.upr.edu\/surgery-tmp\/wp-json\/wp\/v2\/media?parent=275"}],"curies":[{"name":"wp","href":"https:\/\/api.w.org\/{rel}","templated":true}]}}