{"id":161,"date":"2014-07-09T15:22:51","date_gmt":"2014-07-09T15:22:51","guid":{"rendered":"http:\/\/md.rcm.upr.edu\/surgery\/?page_id=161"},"modified":"2014-07-09T15:24:58","modified_gmt":"2014-07-09T15:24:58","slug":"plastic-surgery-division","status":"publish","type":"page","link":"https:\/\/md.rcm.upr.edu\/surgery\/plastic-surgery-division\/","title":{"rendered":"Plastic Surgery Division"},"content":{"rendered":"<p style=\"text-align: justify;\"><img loading=\"lazy\" decoding=\"async\" width=\"150\" height=\"150\" class=\"alignleft size-thumbnail wp-image-33\" src=\"http:\/\/md.rcm.upr.edu\/surgery\/wp-content\/uploads\/sites\/7\/2014\/07\/drncruz-150x150.png\" alt=\"drncruz\" \/>The Plastic Surgery Division provides direct patient care as well as supervision and teaching to residents and students at the University Hospital, the Oncologic Hospital, and the Veterans Administration Hospital. Currently, the staff is composed of two board certified plastic surgeons Norma I. Cruz, MD. (current division chief) and Ricardo Jimenez-Lee, MD.<\/p>\n<p style=\"text-align: justify;\">Reconstructive and general plastic surgery procedures are provided to patients in the participating institutions and to outpatients attending the clinics. The clinics at the Oncologic Hospital offer post-mastectomy reconstruction as well as other reconstructive procedures. The ASEM clinics, at Centro M\u00e9dico, offer general plastic surgery services.<\/p>\n<p><strong>Norma I. Cruz, MD<\/strong><br \/>\nDivision Director<\/p>\n<p>[<a title=\"Divisi\u00f3n de Cirug\u00eda Pl\u00e1stica\" href=\"http:\/\/md.rcm.upr.edu\/surgery\/division-de-cirugia-plastica\/\">Spanish Version<\/a>]<\/p>\n","protected":false},"excerpt":{"rendered":"<p>The Plastic Surgery Division provides direct patient care as well as supervision and teaching to residents and students at the University Hospital, the Oncologic Hospital, and the Veterans Administration Hospital. Currently, the staff is composed of two board certified plastic surgeons Norma I. Cruz, MD. (current division chief) and Ricardo Jimenez-Lee, MD. Reconstructive and general&hellip;<\/p>\n","protected":false},"author":1,"featured_media":0,"parent":0,"menu_order":0,"comment_status":"closed","ping_status":"closed","template":"","meta":{"footnotes":""},"class_list":["post-161","page","type-page","status-publish","hentry","description-off"],"aioseo_notices":[],"_links":{"self":[{"href":"https:\/\/md.rcm.upr.edu\/surgery\/wp-json\/wp\/v2\/pages\/161","targetHints":{"allow":["GET"]}}],"collection":[{"href":"https:\/\/md.rcm.upr.edu\/surgery\/wp-json\/wp\/v2\/pages"}],"about":[{"href":"https:\/\/md.rcm.upr.edu\/surgery\/wp-json\/wp\/v2\/types\/page"}],"author":[{"embeddable":true,"href":"https:\/\/md.rcm.upr.edu\/surgery\/wp-json\/wp\/v2\/users\/1"}],"replies":[{"embeddable":true,"href":"https:\/\/md.rcm.upr.edu\/surgery\/wp-json\/wp\/v2\/comments?post=161"}],"version-history":[{"count":0,"href":"https:\/\/md.rcm.upr.edu\/surgery\/wp-json\/wp\/v2\/pages\/161\/revisions"}],"wp:attachment":[{"href":"https:\/\/md.rcm.upr.edu\/surgery\/wp-json\/wp\/v2\/media?parent=161"}],"curies":[{"name":"wp","href":"https:\/\/api.w.org\/{rel}","templated":true}]}}