{"id":164,"date":"2014-07-09T15:24:41","date_gmt":"2014-07-09T15:24:41","guid":{"rendered":"http:\/\/md.rcm.upr.edu\/surgery\/?page_id=164"},"modified":"2014-07-09T15:24:41","modified_gmt":"2014-07-09T15:24:41","slug":"division-de-cirugia-plastica","status":"publish","type":"page","link":"https:\/\/md.rcm.upr.edu\/surgery\/division-de-cirugia-plastica\/","title":{"rendered":"Divisi\u00f3n de Cirug\u00eda Pl\u00e1stica"},"content":{"rendered":"<p style=\"text-align: justify;\"><img loading=\"lazy\" decoding=\"async\" width=\"150\" height=\"150\" class=\"alignleft size-thumbnail wp-image-33\" src=\"http:\/\/md.rcm.upr.edu\/surgery\/wp-content\/uploads\/sites\/7\/2014\/07\/drncruz-150x150.png\" alt=\"drncruz\" \/>La Divisi\u00f3n de Cirug\u00eda Pl\u00e1stica ofrece cuidado directo al paciente al igual que\u00a0 supervisi\u00f3n y docencia a residentes y estudiantes en el Hospital Universitario, Hospital Oncol\u00f3gico y Hospital de Veteranos.\u00a0 Actualmente, la facultad est\u00e1 compuesta por dos cirujanos pl\u00e1sticos certificados por el \u201cboard\u201d de su especialidad; la Dra. Norma I. Cruz (actual directora de la divisi\u00f3n) y el Dr. Ricardo Jim\u00e9nez-Lee.<\/p>\n<p style=\"text-align: justify;\">Se le provee tanto servicios de cirug\u00eda reconstructiva como de cirug\u00eda pl\u00e1stica general a los pacientes de las instituciones participantes y a los pacientes que asisten a las cl\u00ednicas externas.\u00a0 Las cl\u00ednicas del Hospital Oncol\u00f3gico ofrecen varias alternativas de reconstrucci\u00f3n post-mastectom\u00eda al igual que otros procedimientos reconstructivos.\u00a0 Las cl\u00ednicas de ASEM, en Centro M\u00e9dico, ofrecen servicios de cirug\u00eda pl\u00e1stica general<\/p>\n<p style=\"text-align: justify;\">Norma I. Cruz, MD<br \/>\nDirectora de la Divisi\u00f3n<\/p>\n<p style=\"text-align: justify;\">[<a title=\"Plastic Surgery Division\" href=\"http:\/\/md.rcm.upr.edu\/surgery\/plastic-surgery-division\/\">English Version<\/a>]<\/p>\n","protected":false},"excerpt":{"rendered":"<p>La Divisi\u00f3n de Cirug\u00eda Pl\u00e1stica ofrece cuidado directo al paciente al igual que\u00a0 supervisi\u00f3n y docencia a residentes y estudiantes en el Hospital Universitario, Hospital Oncol\u00f3gico y Hospital de Veteranos.\u00a0 Actualmente, la facultad est\u00e1 compuesta por dos cirujanos pl\u00e1sticos certificados por el \u201cboard\u201d de su especialidad; la Dra. Norma I. Cruz (actual directora de la&hellip;<\/p>\n","protected":false},"author":1,"featured_media":0,"parent":0,"menu_order":0,"comment_status":"closed","ping_status":"closed","template":"","meta":{"footnotes":""},"class_list":["post-164","page","type-page","status-publish","hentry","description-off"],"aioseo_notices":[],"_links":{"self":[{"href":"https:\/\/md.rcm.upr.edu\/surgery\/wp-json\/wp\/v2\/pages\/164","targetHints":{"allow":["GET"]}}],"collection":[{"href":"https:\/\/md.rcm.upr.edu\/surgery\/wp-json\/wp\/v2\/pages"}],"about":[{"href":"https:\/\/md.rcm.upr.edu\/surgery\/wp-json\/wp\/v2\/types\/page"}],"author":[{"embeddable":true,"href":"https:\/\/md.rcm.upr.edu\/surgery\/wp-json\/wp\/v2\/users\/1"}],"replies":[{"embeddable":true,"href":"https:\/\/md.rcm.upr.edu\/surgery\/wp-json\/wp\/v2\/comments?post=164"}],"version-history":[{"count":0,"href":"https:\/\/md.rcm.upr.edu\/surgery\/wp-json\/wp\/v2\/pages\/164\/revisions"}],"wp:attachment":[{"href":"https:\/\/md.rcm.upr.edu\/surgery\/wp-json\/wp\/v2\/media?parent=164"}],"curies":[{"name":"wp","href":"https:\/\/api.w.org\/{rel}","templated":true}]}}