{"id":188,"date":"2014-07-09T15:44:08","date_gmt":"2014-07-09T15:44:08","guid":{"rendered":"http:\/\/md.rcm.upr.edu\/surgery\/?page_id=188"},"modified":"2017-02-01T23:53:51","modified_gmt":"2017-02-01T23:53:51","slug":"surgical-services","status":"publish","type":"page","link":"https:\/\/md.rcm.upr.edu\/surgery\/surgical-services\/","title":{"rendered":"Surgical Clinics and Services"},"content":{"rendered":"<p><strong>Surgical Clinics and Services for Patient<\/strong><\/p>\n<p>&nbsp;<\/p>\n<p><a href=\"http:\/\/md.rcm.upr.edu\/surgery\/wp-content\/uploads\/sites\/7\/2014\/07\/surgery_clinic_hour_contact.pdf\">Medical School Surgery Clinics &amp; ASEM\u00a0 &#8211; Contact and Hours (CLICK HERE!)<\/a><\/p>\n<p>&#8212;&#8212;&#8211;<\/p>\n<p><a href=\"http:\/\/md.rcm.upr.edu\/surgery\/wp-content\/uploads\/sites\/7\/2014\/07\/surgery_clinic_hour_contact.pdf\" target=\"_blank\">Horario de las Cl\u00ednicas de Centro-medico de Puerto Rico y Cl\u00ednicas de la Escuela de Medicina (PRESIONE AQU\u00cd!)<\/a><\/p>\n<p>&nbsp;<\/p>\n<p>&#8212;&#8212;&#8212;<\/p>\n<p>[su_document url=&#8221;https:\/\/md.rcm.upr.edu\/surgery\/wp-content\/uploads\/sites\/7\/2014\/07\/DIRECTORIOCLINICASQUIRURGICAS.pdf&#8221;]<\/p>\n","protected":false},"excerpt":{"rendered":"<p>Surgical Clinics and Services for Patient &nbsp; Medical School Surgery Clinics &amp; ASEM\u00a0 &#8211; Contact and Hours (CLICK HERE!) &#8212;&#8212;&#8211; Horario de las Cl\u00ednicas de Centro-medico de Puerto Rico y Cl\u00ednicas de la Escuela de Medicina (PRESIONE AQU\u00cd!) &nbsp; &#8212;&#8212;&#8212; [su_document url=&#8221;https:\/\/md.rcm.upr.edu\/surgery\/wp-content\/uploads\/sites\/7\/2014\/07\/DIRECTORIOCLINICASQUIRURGICAS.pdf&#8221;]<\/p>\n","protected":false},"author":1,"featured_media":0,"parent":0,"menu_order":0,"comment_status":"closed","ping_status":"closed","template":"","meta":{"footnotes":""},"class_list":["post-188","page","type-page","status-publish","hentry","description-off"],"aioseo_notices":[],"_links":{"self":[{"href":"https:\/\/md.rcm.upr.edu\/surgery\/wp-json\/wp\/v2\/pages\/188","targetHints":{"allow":["GET"]}}],"collection":[{"href":"https:\/\/md.rcm.upr.edu\/surgery\/wp-json\/wp\/v2\/pages"}],"about":[{"href":"https:\/\/md.rcm.upr.edu\/surgery\/wp-json\/wp\/v2\/types\/page"}],"author":[{"embeddable":true,"href":"https:\/\/md.rcm.upr.edu\/surgery\/wp-json\/wp\/v2\/users\/1"}],"replies":[{"embeddable":true,"href":"https:\/\/md.rcm.upr.edu\/surgery\/wp-json\/wp\/v2\/comments?post=188"}],"version-history":[{"count":0,"href":"https:\/\/md.rcm.upr.edu\/surgery\/wp-json\/wp\/v2\/pages\/188\/revisions"}],"wp:attachment":[{"href":"https:\/\/md.rcm.upr.edu\/surgery\/wp-json\/wp\/v2\/media?parent=188"}],"curies":[{"name":"wp","href":"https:\/\/api.w.org\/{rel}","templated":true}]}}