{"id":80,"date":"2014-07-09T14:22:35","date_gmt":"2014-07-09T14:22:35","guid":{"rendered":"http:\/\/md.rcm.upr.edu\/surgery\/?page_id=80"},"modified":"2015-03-31T17:44:47","modified_gmt":"2015-03-31T17:44:47","slug":"oncolgic-surgery","status":"publish","type":"page","link":"https:\/\/md.rcm.upr.edu\/surgery\/oncolgic-surgery\/","title":{"rendered":"Oncologic Surgery"},"content":{"rendered":"<p><strong>Reynold L\u00f3pez MD<\/strong><br \/>\n<strong><a href=\"http:\/\/md.rcm.upr.edu\/surgery\/wp-content\/uploads\/sites\/7\/2014\/07\/DR-REYNOLD-LOPEZ.jpg\"><img loading=\"lazy\" decoding=\"async\" class=\"alignleft wp-image-735 size-thumbnail\" src=\"http:\/\/md.rcm.upr.edu\/surgery\/wp-content\/uploads\/sites\/7\/2014\/07\/DR-REYNOLD-LOPEZ-150x150.jpg\" alt=\"DR REYNOLD LOPEZ\" width=\"150\" height=\"150\" srcset=\"https:\/\/md.rcm.upr.edu\/surgery\/wp-content\/uploads\/sites\/7\/2014\/07\/DR-REYNOLD-LOPEZ-150x150.jpg 150w, https:\/\/md.rcm.upr.edu\/surgery\/wp-content\/uploads\/sites\/7\/2014\/07\/DR-REYNOLD-LOPEZ-105x105.jpg 105w, https:\/\/md.rcm.upr.edu\/surgery\/wp-content\/uploads\/sites\/7\/2014\/07\/DR-REYNOLD-LOPEZ-212x212.jpg 212w, https:\/\/md.rcm.upr.edu\/surgery\/wp-content\/uploads\/sites\/7\/2014\/07\/DR-REYNOLD-LOPEZ-75x75.jpg 75w, https:\/\/md.rcm.upr.edu\/surgery\/wp-content\/uploads\/sites\/7\/2014\/07\/DR-REYNOLD-LOPEZ-56x56.jpg 56w, https:\/\/md.rcm.upr.edu\/surgery\/wp-content\/uploads\/sites\/7\/2014\/07\/DR-REYNOLD-LOPEZ-69x69.jpg 69w, https:\/\/md.rcm.upr.edu\/surgery\/wp-content\/uploads\/sites\/7\/2014\/07\/DR-REYNOLD-LOPEZ-145x145.jpg 145w\" sizes=\"auto, (max-width: 150px) 100vw, 150px\" \/><\/a><\/strong>He is a full time Professor in our Department. He obtained a BS Degree at Marquette University in New York in 1967. He was accepted at the University of Puerto Rico, School of Medicine and completed his MD in 1971. Completed his Internship and Residency in General Surgery at the University of Puerto Rico and Affiliated Hospitals. While working in his residency, Dr. L\u00f3pez became a Cancer Fellow of the American College of Surgeons at the Puerto Rico University Hospital during 1973-1974 and then participated as Clinical Cancer Fellow of the US Department of Health Education and Welfare at the Puerto Rico University Hospital during 1975-1976. After completing the residency, he spent a year as Cancer Fellow at the Roswell Memorial Institute in Buffalo, New York. He then spent two more years at Roswell Surgical Oncology &amp; Head and Neck Cancer &amp; Solid Tumor Chemotherapy.<\/p>\n<p>Dr. L\u00f3pez is currently Associate the Chairman of the Puerto Rico Comprehensive Cancer Center, Chair of the C\u00e1ncer Committee and Tumor Board president at the Pav\u00eda Hospital and Director of the Surgical Oncology Service at the Department. He has received several distinctions among them Who\u00b4s Who in America (1991), AMA Physician Recognition Award (1991).<\/p>\n<p>He is actively involved in research activities at the Comprehensive Cancer Center which has a joint program with the MD Anderson Cancer Center.<\/p>\n<p><strong>P<img loading=\"lazy\" decoding=\"async\" class=\" wp-image-32 size-thumbnail alignright\" src=\"http:\/\/md.rcm.upr.edu\/surgery\/wp-content\/uploads\/sites\/7\/2014\/07\/dr_pablo_mojica-150x150.jpg\" alt=\"dr_pablo_mojica\" width=\"150\" height=\"150\" srcset=\"https:\/\/md.rcm.upr.edu\/surgery\/wp-content\/uploads\/sites\/7\/2014\/07\/dr_pablo_mojica-150x150.jpg 150w, https:\/\/md.rcm.upr.edu\/surgery\/wp-content\/uploads\/sites\/7\/2014\/07\/dr_pablo_mojica.jpg 190w\" sizes=\"auto, (max-width: 150px) 100vw, 150px\" \/>ablo Mojica-Ma\u00f1osa MD<\/strong><\/p>\n<p style=\"text-align: justify;\">He received his Medical Degree from the UPR School of Medicine in 1997 and completed his Surgical Residency at UPR RCM in 2003. After residency he did a Fellowship in Head and Neck Surgical Oncology at Roswell Park Cancer Institute in 2005 and a Fellowship in General Surgical Oncology City of Hope Cancer Center in 2007. He is a Board Certified Surgeon and a Diplomate of the European Board of Surgical Oncology.<\/p>\n<p>Contact: <a href=\"plmojica@caribe.net\">plmojica@caribe.net<\/a><\/p>\n<p><strong>Edna M. Mora Pi\u00f1ero MD<a href=\"http:\/\/md.rcm.upr.edu\/surgery\/wp-content\/uploads\/sites\/7\/2014\/07\/Dra.-Edna-Mora.jpg\"><img loading=\"lazy\" decoding=\"async\" class=\"alignleft wp-image-745 size-thumbnail\" src=\"http:\/\/md.rcm.upr.edu\/surgery\/wp-content\/uploads\/sites\/7\/2014\/07\/Dra.-Edna-Mora-150x150.jpg\" alt=\"Dra. Edna Mora\" width=\"150\" height=\"150\" srcset=\"https:\/\/md.rcm.upr.edu\/surgery\/wp-content\/uploads\/sites\/7\/2014\/07\/Dra.-Edna-Mora-150x150.jpg 150w, https:\/\/md.rcm.upr.edu\/surgery\/wp-content\/uploads\/sites\/7\/2014\/07\/Dra.-Edna-Mora-105x105.jpg 105w, https:\/\/md.rcm.upr.edu\/surgery\/wp-content\/uploads\/sites\/7\/2014\/07\/Dra.-Edna-Mora-212x212.jpg 212w, https:\/\/md.rcm.upr.edu\/surgery\/wp-content\/uploads\/sites\/7\/2014\/07\/Dra.-Edna-Mora-75x75.jpg 75w, https:\/\/md.rcm.upr.edu\/surgery\/wp-content\/uploads\/sites\/7\/2014\/07\/Dra.-Edna-Mora-56x56.jpg 56w, https:\/\/md.rcm.upr.edu\/surgery\/wp-content\/uploads\/sites\/7\/2014\/07\/Dra.-Edna-Mora-69x69.jpg 69w, https:\/\/md.rcm.upr.edu\/surgery\/wp-content\/uploads\/sites\/7\/2014\/07\/Dra.-Edna-Mora-145x145.jpg 145w\" sizes=\"auto, (max-width: 150px) 100vw, 150px\" \/><\/a><\/strong><\/p>\n<p style=\"text-align: justify;\">She received her Medical degree from the UPR School of Medicine in 1986 and completed her surgical residency at UPR RCM in 1992. She went on and completed a Fellowship in Oncologic Surgery at MD Anderson Cancer Center in 1995. She is a Board Certified Surgeon, a Professor of Surgery and participates in the Cancer Biology Laboratory project.<\/p>\n<p>Contact: <a href=\"edna.mora2@upr.edu\">edna.mora2@upr.edu<\/a><\/p>\n<p><strong>Viviana M. Negr\u00f3n Gonz\u00e1lez MD<img loading=\"lazy\" decoding=\"async\" class=\" wp-image-44 size-thumbnail alignright\" src=\"http:\/\/md.rcm.upr.edu\/surgery\/wp-content\/uploads\/sites\/7\/2014\/07\/viviana_negron-150x150.jpg\" alt=\"viviana_negron\" width=\"150\" height=\"150\" \/><\/strong><\/p>\n<p style=\"text-align: justify;\">She earned her Medical Degree from the UPR School of Medicine in 2003 and completed her Surgical Residency at UPR RCM in 2008. She went on and completed a Breast Surgical Oncology Fellowship at the MD Anderson Cancer Center in 2009. She is a Board Certified Surgeon that specializes in breast cancer.<\/p>\n<p><strong>Dr. Jose Mar\u00edn<\/strong><\/p>\n<p><strong>Dr. Miguel Echenique<\/strong><\/p>\n","protected":false},"excerpt":{"rendered":"<p>Reynold L\u00f3pez MD He is a full time Professor in our Department. He obtained a BS Degree at Marquette University in New York in 1967. He was accepted at the University of Puerto Rico, School of Medicine and completed his MD in 1971. Completed his Internship and Residency in General Surgery at the University of&hellip;<\/p>\n","protected":false},"author":1,"featured_media":0,"parent":0,"menu_order":0,"comment_status":"closed","ping_status":"closed","template":"","meta":{"footnotes":""},"class_list":["post-80","page","type-page","status-publish","hentry","description-off"],"aioseo_notices":[],"_links":{"self":[{"href":"https:\/\/md.rcm.upr.edu\/surgery\/wp-json\/wp\/v2\/pages\/80","targetHints":{"allow":["GET"]}}],"collection":[{"href":"https:\/\/md.rcm.upr.edu\/surgery\/wp-json\/wp\/v2\/pages"}],"about":[{"href":"https:\/\/md.rcm.upr.edu\/surgery\/wp-json\/wp\/v2\/types\/page"}],"author":[{"embeddable":true,"href":"https:\/\/md.rcm.upr.edu\/surgery\/wp-json\/wp\/v2\/users\/1"}],"replies":[{"embeddable":true,"href":"https:\/\/md.rcm.upr.edu\/surgery\/wp-json\/wp\/v2\/comments?post=80"}],"version-history":[{"count":0,"href":"https:\/\/md.rcm.upr.edu\/surgery\/wp-json\/wp\/v2\/pages\/80\/revisions"}],"wp:attachment":[{"href":"https:\/\/md.rcm.upr.edu\/surgery\/wp-json\/wp\/v2\/media?parent=80"}],"curies":[{"name":"wp","href":"https:\/\/api.w.org\/{rel}","templated":true}]}}