{"id":839,"date":"2015-03-04T13:30:08","date_gmt":"2015-03-04T13:30:08","guid":{"rendered":"http:\/\/md.rcm.upr.edu\/surgery\/?page_id=839"},"modified":"2016-02-01T19:03:35","modified_gmt":"2016-02-01T19:03:35","slug":"asem-clinic-map","status":"publish","type":"page","link":"https:\/\/md.rcm.upr.edu\/surgery\/asem-clinic-map\/","title":{"rendered":"Outpatient Clinic- ASEM"},"content":{"rendered":"<p>Outpatient Clinics\u00a0 &#8221; Cl\u00ednicas Externas&#8221; located between the rotunda and the Industrial Building.<\/p>\n<p><a href=\"https:\/\/www.asempr.org\/servicios_medicos\/clinicas_externas\">ASEM- Administraci\u00f3n de Servicios M\u00e9dicos de Puerto Rico- <strong>Outpatient Clinic Division (website)<\/strong><\/a><\/p>\n<p>Outpatient Clinics Division of Medical Services Administration of Puerto Rico , provides health services to patients throughout the island and also patients from the Virgin Islands.<\/p>\n<p>&nbsp;<\/p>\n","protected":false},"excerpt":{"rendered":"<p>Outpatient Clinics\u00a0 &#8221; Cl\u00ednicas Externas&#8221; located between the rotunda and the Industrial Building. ASEM- Administraci\u00f3n de Servicios M\u00e9dicos de Puerto Rico- Outpatient Clinic Division (website) Outpatient Clinics Division of Medical Services Administration of Puerto Rico , provides health services to patients throughout the island and also patients from the Virgin Islands. &nbsp;<\/p>\n","protected":false},"author":18,"featured_media":0,"parent":0,"menu_order":0,"comment_status":"closed","ping_status":"closed","template":"","meta":{"footnotes":""},"class_list":["post-839","page","type-page","status-publish","hentry","description-off"],"aioseo_notices":[],"_links":{"self":[{"href":"https:\/\/md.rcm.upr.edu\/surgery\/wp-json\/wp\/v2\/pages\/839","targetHints":{"allow":["GET"]}}],"collection":[{"href":"https:\/\/md.rcm.upr.edu\/surgery\/wp-json\/wp\/v2\/pages"}],"about":[{"href":"https:\/\/md.rcm.upr.edu\/surgery\/wp-json\/wp\/v2\/types\/page"}],"author":[{"embeddable":true,"href":"https:\/\/md.rcm.upr.edu\/surgery\/wp-json\/wp\/v2\/users\/18"}],"replies":[{"embeddable":true,"href":"https:\/\/md.rcm.upr.edu\/surgery\/wp-json\/wp\/v2\/comments?post=839"}],"version-history":[{"count":0,"href":"https:\/\/md.rcm.upr.edu\/surgery\/wp-json\/wp\/v2\/pages\/839\/revisions"}],"wp:attachment":[{"href":"https:\/\/md.rcm.upr.edu\/surgery\/wp-json\/wp\/v2\/media?parent=839"}],"curies":[{"name":"wp","href":"https:\/\/api.w.org\/{rel}","templated":true}]}}