{"id":32,"date":"2014-07-10T18:23:55","date_gmt":"2014-07-10T18:23:55","guid":{"rendered":"http:\/\/md.rcm.upr.edu\/urology\/?page_id=32"},"modified":"2026-02-24T13:28:48","modified_gmt":"2026-02-24T13:28:48","slug":"residents","status":"publish","type":"page","link":"https:\/\/md.rcm.upr.edu\/urology\/residents\/","title":{"rendered":"Residents"},"content":{"rendered":"<div class=\"wpb-content-wrapper\"><p>[vc_row type=&#8221;vc_default&#8221;][vc_column][vc_empty_space][\/vc_column][\/vc_row][vc_row type=&#8221;vc_default&#8221;][vc_column][vc_single_image image=&#8221;921&#8243; img_size=&#8221;full&#8221; alignment=&#8221;center&#8221; css=&#8221;&#8221;][vc_column_text css=&#8221;&#8221;]<\/p>\n<p style=\"text-align: center;\">Urology residents 2024-2025<\/p>\n<p>[\/vc_column_text][\/vc_column][\/vc_row][vc_row][vc_column][vc_column_text css=&#8221;&#8221;]<\/p>\n<h3><strong>Residents 2025-2026 <\/strong><\/h3>\n<p>Dr. Claudia I. Bernaschina Rivera, PGY-5<\/p>\n<p>Dr. Marcos R. P\u00e9rez March\u00e1n, PGY-5<\/p>\n<p>Dr. Francisco Baralt Nazario, PGY-4<\/p>\n<p>Dr. Jos\u00e9 O. Figueroa D\u00edaz, PGY-4<\/p>\n<p>Dr. Jan C. V\u00e1zquez Rodr\u00edguez, PGY-4<\/p>\n<p>Dr. Jos\u00e9 A. Cordero Pacheco, PGY-3<\/p>\n<p>Dr. Lara S. Oliver Torres, PGY-3<\/p>\n<p>Dr. N\u00e9stor F. Suria Cordero, PGY-3<\/p>\n<p>Dr. Sebasti\u00e1n F. Estarellas Cobi\u00e1n, PGY-2<\/p>\n<p>Dr. Valeria M. Gonz\u00e1lez Albino, PGY-2<\/p>\n<p>Dr. Laura F. Rodr\u00edguez Fern\u00e1ndez, PGY-2<\/p>\n<p>Dr. Alexandra I. L\u00f3pez Chaim, PGY-1<\/p>\n<p>Dr. Manuel J. Pizarro Mondesir, PGY-1<\/p>\n<p>Dr. Roc\u00edo K. Vega Rom\u00e1n, PGY-1[\/vc_column_text][\/vc_column][\/vc_row]<\/p>\n<\/div>","protected":false},"excerpt":{"rendered":"<p>[vc_row type=&#8221;vc_default&#8221;][vc_column][vc_empty_space][\/vc_column][\/vc_row][vc_row type=&#8221;vc_default&#8221;][vc_column][vc_single_image image=&#8221;921&#8243; img_size=&#8221;full&#8221; alignment=&#8221;center&#8221; css=&#8221;&#8221;][vc_column_text css=&#8221;&#8221;] Urology residents 2024-2025 [\/vc_column_text][\/vc_column][\/vc_row][vc_row][vc_column][vc_column_text css=&#8221;&#8221;] Residents 2025-2026 Dr. Claudia I. Bernaschina Rivera, PGY-5 Dr. Marcos R. P\u00e9rez March\u00e1n, PGY-5 Dr. Francisco Baralt Nazario, PGY-4 Dr. Jos\u00e9 O. Figueroa D\u00edaz, PGY-4 Dr. Jan C. V\u00e1zquez Rodr\u00edguez, PGY-4 Dr. Jos\u00e9 A. Cordero Pacheco, PGY-3 Dr. Lara S. Oliver Torres,&hellip;<\/p>\n","protected":false},"author":1,"featured_media":0,"parent":0,"menu_order":0,"comment_status":"closed","ping_status":"closed","template":"","meta":{"footnotes":""},"class_list":["post-32","page","type-page","status-publish","hentry","description-off"],"aioseo_notices":[],"_links":{"self":[{"href":"https:\/\/md.rcm.upr.edu\/urology\/wp-json\/wp\/v2\/pages\/32","targetHints":{"allow":["GET"]}}],"collection":[{"href":"https:\/\/md.rcm.upr.edu\/urology\/wp-json\/wp\/v2\/pages"}],"about":[{"href":"https:\/\/md.rcm.upr.edu\/urology\/wp-json\/wp\/v2\/types\/page"}],"author":[{"embeddable":true,"href":"https:\/\/md.rcm.upr.edu\/urology\/wp-json\/wp\/v2\/users\/1"}],"replies":[{"embeddable":true,"href":"https:\/\/md.rcm.upr.edu\/urology\/wp-json\/wp\/v2\/comments?post=32"}],"version-history":[{"count":5,"href":"https:\/\/md.rcm.upr.edu\/urology\/wp-json\/wp\/v2\/pages\/32\/revisions"}],"predecessor-version":[{"id":926,"href":"https:\/\/md.rcm.upr.edu\/urology\/wp-json\/wp\/v2\/pages\/32\/revisions\/926"}],"wp:attachment":[{"href":"https:\/\/md.rcm.upr.edu\/urology\/wp-json\/wp\/v2\/media?parent=32"}],"curies":[{"name":"wp","href":"https:\/\/api.w.org\/{rel}","templated":true}]}}