{"id":36,"date":"2014-07-10T18:33:07","date_gmt":"2014-07-10T18:33:07","guid":{"rendered":"http:\/\/md.rcm.upr.edu\/urology\/?page_id=36"},"modified":"2026-01-27T14:12:00","modified_gmt":"2026-01-27T14:12:00","slug":"past-residents","status":"publish","type":"page","link":"https:\/\/md.rcm.upr.edu\/urology\/past-residents\/","title":{"rendered":"Past Residents"},"content":{"rendered":"<div class=\"wpb-content-wrapper\"><p>[vc_row][vc_column][vc_column_text css=&#8221;&#8221;]<strong>2025<\/strong><\/p>\n<p>Mario O. Garc\u00eda Bruckman, MD<\/p>\n<p>Esteban M. Tresgallo Par\u00e9s, MD<\/p>\n<p><strong>2024<\/strong><\/p>\n<p>Carlos A. Rivera L\u00f3pez, MD<\/p>\n<p>Fellowship:\u00a0 Urology Oncology<\/p>\n<p>John Kopkins University<\/p>\n<p>Camille Torres Cintr\u00f3n, MD<\/p>\n<p>Fellowship: Reconstructive Urology<\/p>\n<p>Mount Sinai New York<\/p>\n<p><strong>2023<\/strong><\/p>\n<p>Fernando Arroyo Gonz\u00e1lez, MD<\/p>\n<p>Ariana G. L\u00f3pez Garc\u00eda, MD<\/p>\n<p><strong>2022<\/strong><\/p>\n<p>Kermith Ayala Mu\u00f1iz, MD<\/p>\n<p>Jerry Echevarr\u00eda M\u00e9ndez, MD<\/p>\n<p>Andr\u00e9s P\u00e9rez Rom\u00e1n, MD<\/p>\n<p><strong>2021<\/strong><\/p>\n<p>Patricia N. Maymi Castrodad, MD<\/p>\n<p>Fellowship: Female Pelvic Medicine &amp; Reconstructive Surgery<\/p>\n<p>University of Michigan<\/p>\n<p>Francois Soto Palou, MD<\/p>\n<p>Fellowship: Endourology and Robotic\/Laparoscopic Surgery<\/p>\n<p>Duke University<\/p>\n<p><strong>2020<\/strong><\/p>\n<p>Ramphis A. Morales L\u00f3pez, MD<\/p>\n<p>Fellowship: Reconstructive Urology<\/p>\n<p>Temple University<\/p>\n<p>Vincent X. Rodr\u00edguez Bury, MD<\/p>\n<p><strong>2019<\/strong><\/p>\n<p>Ra\u00fal Fern\u00e1ndez Crespo, MD<\/p>\n<p>Fellowship: Sexual Medicine<\/p>\n<p>University of South Florida<\/p>\n<p>Vanessa Ortiz Hern\u00e1ndez, MD<\/p>\n<p>Fellowship: Pediatric Urology<\/p>\n<p>University of Tennessee Health Science Center<\/p>\n<p><strong>2018<\/strong><\/p>\n<p>Jos\u00e9 A. Saavedra Belaunde, MD<\/p>\n<p>Fellowship:\u00a0 Sexual Medicine<\/p>\n<p>University of Texas &amp; MD Anderson Center Cancer Center<\/p>\n<p><strong>2017<\/strong><\/p>\n<p>Ceciliana De Andino De Jes\u00fas, MD<\/p>\n<p>Wilson Rovira Pe\u00f1a, MD<\/p>\n<p>Fellowhip:\u00a0 St. Elizabeth\u2019s Medical Center Robotics Program<\/p>\n<p><strong>2016<\/strong><\/p>\n<p>Juan M. Guzm\u00e1n Negr\u00f3n, MD<\/p>\n<p>Eduardo Hern\u00e1ndez Cardona, MD<\/p>\n<p><strong>2015<\/strong><\/p>\n<p>Norman E. Col\u00f3n Casanovas, MD<\/p>\n<p>Daniel S. Hoffman Rembalsky, MD<\/p>\n<p>Omar E. Soto Avil\u00e9s, MD<\/p>\n<p><strong>2014<\/strong><\/p>\n<p>Javier Castillo Ortiz, MD<\/p>\n<p>Jos\u00e9 E. Silva Rivera, MD<\/p>\n<p><strong>2013<\/strong><\/p>\n<p>Luis M. Mu\u00f1iz Col\u00f3n, MD<\/p>\n<p><strong>2012<\/strong><\/p>\n<p>N\u00e9stor E. Amador Chac\u00f3n, MD<\/p>\n<p>Manuel O. Cruz D\u00edaz, MD<\/p>\n<p><strong>2011<\/strong><\/p>\n<p>Ronald G. Cadillo Ch\u00e1vez, MD<\/p>\n<p>Javier E. Col\u00f3n Irizarry, MD<\/p>\n<p><strong>2010<\/strong><\/p>\n<p>Norman De La Rosa Jim\u00e9nez, MD<\/p>\n<p>Gil J. Nieves Latimer, MD<\/p>\n<p><strong>2009<\/strong><\/p>\n<p>Rafael Bouet Blasini, MD<\/p>\n<p>Arturo Col\u00f3n Herdman, MD<\/p>\n<p><strong>2008<\/strong><\/p>\n<p>H\u00e9ctor L. L\u00f3pez Huertas, MD<\/p>\n<p>Omar Ortiz Alvarado, MD<\/p>\n<p><strong>2007<\/strong><\/p>\n<p>Alex M. Acosta Miranda, MD<\/p>\n<p>Jos\u00e9 Fournier Rebollo, MD<\/p>\n<p><strong>2006<\/strong><\/p>\n<p>Alberto J. Ram\u00edrez L\u00f3pez, MD<\/p>\n<p>William Rom\u00e1n Torreguitart, MD<\/p>\n<p><strong>2005<\/strong><\/p>\n<p>Leonel E. Guerrero Rodr\u00edguez, MD<\/p>\n<p>Ram\u00f3n Ramos Cartagena, MD<\/p>\n<p><strong>2004<\/strong><\/p>\n<p>Damian Portela, MD<\/p>\n<p>Jos\u00e9 A. Maymi Rivera, MD<\/p>\n<p><strong>2003<\/strong><\/p>\n<p>Luis R. Ambert Valderrama, MD<\/p>\n<p>Ricardo J. Saad\u00e9, MD<\/p>\n<p><strong>2002<\/strong><\/p>\n<p>Alvin L\u00f3pez Pujals, MD<\/p>\n<p>Freddy R. M\u00e9ndez Torres, MD<\/p>\n<p><strong>2001<\/strong><\/p>\n<p>Luis G. B\u00e1ez Trinidad, MD<\/p>\n<p>Miguel E. Sosa Portillo, MD<\/p>\n<p><strong>2000<\/strong><\/p>\n<p>No hubo graduaci\u00f3n porque se extendi\u00f3 el programa a cuatro (4) a\u00f1os.<\/p>\n<p><strong>1999<\/strong><\/p>\n<p>Richard B\u00e1ez Tellado, MD<\/p>\n<p>Elizabeth Perazza Valentin, MD<\/p>\n<p><strong>1998<\/strong><\/p>\n<p>Claudio P. Bernaschina Bobadilla, MD<\/p>\n<p>Lourdes Guerrios, MD<\/p>\n<p><strong>1997<\/strong><\/p>\n<p>V\u00edctor Arroyo, MD<\/p>\n<p>Marcial Walker Ballester, MD<\/p>\n<p><strong>1996<\/strong><\/p>\n<p>Raymond J. Chaloka, MD<\/p>\n<p>Allan Torres, MD<\/p>\n<p><strong>1995<\/strong><\/p>\n<p>H\u00e9ctor A. Cardona Doble, MD<\/p>\n<p>Inoel Rivera Ram\u00edrez, MD<\/p>\n<p><strong>1994<\/strong><\/p>\n<p>Ra\u00fal M. Arroyo Rosario, MD<\/p>\n<p>Gabriel J. Miranda Ram\u00edrez, MD<\/p>\n<p><strong>1993<\/strong><\/p>\n<p>Luis E. Chinea Rivera, MD<\/p>\n<p>Jorge L. Rivera Herrera, MD<\/p>\n<p><strong>1992<\/strong><\/p>\n<p>Juan N. Otheguy, MD<\/p>\n<p>Carlos Rodr\u00edguez L\u00f3pez, MD<\/p>\n<p><strong>1991<\/strong><\/p>\n<p>H\u00e9ctor Rodr\u00edguez Bl\u00e1zquez, MD<\/p>\n<p>Luis Viera Cab\u00e1n, MD<\/p>\n<p><strong>1990<\/strong><\/p>\n<p>Jos\u00e9 Allende V\u00e1zquez, MD<\/p>\n<p>Jes\u00fas Nieves Reino, MD<\/p>\n<p>Jorge Rivera Jim\u00e9nez, MD<\/p>\n<p><strong>1989<\/strong><\/p>\n<p>Miguel A. Alvarez, MD<\/p>\n<p>Jorge Crespo, MD<\/p>\n<p>F\u00e9lix Mendoza Rosa, MD<\/p>\n<p><strong>1988<\/strong><\/p>\n<p>Benedicto Col\u00f3n, MD<\/p>\n<p>Pedro Piquer, MD<\/p>\n<p><strong>1987<\/strong><\/p>\n<p>Carmen M. Cabrera Beauchamp, MD<\/p>\n<p>Pablo Cardona Doble, MD<\/p>\n<p>Rafael Carrillo Carambot, MD<\/p>\n<p><strong>1986<\/strong><\/p>\n<p>An\u00edbal Carlo, MD<\/p>\n<p>Jos\u00e9 Nieves Ortega, MD<\/p>\n<p>Roberto V\u00e1zquez, MD<\/p>\n<p><strong>1985<\/strong><\/p>\n<p>Arturo D\u00edaz, MD<\/p>\n<p>Jos\u00e9 Maymi, MD<\/p>\n<p>H\u00e9ctor Ortiz, MD<\/p>\n<p>Jos\u00e9 S\u00e1nchez, MD<\/p>\n<p><strong>1984<\/strong><\/p>\n<p>Pablo Defendini, MD<\/p>\n<p>Milton Morales, MD<\/p>\n<p>Timoteo Torres Santiago, MD<\/p>\n<p><strong>1983<\/strong><\/p>\n<p>Jos\u00e9 Castro D\u00edaz, MD<\/p>\n<p>H\u00e9ctor Cordero, MD<\/p>\n<p>Pablo Ortiz Cerezo, MD<\/p>\n<p>Marjorie Ramos, MD<\/p>\n<p><strong>1982<\/strong><\/p>\n<p>Zenaida D\u00edaz, MD<\/p>\n<p>Benjam\u00edn P\u00e9rez Soto, MD<\/p>\n<p>Ram\u00f3n Sep\u00falveda Abreu, MD<\/p>\n<p>Antonio Sotolongo, MD<\/p>\n<p><strong>1981<\/strong><\/p>\n<p>Roberto J. Canto Marti, MD<\/p>\n<p>Jos\u00e9 Guzm\u00e1n Virella, MD<\/p>\n<p>Benigno Rodr\u00edguez Campos, MD<\/p>\n<p><strong>1980<\/strong><\/p>\n<p>Jos\u00e9 N\u00fa\u00f1ez Corrada, MD<\/p>\n<p>David Rodr\u00edguez, MD<\/p>\n<p>Wilmar Rodr\u00edguez, MD<\/p>\n<p>Albert V\u00e1zquez Lugo, MD<\/p>\n<p><strong>1979<\/strong><\/p>\n<p>Juan Col\u00f3n Rivera, MD<\/p>\n<p>Tom\u00e1s De Jes\u00fas, MD<\/p>\n<p>Wilfredo L\u00f3pez, MD<\/p>\n<p>Edwin Maeso, MD<\/p>\n<p>Antonio Yuli\u00e1n Valent\u00edn, MD<\/p>\n<p><strong>1978<\/strong><\/p>\n<p>Francisco Cap\u00f3, MD<\/p>\n<p>Carlos Fabi\u00e1n, MD<\/p>\n<p>Miguel Lugo R\u00edos, MD<\/p>\n<p>\u00c1ngel Malav\u00e9, MD<\/p>\n<p>Antonio Puras B\u00e1ez, MD<\/p>\n<p><strong>1977<\/strong><\/p>\n<p>N\u00e9stor Amador Oyola, MD<\/p>\n<p>Juan Iturregui Pag\u00e1n, MD<\/p>\n<p>Julio Osorio Enriquez, MD<\/p>\n<p>Ram\u00f3n Rodr\u00edguez Rivas, MD<\/p>\n<p>Luis Torres Zayas, MD<\/p>\n<p><strong>1976<\/strong><\/p>\n<p>Juan Candamo, MD<\/p>\n<p>Alfonso Garc\u00eda Romerin, MD<\/p>\n<p>Arqu\u00edmedes Losada, MD<\/p>\n<p>Juan Rodr\u00edguez De Le\u00f3n, MD<\/p>\n<p><strong>1975<\/strong><\/p>\n<p>Jos\u00e9 Gerena, MD<\/p>\n<p>Telesforo G\u00f3mez, MD<\/p>\n<p>Nelson Gonz\u00e1lez, MD<\/p>\n<p>Eileen M\u00e9ndez, MD<\/p>\n<p>Alberto Ram\u00edrez Costa, MD<\/p>\n<p><strong>1974<\/strong><\/p>\n<p>Alberto Carrillo Lemos, MD<\/p>\n<p>Antonio Del Toro, MD<\/p>\n<p>Juan I. Medina Torres, MD<\/p>\n<p>Ren\u00e9 Santiago Correa, MD<\/p>\n<p><strong>1973<\/strong><\/p>\n<p>Rafael Carrillo Rivera, MD<\/p>\n<p>Richard Machado, MD<\/p>\n<p>Luis Nieves Valle, MD<\/p>\n<p>Luis Rodr\u00edguez McKenzie, MD<\/p>\n<p>Luis Rodr\u00edguez Torres, MD<\/p>\n<p><strong>1972<\/strong><\/p>\n<p>Rub\u00e9n Cartagena, MD<\/p>\n<p>Jos\u00e9 Contreras, MD<\/p>\n<p>Eugenio Feo, MD<\/p>\n<p>Carlos Maestre, MD<\/p>\n<p><strong>1971<\/strong><\/p>\n<p>Carlos Acosta Jim\u00e9nez, MD<\/p>\n<p>Hugo Ben\u00edtez, MD<\/p>\n<p>H\u00e9ctor Rodr\u00edguez Segarra, MD<\/p>\n<p><strong>1970<\/strong><\/p>\n<p>Francis Dubocq, MD<\/p>\n<p>Francisco Fr\u00edas, MD<\/p>\n<p><strong>1969<\/strong><\/p>\n<p>Jorge Matta, MD<\/p>\n<p>Agust\u00edn Medina, MD<\/p>\n<p>Luis Rodr\u00edguez Negr\u00f3n, MD<\/p>\n<p>Juan Rodr\u00edguez Quiles, MD<\/p>\n<p><strong>1968<\/strong><\/p>\n<p>Sa\u00fal Monge, MD<\/p>\n<p>Miguel A. Su\u00e1rez, MD<\/p>\n<p><strong>1967<\/strong><\/p>\n<p>Fernando O. Recio, MD<\/p>\n<p>F\u00e9lix Rivera Bernard, MD<\/p>\n<p><strong>1965<\/strong><\/p>\n<p>Sa\u00fal Rodr\u00edguez Mel\u00f3n, MD<\/p>\n<p><strong>1963<\/strong><\/p>\n<p>\u00c1ngel L. Ayala, MD<\/p>\n<p><strong>1961<\/strong><\/p>\n<p>Gilberto Rodr\u00edguez, MD<\/p>\n<p><strong>1959<\/strong><\/p>\n<p>Bernardino Gonz\u00e1lez Flores, MD<\/p>\n<p><strong>1957<\/strong><\/p>\n<p>Roberto F. Fortu\u00f1o Carmona, MD<\/p>\n<p><strong>1956<\/strong><\/p>\n<p>Benigno Rodr\u00edguez Lucca, MD[\/vc_column_text][\/vc_column][\/vc_row]<\/p>\n<\/div>","protected":false},"excerpt":{"rendered":"<p>[vc_row][vc_column][vc_column_text css=&#8221;&#8221;]2025 Mario O. Garc\u00eda Bruckman, MD Esteban M. Tresgallo Par\u00e9s, MD 2024 Carlos A. Rivera L\u00f3pez, MD Fellowship:\u00a0 Urology Oncology John Kopkins University Camille Torres Cintr\u00f3n, MD Fellowship: Reconstructive Urology Mount Sinai New York 2023 Fernando Arroyo Gonz\u00e1lez, MD Ariana G. L\u00f3pez Garc\u00eda, MD 2022 Kermith Ayala Mu\u00f1iz, MD Jerry Echevarr\u00eda M\u00e9ndez, MD Andr\u00e9s&hellip;<\/p>\n","protected":false},"author":1,"featured_media":0,"parent":0,"menu_order":0,"comment_status":"closed","ping_status":"closed","template":"","meta":{"footnotes":""},"class_list":["post-36","page","type-page","status-publish","hentry","description-off"],"aioseo_notices":[],"_links":{"self":[{"href":"https:\/\/md.rcm.upr.edu\/urology\/wp-json\/wp\/v2\/pages\/36","targetHints":{"allow":["GET"]}}],"collection":[{"href":"https:\/\/md.rcm.upr.edu\/urology\/wp-json\/wp\/v2\/pages"}],"about":[{"href":"https:\/\/md.rcm.upr.edu\/urology\/wp-json\/wp\/v2\/types\/page"}],"author":[{"embeddable":true,"href":"https:\/\/md.rcm.upr.edu\/urology\/wp-json\/wp\/v2\/users\/1"}],"replies":[{"embeddable":true,"href":"https:\/\/md.rcm.upr.edu\/urology\/wp-json\/wp\/v2\/comments?post=36"}],"version-history":[{"count":2,"href":"https:\/\/md.rcm.upr.edu\/urology\/wp-json\/wp\/v2\/pages\/36\/revisions"}],"predecessor-version":[{"id":920,"href":"https:\/\/md.rcm.upr.edu\/urology\/wp-json\/wp\/v2\/pages\/36\/revisions\/920"}],"wp:attachment":[{"href":"https:\/\/md.rcm.upr.edu\/urology\/wp-json\/wp\/v2\/media?parent=36"}],"curies":[{"name":"wp","href":"https:\/\/api.w.org\/{rel}","templated":true}]}}